{"id":9989,"date":"2025-05-05T17:33:40","date_gmt":"2025-05-05T15:33:40","guid":{"rendered":"https:\/\/belenzotano.com\/bz\/?post_type=product&#038;p=9989"},"modified":"2025-05-26T13:59:31","modified_gmt":"2025-05-26T11:59:31","slug":"culetin-nina-tropico","status":"publish","type":"product","link":"https:\/\/belenzotano.com\/bz\/producto\/culetin-nina-tropico\/","title":{"rendered":"Culet\u00edn ni\u00f1a Tr\u00f3pico"},"content":{"rendered":"<p>Culet\u00edn ni\u00f1a Colecci\u00f3n Tr\u00f3pico.<\/p>\n<p>Culet\u00edn en estampado Tr\u00f3pico con laterales color Verde Esmeralda. <\/p>\n<p>Esta Colecci\u00f3n la tenemos para toda la familia.<\/p>\n<p>Todos nuestros ba\u00f1adores est\u00e1n confeccionados artesanalmente en Espa\u00f1a.<\/p>\n<p>Cuidamos hasta el m\u00e1s m\u00ednimo detalle, haciendo de su Calidad y Dise\u00f1o sean \u00fanicos en el mercado.<\/p>\n<p>Si quieres que te asesoremos con tallas, o cualquier otra consulta, escr\u00edbenos y te ayudaremos.<\/p>\n<p>COMPOSICI\u00d3N:<\/p>\n<p>90%PA 10% EA.<\/p>\n","protected":false},"excerpt":{"rendered":"<p>Culet\u00edn ni\u00f1a Colecci\u00f3n Tr\u00f3pico.<\/p>\n","protected":false},"featured_media":9999,"comment_status":"open","ping_status":"closed","template":"","meta":{"_joinchat":[]},"product_brand":[],"product_cat":[464,569,26,44,294,429],"product_tag":[249,548,247,335],"class_list":{"0":"post-9989","1":"product","2":"type-product","3":"status-publish","4":"has-post-thumbnail","6":"product_cat-bano-nina","7":"product_cat-coleccion-tropico","8":"product_cat-tienda-bano","9":"product_cat-bikinis-para-ninas-belen-zotano","10":"product_cat-bikinis-banadores-ninas","11":"product_cat-nueva-coleccion","12":"product_tag-bikinis-ninas","13":"product_tag-culetin-fluor","14":"product_tag-culetin-nina","15":"product_tag-nina","16":"pa_coleccion-coleccion-tropico","17":"pa_tallas-banadores-448","18":"pa_tallas-banadores-454","19":"pa_tallas-banadores-449","20":"pa_tallas-banadores-450","21":"pa_tallas-banadores-451","22":"pa_tallas-banadores-452","24":"first","25":"instock","26":"taxable","27":"shipping-taxable","28":"purchasable","29":"product-type-variable"},"_links":{"self":[{"href":"https:\/\/belenzotano.com\/bz\/wp-json\/wp\/v2\/product\/9989","targetHints":{"allow":["GET"]}}],"collection":[{"href":"https:\/\/belenzotano.com\/bz\/wp-json\/wp\/v2\/product"}],"about":[{"href":"https:\/\/belenzotano.com\/bz\/wp-json\/wp\/v2\/types\/product"}],"replies":[{"embeddable":true,"href":"https:\/\/belenzotano.com\/bz\/wp-json\/wp\/v2\/comments?post=9989"}],"wp:featuredmedia":[{"embeddable":true,"href":"https:\/\/belenzotano.com\/bz\/wp-json\/wp\/v2\/media\/9999"}],"wp:attachment":[{"href":"https:\/\/belenzotano.com\/bz\/wp-json\/wp\/v2\/media?parent=9989"}],"wp:term":[{"taxonomy":"product_brand","embeddable":true,"href":"https:\/\/belenzotano.com\/bz\/wp-json\/wp\/v2\/product_brand?post=9989"},{"taxonomy":"product_cat","embeddable":true,"href":"https:\/\/belenzotano.com\/bz\/wp-json\/wp\/v2\/product_cat?post=9989"},{"taxonomy":"product_tag","embeddable":true,"href":"https:\/\/belenzotano.com\/bz\/wp-json\/wp\/v2\/product_tag?post=9989"}],"curies":[{"name":"wp","href":"https:\/\/api.w.org\/{rel}","templated":true}]}}