{"id":9952,"date":"2025-05-05T16:54:38","date_gmt":"2025-05-05T14:54:38","guid":{"rendered":"https:\/\/belenzotano.com\/bz\/?post_type=product&#038;p=9952"},"modified":"2025-05-05T22:28:11","modified_gmt":"2025-05-05T20:28:11","slug":"trikini-nina-tropico","status":"publish","type":"product","link":"https:\/\/belenzotano.com\/bz\/producto\/trikini-nina-tropico\/","title":{"rendered":"Bikini Ni\u00f1a Tr\u00f3pico"},"content":{"rendered":"<p>Bikini ni\u00f1a Colecci\u00f3n Tr\u00f3pico.<\/p>\n<p>Bikini Estampado Tr\u00f3pico, tirantas y laterales bragas verde Esmeralda.<\/p>\n<p>Esta colecci\u00f3n la tenemos para toda la familia.<\/p>\n<p>Todos nuestros ba\u00f1adores est\u00e1n confeccionados artesanalmente en Espa\u00f1a.<\/p>\n<p>Cuidamos hasta el m\u00e1s m\u00ednimo detalle, haciendo de su Calidad y Dise\u00f1o sean \u00fanicos en el mercado.<\/p>\n<p>Si quieres que te asesoremos con tallas, o cualquier otra consulta, escr\u00edbenos y te ayudaremos.<\/p>\n<p>COMPOSICI\u00d3N:<\/p>\n<p>90%PA 10% EA<\/p>\n<p>&nbsp;<\/p>\n","protected":false},"excerpt":{"rendered":"<p>Bikini ni\u00f1a Colecci\u00f3n Tr\u00f3pico.<\/p>\n","protected":false},"featured_media":9973,"comment_status":"open","ping_status":"closed","template":"","meta":{"_joinchat":[]},"product_brand":[],"product_cat":[464,569,26,44,294,429],"product_tag":[555,256,254,257,253,168,554,553],"class_list":{"0":"post-9952","1":"product","2":"type-product","3":"status-publish","4":"has-post-thumbnail","6":"product_cat-bano-nina","7":"product_cat-coleccion-tropico","8":"product_cat-tienda-bano","9":"product_cat-bikinis-para-ninas-belen-zotano","10":"product_cat-bikinis-banadores-ninas","11":"product_cat-nueva-coleccion","12":"product_tag-banador-fluor","13":"product_tag-banador-nina","14":"product_tag-banadores-iguales","15":"product_tag-banadores-malaga","16":"product_tag-banadores-para-toda-la-familia","17":"product_tag-belen-zotano","18":"product_tag-trikini-fluor","19":"product_tag-trikini-nina","20":"pa_coleccion-coleccion-tropico","21":"pa_tallas-banadores-453","22":"pa_tallas-banadores-454","23":"pa_tallas-banadores-455","24":"pa_tallas-banadores-451","25":"pa_tallas-banadores-452","27":"first","28":"instock","29":"taxable","30":"shipping-taxable","31":"purchasable","32":"product-type-variable"},"_links":{"self":[{"href":"https:\/\/belenzotano.com\/bz\/wp-json\/wp\/v2\/product\/9952","targetHints":{"allow":["GET"]}}],"collection":[{"href":"https:\/\/belenzotano.com\/bz\/wp-json\/wp\/v2\/product"}],"about":[{"href":"https:\/\/belenzotano.com\/bz\/wp-json\/wp\/v2\/types\/product"}],"replies":[{"embeddable":true,"href":"https:\/\/belenzotano.com\/bz\/wp-json\/wp\/v2\/comments?post=9952"}],"wp:featuredmedia":[{"embeddable":true,"href":"https:\/\/belenzotano.com\/bz\/wp-json\/wp\/v2\/media\/9973"}],"wp:attachment":[{"href":"https:\/\/belenzotano.com\/bz\/wp-json\/wp\/v2\/media?parent=9952"}],"wp:term":[{"taxonomy":"product_brand","embeddable":true,"href":"https:\/\/belenzotano.com\/bz\/wp-json\/wp\/v2\/product_brand?post=9952"},{"taxonomy":"product_cat","embeddable":true,"href":"https:\/\/belenzotano.com\/bz\/wp-json\/wp\/v2\/product_cat?post=9952"},{"taxonomy":"product_tag","embeddable":true,"href":"https:\/\/belenzotano.com\/bz\/wp-json\/wp\/v2\/product_tag?post=9952"}],"curies":[{"name":"wp","href":"https:\/\/api.w.org\/{rel}","templated":true}]}}