{"id":9946,"date":"2025-05-05T16:48:09","date_gmt":"2025-05-05T14:48:09","guid":{"rendered":"https:\/\/belenzotano.com\/bz\/?post_type=product&#038;p=9946"},"modified":"2025-05-26T14:39:23","modified_gmt":"2025-05-26T12:39:23","slug":"banador-nino-tropico","status":"publish","type":"product","link":"https:\/\/belenzotano.com\/bz\/producto\/banador-nino-tropico\/","title":{"rendered":"Ba\u00f1ador Ni\u00f1o Plumas"},"content":{"rendered":"<p>Ba\u00f1ador ni\u00f1o Colecci\u00f3n Plumas.<\/p>\n<p>Ba\u00f1ador ni\u00f1o estampado Plumas y cord\u00f3n en color Amarillo Fluor.<\/p>\n<p>Esta Colecci\u00f3n la tenemos para Toda la Familia.<\/p>\n<p>Secado r\u00e1pido.<\/p>\n<p>Todos nuestros ba\u00f1adores est\u00e1n confeccionados artesanalmente en Espa\u00f1a.<\/p>\n<p>Cuidamos hasta el m\u00e1s m\u00ednimo detalle, haciendo de su Calidad y Dise\u00f1o sean \u00fanicos en el mercado.<\/p>\n<p>Si quieres que te asesoremos con tallas, o cualquier otra consulta, escr\u00edbenos y te ayudaremos.<\/p>\n<p>COMPOSICI\u00d3N:<\/p>\n<p>100% Poliester.<\/p>\n<p>&nbsp;<\/p>\n","protected":false},"excerpt":{"rendered":"<p>Ba\u00f1ador ni\u00f1o Plumas.<\/p>\n<p><a href=\"https:\/\/belenzotano.com\/bz\/guia-de-tallas\/\"><img loading=\"lazy\" decoding=\"async\" class=\"alignnone wp-image-770\" src=\"https:\/\/belenzotano.com\/bz\/wp-content\/uploads\/2019\/01\/boton-tallas.png\" alt=\"\" width=\"204\" height=\"57\" \/><\/a><\/p>\n","protected":false},"featured_media":10245,"comment_status":"open","ping_status":"closed","template":"","meta":{"_joinchat":[]},"product_brand":[],"product_cat":[571,26,462,43,293,429],"product_tag":[562,511,558,560,561,559],"class_list":{"0":"post-9946","1":"product","2":"type-product","3":"status-publish","4":"has-post-thumbnail","6":"product_cat-coleccion-plumas","7":"product_cat-tienda-bano","8":"product_cat-bano-nino","9":"product_cat-banadores-para-ninos-belen-zotano","10":"product_cat-banadores-ninos","11":"product_cat-nueva-coleccion","12":"product_tag-banador-comecocos","13":"product_tag-banador-nino","14":"product_tag-banador-nino-fluor","15":"product_tag-banadores-a-juegos","16":"product_tag-comecocos","17":"product_tag-papas-e-hijos","18":"pa_coleccion-coleccion-plumas","19":"pa_tallas-banadores-453","20":"pa_tallas-banadores-454","21":"pa_tallas-banadores-455","22":"pa_tallas-banadores-452","24":"first","25":"instock","26":"taxable","27":"shipping-taxable","28":"purchasable","29":"product-type-variable"},"_links":{"self":[{"href":"https:\/\/belenzotano.com\/bz\/wp-json\/wp\/v2\/product\/9946","targetHints":{"allow":["GET"]}}],"collection":[{"href":"https:\/\/belenzotano.com\/bz\/wp-json\/wp\/v2\/product"}],"about":[{"href":"https:\/\/belenzotano.com\/bz\/wp-json\/wp\/v2\/types\/product"}],"replies":[{"embeddable":true,"href":"https:\/\/belenzotano.com\/bz\/wp-json\/wp\/v2\/comments?post=9946"}],"wp:featuredmedia":[{"embeddable":true,"href":"https:\/\/belenzotano.com\/bz\/wp-json\/wp\/v2\/media\/10245"}],"wp:attachment":[{"href":"https:\/\/belenzotano.com\/bz\/wp-json\/wp\/v2\/media?parent=9946"}],"wp:term":[{"taxonomy":"product_brand","embeddable":true,"href":"https:\/\/belenzotano.com\/bz\/wp-json\/wp\/v2\/product_brand?post=9946"},{"taxonomy":"product_cat","embeddable":true,"href":"https:\/\/belenzotano.com\/bz\/wp-json\/wp\/v2\/product_cat?post=9946"},{"taxonomy":"product_tag","embeddable":true,"href":"https:\/\/belenzotano.com\/bz\/wp-json\/wp\/v2\/product_tag?post=9946"}],"curies":[{"name":"wp","href":"https:\/\/api.w.org\/{rel}","templated":true}]}}