{"id":9378,"date":"2024-05-14T21:57:29","date_gmt":"2024-05-14T19:57:29","guid":{"rendered":"https:\/\/belenzotano.com\/bz\/?post_type=product&#038;p=9378"},"modified":"2026-02-27T11:59:42","modified_gmt":"2026-02-27T10:59:42","slug":"braga-mujer-amarillo-fluor","status":"publish","type":"product","link":"https:\/\/belenzotano.com\/bz\/producto\/braga-mujer-amarillo-fluor\/","title":{"rendered":"Braga Mujer  Amarillo Fl\u00faor"},"content":{"rendered":"<p>Favorecedora Braga Mujer Amarillo Fl\u00faor .<\/p>\n<p>Parte trasera rizada, con lazos laterales en Rosa Fl\u00faor.<\/p>\n<p>Se venden sueltas las partes de abajo y la puedes combinar con la parte de arriba que m\u00e1s te guste.<\/p>\n<p>Todos nuestros ba\u00f1adores est\u00e1n confeccionados artesanalmente en Espa\u00f1a.<\/p>\n<p>Cuidamos hasta el m\u00e1s m\u00ednimo detalle, haciendo de su Calidad y Dise\u00f1o sean \u00fanicos en el mercado.<\/p>\n<p>Si quieres que te asesoremos con tallas, o cualquier otra consulta, escr\u00edbenos y te ayudaremos.<\/p>\n<p>COMPOSICI\u00d3N:<\/p>\n<p>90% PA 10% EA<\/p>\n<p>LAVADO: A mano.<\/p>\n<p>&nbsp;<\/p>\n","protected":false},"excerpt":{"rendered":"<p>Braga Mujer Fl\u00faor.<\/p>\n","protected":false},"featured_media":9569,"comment_status":"open","ping_status":"closed","template":"","meta":{"_joinchat":[]},"product_brand":[],"product_cat":[564,26,79],"product_tag":[253,349,346,274,161,354,126],"class_list":{"0":"post-9378","1":"product","2":"type-product","3":"status-publish","4":"has-post-thumbnail","6":"product_cat-coleccion-amarillo-fluor","7":"product_cat-tienda-bano","8":"product_cat-bikinis-mujer-banadores","9":"product_tag-banadores-para-toda-la-familia","10":"product_tag-bikini","11":"product_tag-bikini-mujer-original-exclusivo-para-toda-la-familia","12":"product_tag-bikinis-mujer","13":"product_tag-exclusivo","14":"product_tag-mujer","15":"product_tag-original","16":"pa_coleccion-amarillo-fluor","17":"pa_tallas-banadores-l","18":"pa_tallas-banadores-m","20":"first","21":"instock","22":"taxable","23":"shipping-taxable","24":"purchasable","25":"product-type-variable"},"_links":{"self":[{"href":"https:\/\/belenzotano.com\/bz\/wp-json\/wp\/v2\/product\/9378","targetHints":{"allow":["GET"]}}],"collection":[{"href":"https:\/\/belenzotano.com\/bz\/wp-json\/wp\/v2\/product"}],"about":[{"href":"https:\/\/belenzotano.com\/bz\/wp-json\/wp\/v2\/types\/product"}],"replies":[{"embeddable":true,"href":"https:\/\/belenzotano.com\/bz\/wp-json\/wp\/v2\/comments?post=9378"}],"wp:featuredmedia":[{"embeddable":true,"href":"https:\/\/belenzotano.com\/bz\/wp-json\/wp\/v2\/media\/9569"}],"wp:attachment":[{"href":"https:\/\/belenzotano.com\/bz\/wp-json\/wp\/v2\/media?parent=9378"}],"wp:term":[{"taxonomy":"product_brand","embeddable":true,"href":"https:\/\/belenzotano.com\/bz\/wp-json\/wp\/v2\/product_brand?post=9378"},{"taxonomy":"product_cat","embeddable":true,"href":"https:\/\/belenzotano.com\/bz\/wp-json\/wp\/v2\/product_cat?post=9378"},{"taxonomy":"product_tag","embeddable":true,"href":"https:\/\/belenzotano.com\/bz\/wp-json\/wp\/v2\/product_tag?post=9378"}],"curies":[{"name":"wp","href":"https:\/\/api.w.org\/{rel}","templated":true}]}}