{"id":9369,"date":"2024-05-14T11:51:39","date_gmt":"2024-05-14T09:51:39","guid":{"rendered":"https:\/\/belenzotano.com\/bz\/?post_type=product&#038;p=9369"},"modified":"2024-05-16T21:06:13","modified_gmt":"2024-05-16T19:06:13","slug":"braga-mujer-reversible-amarillo-rosa-fluor","status":"publish","type":"product","link":"https:\/\/belenzotano.com\/bz\/producto\/braga-mujer-reversible-amarillo-rosa-fluor\/","title":{"rendered":"Braga Mujer  Reversible Amarillo\/Rosa Fl\u00faor"},"content":{"rendered":"<p>Favorecedora Braga Mujer reversible Amarillo Fl\u00faor\/ Rosa Fluor .<\/p>\n<p>Se venden sueltas las partes de abajo y la puedes combinar con la parte de arriba que m\u00e1s te guste.<\/p>\n<p>Todos nuestros ba\u00f1adores est\u00e1n confeccionados artesanalmente en Espa\u00f1a.<\/p>\n<p>Cuidamos hasta el m\u00e1s m\u00ednimo detalle, haciendo de su Calidad y Dise\u00f1o sean \u00fanicos en el mercado.<\/p>\n<p>Si quieres que te asesoremos con tallas, o cualquier otra consulta, escr\u00edbenos y te ayudaremos.<\/p>\n<p>COMPOSICI\u00d3N:<\/p>\n<p>90% PA 10% EA<\/p>\n<p>LAVADO: A mano.<\/p>\n<p>&nbsp;<\/p>\n","protected":false},"excerpt":{"rendered":"<p>Braga Mujer Reversible Fl\u00faor.<\/p>\n","protected":false},"featured_media":9456,"comment_status":"open","ping_status":"closed","template":"","meta":{"_joinchat":[]},"product_brand":[],"product_cat":[564,563,26,79],"product_tag":[253,349,346,274,161,354,126],"class_list":{"0":"post-9369","1":"product","2":"type-product","3":"status-publish","4":"has-post-thumbnail","6":"product_cat-coleccion-amarillo-fluor","7":"product_cat-coleccion-rosa-fluor","8":"product_cat-tienda-bano","9":"product_cat-bikinis-mujer-banadores","10":"product_tag-banadores-para-toda-la-familia","11":"product_tag-bikini","12":"product_tag-bikini-mujer-original-exclusivo-para-toda-la-familia","13":"product_tag-bikinis-mujer","14":"product_tag-exclusivo","15":"product_tag-mujer","16":"product_tag-original","17":"pa_coleccion-amarillo-fluor","18":"pa_tallas-banadores-l","19":"pa_tallas-banadores-m","20":"pa_tallas-banadores-s","22":"first","23":"instock","24":"taxable","25":"shipping-taxable","26":"purchasable","27":"product-type-variable"},"_links":{"self":[{"href":"https:\/\/belenzotano.com\/bz\/wp-json\/wp\/v2\/product\/9369","targetHints":{"allow":["GET"]}}],"collection":[{"href":"https:\/\/belenzotano.com\/bz\/wp-json\/wp\/v2\/product"}],"about":[{"href":"https:\/\/belenzotano.com\/bz\/wp-json\/wp\/v2\/types\/product"}],"replies":[{"embeddable":true,"href":"https:\/\/belenzotano.com\/bz\/wp-json\/wp\/v2\/comments?post=9369"}],"wp:featuredmedia":[{"embeddable":true,"href":"https:\/\/belenzotano.com\/bz\/wp-json\/wp\/v2\/media\/9456"}],"wp:attachment":[{"href":"https:\/\/belenzotano.com\/bz\/wp-json\/wp\/v2\/media?parent=9369"}],"wp:term":[{"taxonomy":"product_brand","embeddable":true,"href":"https:\/\/belenzotano.com\/bz\/wp-json\/wp\/v2\/product_brand?post=9369"},{"taxonomy":"product_cat","embeddable":true,"href":"https:\/\/belenzotano.com\/bz\/wp-json\/wp\/v2\/product_cat?post=9369"},{"taxonomy":"product_tag","embeddable":true,"href":"https:\/\/belenzotano.com\/bz\/wp-json\/wp\/v2\/product_tag?post=9369"}],"curies":[{"name":"wp","href":"https:\/\/api.w.org\/{rel}","templated":true}]}}