{"id":9353,"date":"2024-05-14T11:40:28","date_gmt":"2024-05-14T09:40:28","guid":{"rendered":"https:\/\/belenzotano.com\/bz\/?post_type=product&#038;p=9353"},"modified":"2024-05-16T20:41:42","modified_gmt":"2024-05-16T18:41:42","slug":"triangulo-mujer-rosa-fluor","status":"publish","type":"product","link":"https:\/\/belenzotano.com\/bz\/producto\/triangulo-mujer-rosa-fluor\/","title":{"rendered":"Triangulo Mujer Rosa Fl\u00faor"},"content":{"rendered":"<p>Original Triangulo Mujer Rosa Fl\u00faor .<\/p>\n<p>Triangulo de licra en Rosa Fl\u00faor con tirantas combinadas en Amarillo. Relleno Extraible.<\/p>\n<p>Se venden sueltas las partes de abajo brasile\u00f1as en dos modelos.<\/p>\n<p>Todos nuestros ba\u00f1adores est\u00e1n confeccionados artesanalmente en Espa\u00f1a.<\/p>\n<p>Cuidamos hasta el m\u00e1s m\u00ednimo detalle, haciendo de su Calidad y Dise\u00f1o sean \u00fanicos en el mercado.<\/p>\n<p>Si quieres que te asesoremos con tallas, o cualquier otra consulta, escr\u00edbenos y te ayudaremos.<\/p>\n<p>COMPOSICI\u00d3N:<\/p>\n<p>90% PA 10% EA<\/p>\n<p>LAVADO: A mano.<\/p>\n<p>&nbsp;<\/p>\n","protected":false},"excerpt":{"rendered":"<p>Triangulo Mujer Fl\u00faor.<\/p>\n","protected":false},"featured_media":9491,"comment_status":"open","ping_status":"closed","template":"","meta":{"_joinchat":[]},"product_brand":[],"product_cat":[563,26,79],"product_tag":[253,349,346,274,161,354,126],"class_list":{"0":"post-9353","1":"product","2":"type-product","3":"status-publish","4":"has-post-thumbnail","6":"product_cat-coleccion-rosa-fluor","7":"product_cat-tienda-bano","8":"product_cat-bikinis-mujer-banadores","9":"product_tag-banadores-para-toda-la-familia","10":"product_tag-bikini","11":"product_tag-bikini-mujer-original-exclusivo-para-toda-la-familia","12":"product_tag-bikinis-mujer","13":"product_tag-exclusivo","14":"product_tag-mujer","15":"product_tag-original","16":"pa_coleccion-rosa-fluor","17":"pa_tallas-banadores-l","18":"pa_tallas-banadores-m","19":"pa_tallas-banadores-s","21":"first","22":"instock","23":"taxable","24":"shipping-taxable","25":"purchasable","26":"product-type-variable"},"_links":{"self":[{"href":"https:\/\/belenzotano.com\/bz\/wp-json\/wp\/v2\/product\/9353","targetHints":{"allow":["GET"]}}],"collection":[{"href":"https:\/\/belenzotano.com\/bz\/wp-json\/wp\/v2\/product"}],"about":[{"href":"https:\/\/belenzotano.com\/bz\/wp-json\/wp\/v2\/types\/product"}],"replies":[{"embeddable":true,"href":"https:\/\/belenzotano.com\/bz\/wp-json\/wp\/v2\/comments?post=9353"}],"wp:featuredmedia":[{"embeddable":true,"href":"https:\/\/belenzotano.com\/bz\/wp-json\/wp\/v2\/media\/9491"}],"wp:attachment":[{"href":"https:\/\/belenzotano.com\/bz\/wp-json\/wp\/v2\/media?parent=9353"}],"wp:term":[{"taxonomy":"product_brand","embeddable":true,"href":"https:\/\/belenzotano.com\/bz\/wp-json\/wp\/v2\/product_brand?post=9353"},{"taxonomy":"product_cat","embeddable":true,"href":"https:\/\/belenzotano.com\/bz\/wp-json\/wp\/v2\/product_cat?post=9353"},{"taxonomy":"product_tag","embeddable":true,"href":"https:\/\/belenzotano.com\/bz\/wp-json\/wp\/v2\/product_tag?post=9353"}],"curies":[{"name":"wp","href":"https:\/\/api.w.org\/{rel}","templated":true}]}}