{"id":9297,"date":"2024-05-14T10:38:01","date_gmt":"2024-05-14T08:38:01","guid":{"rendered":"https:\/\/belenzotano.com\/bz\/?post_type=product&#038;p=9297"},"modified":"2024-05-22T18:53:02","modified_gmt":"2024-05-22T16:53:02","slug":"bikini-nina-rosa-fluor","status":"publish","type":"product","link":"https:\/\/belenzotano.com\/bz\/producto\/bikini-nina-rosa-fluor\/","title":{"rendered":"Bikini Ni\u00f1a Rosa Fl\u00faor"},"content":{"rendered":"<p>Bikini ni\u00f1a Colecci\u00f3n Rosa Fl\u00faor.<\/p>\n<p>Precioso Bikini Rosa Fl\u00faor con lazos en Amarillo Fl\u00faor.<\/p>\n<p>Esta colecci\u00f3n la tenemos para toda la familia.<\/p>\n<p>Todos nuestros ba\u00f1adores est\u00e1n confeccionados artesanalmente en Espa\u00f1a.<\/p>\n<p>Cuidamos hasta el m\u00e1s m\u00ednimo detalle, haciendo de su Calidad y Dise\u00f1o sean \u00fanicos en el mercado.<\/p>\n<p>Si quieres que te asesoremos con tallas, o cualquier otra consulta, escr\u00edbenos y te ayudaremos.<\/p>\n<p>COMPOSICI\u00d3N:<\/p>\n<p>90%PA 10% EA<\/p>\n","protected":false},"excerpt":{"rendered":"<p>Bikini ni\u00f1a Colecci\u00f3n Fl\u00faor.<\/p>\n","protected":false},"featured_media":9499,"comment_status":"open","ping_status":"closed","template":"","meta":{"_joinchat":[]},"product_brand":[],"product_cat":[464,563,26,44,294,429],"product_tag":[253,349,552,344,250,251,249,248,350,161,335],"class_list":{"0":"post-9297","1":"product","2":"type-product","3":"status-publish","4":"has-post-thumbnail","6":"product_cat-bano-nina","7":"product_cat-coleccion-rosa-fluor","8":"product_cat-tienda-bano","9":"product_cat-bikinis-para-ninas-belen-zotano","10":"product_cat-bikinis-banadores-ninas","11":"product_cat-nueva-coleccion","12":"product_tag-banadores-para-toda-la-familia","13":"product_tag-bikini","14":"product_tag-bikini-fluor","15":"product_tag-bikini-nina-origianal-exclusivo","16":"product_tag-bikinis-alta-calidad","17":"product_tag-bikinis-malaga","18":"product_tag-bikinis-ninas","19":"product_tag-bikinis-originales","20":"product_tag-calidad","21":"product_tag-exclusivo","22":"product_tag-nina","23":"pa_coleccion-rosa-fluor","24":"pa_tallas-banadores-453","25":"pa_tallas-banadores-454","26":"pa_tallas-banadores-455","27":"pa_tallas-banadores-451","28":"pa_tallas-banadores-452","30":"first","31":"instock","32":"taxable","33":"shipping-taxable","34":"purchasable","35":"product-type-variable"},"_links":{"self":[{"href":"https:\/\/belenzotano.com\/bz\/wp-json\/wp\/v2\/product\/9297","targetHints":{"allow":["GET"]}}],"collection":[{"href":"https:\/\/belenzotano.com\/bz\/wp-json\/wp\/v2\/product"}],"about":[{"href":"https:\/\/belenzotano.com\/bz\/wp-json\/wp\/v2\/types\/product"}],"replies":[{"embeddable":true,"href":"https:\/\/belenzotano.com\/bz\/wp-json\/wp\/v2\/comments?post=9297"}],"wp:featuredmedia":[{"embeddable":true,"href":"https:\/\/belenzotano.com\/bz\/wp-json\/wp\/v2\/media\/9499"}],"wp:attachment":[{"href":"https:\/\/belenzotano.com\/bz\/wp-json\/wp\/v2\/media?parent=9297"}],"wp:term":[{"taxonomy":"product_brand","embeddable":true,"href":"https:\/\/belenzotano.com\/bz\/wp-json\/wp\/v2\/product_brand?post=9297"},{"taxonomy":"product_cat","embeddable":true,"href":"https:\/\/belenzotano.com\/bz\/wp-json\/wp\/v2\/product_cat?post=9297"},{"taxonomy":"product_tag","embeddable":true,"href":"https:\/\/belenzotano.com\/bz\/wp-json\/wp\/v2\/product_tag?post=9297"}],"curies":[{"name":"wp","href":"https:\/\/api.w.org\/{rel}","templated":true}]}}