{"id":8990,"date":"2023-05-06T10:45:08","date_gmt":"2023-05-06T08:45:08","guid":{"rendered":"https:\/\/belenzotano.com\/bz\/?post_type=product&#038;p=8990"},"modified":"2024-05-22T18:57:08","modified_gmt":"2024-05-22T16:57:08","slug":"culetin-nina-tortuga","status":"publish","type":"product","link":"https:\/\/belenzotano.com\/bz\/producto\/culetin-nina-tortuga\/","title":{"rendered":"Culet\u00edn ni\u00f1a Tortuga"},"content":{"rendered":"<p>Culet\u00edn ni\u00f1a Colecci\u00f3n Tortuga.<\/p>\n<p>Parte delantera estampada, parte trasera en color Amarillo lim\u00f3n con dos vivos laterales.<\/p>\n<p>Esta Colecci\u00f3n la tenemos para toda la familia.<\/p>\n<p>Todos nuestros ba\u00f1adores est\u00e1n confeccionados artesanalmente en Espa\u00f1a.<\/p>\n<p>Cuidamos hasta el m\u00e1s m\u00ednimo detalle, haciendo de su Calidad y Dise\u00f1o sean \u00fanicos en el mercado.<\/p>\n<p>Si quieres que te asesoremos con tallas, o cualquier otra consulta, escr\u00edbenos y te ayudaremos.<\/p>\n<p>COMPOSICI\u00d3N:<\/p>\n<p>90%PA 10% EA.<\/p>\n","protected":false},"excerpt":{"rendered":"<p>Culet\u00edn ni\u00f1a Colecci\u00f3n Tortuga.<\/p>\n","protected":false},"featured_media":9750,"comment_status":"open","ping_status":"closed","template":"","meta":{"_joinchat":[]},"product_brand":[],"product_cat":[464,26,44,294,457,429],"product_tag":[249,246,335,494],"class_list":{"0":"post-8990","1":"product","2":"type-product","3":"status-publish","4":"has-post-thumbnail","6":"product_cat-bano-nina","7":"product_cat-tienda-bano","8":"product_cat-bikinis-para-ninas-belen-zotano","9":"product_cat-bikinis-banadores-ninas","10":"product_cat-coleccion-tortugas","11":"product_cat-nueva-coleccion","12":"product_tag-bikinis-ninas","13":"product_tag-culetin","14":"product_tag-nina","15":"product_tag-tortuga","16":"pa_coleccion-tortugas","17":"pa_tallas-banadores-448","18":"pa_tallas-banadores-454","19":"pa_tallas-banadores-449","20":"pa_tallas-banadores-450","21":"pa_tallas-banadores-451","22":"pa_tallas-banadores-452","24":"first","25":"instock","26":"taxable","27":"shipping-taxable","28":"purchasable","29":"product-type-variable"},"_links":{"self":[{"href":"https:\/\/belenzotano.com\/bz\/wp-json\/wp\/v2\/product\/8990","targetHints":{"allow":["GET"]}}],"collection":[{"href":"https:\/\/belenzotano.com\/bz\/wp-json\/wp\/v2\/product"}],"about":[{"href":"https:\/\/belenzotano.com\/bz\/wp-json\/wp\/v2\/types\/product"}],"replies":[{"embeddable":true,"href":"https:\/\/belenzotano.com\/bz\/wp-json\/wp\/v2\/comments?post=8990"}],"wp:featuredmedia":[{"embeddable":true,"href":"https:\/\/belenzotano.com\/bz\/wp-json\/wp\/v2\/media\/9750"}],"wp:attachment":[{"href":"https:\/\/belenzotano.com\/bz\/wp-json\/wp\/v2\/media?parent=8990"}],"wp:term":[{"taxonomy":"product_brand","embeddable":true,"href":"https:\/\/belenzotano.com\/bz\/wp-json\/wp\/v2\/product_brand?post=8990"},{"taxonomy":"product_cat","embeddable":true,"href":"https:\/\/belenzotano.com\/bz\/wp-json\/wp\/v2\/product_cat?post=8990"},{"taxonomy":"product_tag","embeddable":true,"href":"https:\/\/belenzotano.com\/bz\/wp-json\/wp\/v2\/product_tag?post=8990"}],"curies":[{"name":"wp","href":"https:\/\/api.w.org\/{rel}","templated":true}]}}