{"id":8979,"date":"2023-04-27T18:56:50","date_gmt":"2023-04-27T16:56:50","guid":{"rendered":"https:\/\/belenzotano.com\/bz\/?post_type=product&#038;p=8979"},"modified":"2024-02-19T21:09:45","modified_gmt":"2024-02-19T20:09:45","slug":"triangulo-mujer-croche-amarillo","status":"publish","type":"product","link":"https:\/\/belenzotano.com\/bz\/producto\/triangulo-mujer-croche-amarillo\/","title":{"rendered":"Triangulo Mujer Croch\u00e9 Amarillo"},"content":{"rendered":"<p>Original Triangulo Mujer Croch\u00e9 .<\/p>\n<p>Triangulo de licra de Croch\u00e9, totalmente artesanal.<\/p>\n<p>Se venden sueltas las partes de abajo brasile\u00f1as en dos modelos.<\/p>\n<p>Todos nuestros ba\u00f1adores est\u00e1n confeccionados artesanalmente en Espa\u00f1a.<\/p>\n<p>Cuidamos hasta el m\u00e1s m\u00ednimo detalle, haciendo de su Calidad y Dise\u00f1o sean \u00fanicos en el mercado.<\/p>\n<p>Si quieres que te asesoremos con tallas, o cualquier otra consulta, escr\u00edbenos y te ayudaremos.<\/p>\n<p>COMPOSICI\u00d3N:<\/p>\n<p>90% PA 10% EA<\/p>\n<p>LAVADO: A mano.<\/p>\n<p>&nbsp;<\/p>\n","protected":false},"excerpt":{"rendered":"<p>Triangulo Mujer Croch\u00e9 Amarillo.<\/p>\n","protected":false},"featured_media":8969,"comment_status":"open","ping_status":"closed","template":"","meta":{"_joinchat":[]},"product_brand":[],"product_cat":[26,79,291,416],"product_tag":[253,349,516,346,274,161,354,126],"class_list":{"0":"post-8979","1":"product","2":"type-product","3":"status-publish","4":"has-post-thumbnail","6":"product_cat-tienda-bano","7":"product_cat-bikinis-mujer-banadores","8":"product_cat-banadores-mujer-bikinis-chica","9":"product_cat-edicion-limitada","10":"product_tag-banadores-para-toda-la-familia","11":"product_tag-bikini","12":"product_tag-bikini-croche-hecho-a-mano","13":"product_tag-bikini-mujer-original-exclusivo-para-toda-la-familia","14":"product_tag-bikinis-mujer","15":"product_tag-exclusivo","16":"product_tag-mujer","17":"product_tag-original","18":"pa_coleccion-edicion-limitada","19":"pa_tallas-banadores-l","20":"pa_tallas-banadores-m","21":"pa_tallas-banadores-s","23":"first","24":"instock","25":"taxable","26":"shipping-taxable","27":"purchasable","28":"product-type-variable"},"_links":{"self":[{"href":"https:\/\/belenzotano.com\/bz\/wp-json\/wp\/v2\/product\/8979","targetHints":{"allow":["GET"]}}],"collection":[{"href":"https:\/\/belenzotano.com\/bz\/wp-json\/wp\/v2\/product"}],"about":[{"href":"https:\/\/belenzotano.com\/bz\/wp-json\/wp\/v2\/types\/product"}],"replies":[{"embeddable":true,"href":"https:\/\/belenzotano.com\/bz\/wp-json\/wp\/v2\/comments?post=8979"}],"wp:featuredmedia":[{"embeddable":true,"href":"https:\/\/belenzotano.com\/bz\/wp-json\/wp\/v2\/media\/8969"}],"wp:attachment":[{"href":"https:\/\/belenzotano.com\/bz\/wp-json\/wp\/v2\/media?parent=8979"}],"wp:term":[{"taxonomy":"product_brand","embeddable":true,"href":"https:\/\/belenzotano.com\/bz\/wp-json\/wp\/v2\/product_brand?post=8979"},{"taxonomy":"product_cat","embeddable":true,"href":"https:\/\/belenzotano.com\/bz\/wp-json\/wp\/v2\/product_cat?post=8979"},{"taxonomy":"product_tag","embeddable":true,"href":"https:\/\/belenzotano.com\/bz\/wp-json\/wp\/v2\/product_tag?post=8979"}],"curies":[{"name":"wp","href":"https:\/\/api.w.org\/{rel}","templated":true}]}}