{"id":8912,"date":"2023-03-28T12:36:11","date_gmt":"2023-03-28T10:36:11","guid":{"rendered":"https:\/\/belenzotano.com\/bz\/?post_type=product&#038;p=8912"},"modified":"2024-05-22T18:58:59","modified_gmt":"2024-05-22T16:58:59","slug":"boxer-nino-tortugas","status":"publish","type":"product","link":"https:\/\/belenzotano.com\/bz\/producto\/boxer-nino-tortugas\/","title":{"rendered":"Boxer Ni\u00f1o Tortugas"},"content":{"rendered":"<p>Boxer ni\u00f1o Colecci\u00f3n Tortugas.<\/p>\n<p>Esta Colecci\u00f3n la tenemos para toda la Familia.<\/p>\n<p>Todos nuestros ba\u00f1adores est\u00e1n confeccionados artesanalmente en Espa\u00f1a.<\/p>\n<p>Cuidamos hasta el m\u00e1s m\u00ednimo detalle, haciendo de su Calidad y Dise\u00f1o sean \u00fanicos en el mercado.<\/p>\n<p>Si quieres que te asesoremos con tallas, o cualquier otra consulta, escr\u00edbenos y te ayudaremos.<\/p>\n<p>COMPOSICI\u00d3N:<\/p>\n<p>90%PA 10% EA<\/p>\n","protected":false},"excerpt":{"rendered":"<p>Boxer ni\u00f1o Colecci\u00f3n Bulldog.<\/p>\n","protected":false},"featured_media":9745,"comment_status":"open","ping_status":"closed","template":"","meta":{"_joinchat":[]},"product_brand":[],"product_cat":[26,462,43,293,457,429],"product_tag":[511,340],"class_list":{"0":"post-8912","1":"product","2":"type-product","3":"status-publish","4":"has-post-thumbnail","6":"product_cat-tienda-bano","7":"product_cat-bano-nino","8":"product_cat-banadores-para-ninos-belen-zotano","9":"product_cat-banadores-ninos","10":"product_cat-coleccion-tortugas","11":"product_cat-nueva-coleccion","12":"product_tag-banador-nino","13":"product_tag-boxer-nino-banador-nino-exclusivo-original-swimwear","14":"pa_coleccion-tortugas","15":"pa_tallas-banadores-448","16":"pa_tallas-banadores-449","17":"pa_tallas-banadores-450","18":"pa_tallas-banadores-451","19":"pa_tallas-banadores-452","21":"first","22":"instock","23":"taxable","24":"shipping-taxable","25":"purchasable","26":"product-type-variable"},"_links":{"self":[{"href":"https:\/\/belenzotano.com\/bz\/wp-json\/wp\/v2\/product\/8912","targetHints":{"allow":["GET"]}}],"collection":[{"href":"https:\/\/belenzotano.com\/bz\/wp-json\/wp\/v2\/product"}],"about":[{"href":"https:\/\/belenzotano.com\/bz\/wp-json\/wp\/v2\/types\/product"}],"replies":[{"embeddable":true,"href":"https:\/\/belenzotano.com\/bz\/wp-json\/wp\/v2\/comments?post=8912"}],"wp:featuredmedia":[{"embeddable":true,"href":"https:\/\/belenzotano.com\/bz\/wp-json\/wp\/v2\/media\/9745"}],"wp:attachment":[{"href":"https:\/\/belenzotano.com\/bz\/wp-json\/wp\/v2\/media?parent=8912"}],"wp:term":[{"taxonomy":"product_brand","embeddable":true,"href":"https:\/\/belenzotano.com\/bz\/wp-json\/wp\/v2\/product_brand?post=8912"},{"taxonomy":"product_cat","embeddable":true,"href":"https:\/\/belenzotano.com\/bz\/wp-json\/wp\/v2\/product_cat?post=8912"},{"taxonomy":"product_tag","embeddable":true,"href":"https:\/\/belenzotano.com\/bz\/wp-json\/wp\/v2\/product_tag?post=8912"}],"curies":[{"name":"wp","href":"https:\/\/api.w.org\/{rel}","templated":true}]}}