{"id":8752,"date":"2023-02-27T18:04:31","date_gmt":"2023-02-27T17:04:31","guid":{"rendered":"https:\/\/belenzotano.com\/bz\/?post_type=product&#038;p=8752"},"modified":"2024-07-02T13:09:35","modified_gmt":"2024-07-02T11:09:35","slug":"banador-nino-tortugas","status":"publish","type":"product","link":"https:\/\/belenzotano.com\/bz\/producto\/banador-nino-tortugas\/","title":{"rendered":"Ba\u00f1ador Ni\u00f1o Tortugas"},"content":{"rendered":"<p>Ba\u00f1ador ni\u00f1o estampado Tortugas.<\/p>\n<p>Ba\u00f1ador ni\u00f1o con bolsillos laterales y cord\u00f3n en color Amarillo.<\/p>\n<p>Secado r\u00e1pido.<\/p>\n<p>Todos nuestros ba\u00f1adores est\u00e1n confeccionados artesanalmente en Espa\u00f1a.<\/p>\n<p>Cuidamos hasta el m\u00e1s m\u00ednimo detalle, haciendo de su Calidad y Dise\u00f1o sean \u00fanicos en el mercado.<\/p>\n<p>Si quieres que te asesoremos con tallas, o cualquier otra consulta, escr\u00edbenos y te ayudaremos.<\/p>\n<p>COMPOSICI\u00d3N:<\/p>\n<p>100% Poliester.<\/p>\n<p>&nbsp;<\/p>\n","protected":false},"excerpt":{"rendered":"<p>Ba\u00f1ador ni\u00f1o Tortugas.<\/p>\n<p><a href=\"https:\/\/belenzotano.com\/bz\/guia-de-tallas\/\"><img loading=\"lazy\" decoding=\"async\" class=\"alignnone wp-image-770\" src=\"https:\/\/belenzotano.com\/bz\/wp-content\/uploads\/2019\/01\/boton-tallas.png\" alt=\"\" width=\"204\" height=\"57\" \/><\/a><\/p>\n","protected":false},"featured_media":8900,"comment_status":"open","ping_status":"closed","template":"","meta":{"_joinchat":[]},"product_brand":[],"product_cat":[26,462,43,293,457,429],"product_tag":[511,340],"class_list":{"0":"post-8752","1":"product","2":"type-product","3":"status-publish","4":"has-post-thumbnail","6":"product_cat-tienda-bano","7":"product_cat-bano-nino","8":"product_cat-banadores-para-ninos-belen-zotano","9":"product_cat-banadores-ninos","10":"product_cat-coleccion-tortugas","11":"product_cat-nueva-coleccion","12":"product_tag-banador-nino","13":"product_tag-boxer-nino-banador-nino-exclusivo-original-swimwear","14":"pa_coleccion-tortugas","15":"pa_tallas-banadores-454","16":"pa_tallas-banadores-451","18":"first","19":"instock","20":"taxable","21":"shipping-taxable","22":"purchasable","23":"product-type-variable"},"_links":{"self":[{"href":"https:\/\/belenzotano.com\/bz\/wp-json\/wp\/v2\/product\/8752","targetHints":{"allow":["GET"]}}],"collection":[{"href":"https:\/\/belenzotano.com\/bz\/wp-json\/wp\/v2\/product"}],"about":[{"href":"https:\/\/belenzotano.com\/bz\/wp-json\/wp\/v2\/types\/product"}],"replies":[{"embeddable":true,"href":"https:\/\/belenzotano.com\/bz\/wp-json\/wp\/v2\/comments?post=8752"}],"wp:featuredmedia":[{"embeddable":true,"href":"https:\/\/belenzotano.com\/bz\/wp-json\/wp\/v2\/media\/8900"}],"wp:attachment":[{"href":"https:\/\/belenzotano.com\/bz\/wp-json\/wp\/v2\/media?parent=8752"}],"wp:term":[{"taxonomy":"product_brand","embeddable":true,"href":"https:\/\/belenzotano.com\/bz\/wp-json\/wp\/v2\/product_brand?post=8752"},{"taxonomy":"product_cat","embeddable":true,"href":"https:\/\/belenzotano.com\/bz\/wp-json\/wp\/v2\/product_cat?post=8752"},{"taxonomy":"product_tag","embeddable":true,"href":"https:\/\/belenzotano.com\/bz\/wp-json\/wp\/v2\/product_tag?post=8752"}],"curies":[{"name":"wp","href":"https:\/\/api.w.org\/{rel}","templated":true}]}}