{"id":8542,"date":"2022-04-17T22:52:25","date_gmt":"2022-04-17T20:52:25","guid":{"rendered":"https:\/\/belenzotano.com\/bz\/?post_type=product&#038;p=8542"},"modified":"2025-05-26T17:32:02","modified_gmt":"2025-05-26T15:32:02","slug":"banador-hombre-bulldog","status":"publish","type":"product","link":"https:\/\/belenzotano.com\/bz\/producto\/banador-hombre-bulldog\/","title":{"rendered":"Ba\u00f1ador Hombre Bulldog"},"content":{"rendered":"<p>Ba\u00f1ador Hombre, Colecci\u00f3n Bulldog.<\/p>\n<p>Estampado Bulldogs, cord\u00f3n color Negro.<\/p>\n<p>Secado r\u00e1pido.<\/p>\n<p>Esta colecci\u00f3n la tenemos para toda la Familia.<\/p>\n<p>Todos nuestros ba\u00f1adores est\u00e1n confeccionados artesanalmente en Espa\u00f1a.<\/p>\n<p>Cuidamos hasta el m\u00e1s m\u00ednimo detalle, haciendo de su Calidad y Dise\u00f1o sean \u00fanicos en el mercado.<\/p>\n<p>Si quieres que te asesoremos con tallas, o cualquier otra consulta, escr\u00edbenos y te ayudaremos.<\/p>\n<p>COMPOSICI\u00d3N:<\/p>\n<p>100% Poli\u00e9ster.<\/p>\n<p>&nbsp;<\/p>\n<p>&nbsp;<\/p>\n","protected":false},"excerpt":{"rendered":"<p>Ba\u00f1ador Hombre Colecci\u00f3n Bulldog.<\/p>\n<p><a href=\"https:\/\/belenzotano.com\/bz\/guia-de-tallas\/\"><img loading=\"lazy\" decoding=\"async\" class=\"alignnone wp-image-770\" src=\"https:\/\/belenzotano.com\/bz\/wp-content\/uploads\/2019\/01\/boton-tallas.png\" alt=\"\" width=\"204\" height=\"57\" \/><\/a><\/p>\n","protected":false},"featured_media":8536,"comment_status":"open","ping_status":"closed","template":"","meta":{"_joinchat":[]},"product_brand":[],"product_cat":[26,41,458,429],"product_tag":[269,348,252,254,257,253,425,427,424,428,426,430],"class_list":{"0":"post-8542","1":"product","2":"type-product","3":"status-publish","4":"has-post-thumbnail","6":"product_cat-tienda-bano","7":"product_cat-banadores-hombre-belen-zotano","8":"product_cat-coleccion-bulldog","9":"product_cat-nueva-coleccion","10":"product_tag-banador-hombre","11":"product_tag-banador-hombre-secado-rapido-unico-exclusivo","12":"product_tag-banadores","13":"product_tag-banadores-iguales","14":"product_tag-banadores-malaga","15":"product_tag-banadores-para-toda-la-familia","16":"product_tag-banadoresaltacalidad","17":"product_tag-banadoresexclusivos","18":"product_tag-banadoreshombre","19":"product_tag-banadoresorigiinales","20":"product_tag-banadorsecadorapido","21":"product_tag-hombre","22":"pa_coleccion-bulldog","23":"pa_tallas-banadores-s","25":"first","26":"instock","27":"taxable","28":"shipping-taxable","29":"purchasable","30":"product-type-variable"},"_links":{"self":[{"href":"https:\/\/belenzotano.com\/bz\/wp-json\/wp\/v2\/product\/8542","targetHints":{"allow":["GET"]}}],"collection":[{"href":"https:\/\/belenzotano.com\/bz\/wp-json\/wp\/v2\/product"}],"about":[{"href":"https:\/\/belenzotano.com\/bz\/wp-json\/wp\/v2\/types\/product"}],"replies":[{"embeddable":true,"href":"https:\/\/belenzotano.com\/bz\/wp-json\/wp\/v2\/comments?post=8542"}],"wp:featuredmedia":[{"embeddable":true,"href":"https:\/\/belenzotano.com\/bz\/wp-json\/wp\/v2\/media\/8536"}],"wp:attachment":[{"href":"https:\/\/belenzotano.com\/bz\/wp-json\/wp\/v2\/media?parent=8542"}],"wp:term":[{"taxonomy":"product_brand","embeddable":true,"href":"https:\/\/belenzotano.com\/bz\/wp-json\/wp\/v2\/product_brand?post=8542"},{"taxonomy":"product_cat","embeddable":true,"href":"https:\/\/belenzotano.com\/bz\/wp-json\/wp\/v2\/product_cat?post=8542"},{"taxonomy":"product_tag","embeddable":true,"href":"https:\/\/belenzotano.com\/bz\/wp-json\/wp\/v2\/product_tag?post=8542"}],"curies":[{"name":"wp","href":"https:\/\/api.w.org\/{rel}","templated":true}]}}