{"id":8332,"date":"2021-07-22T13:49:30","date_gmt":"2021-07-22T11:49:30","guid":{"rendered":"https:\/\/belenzotano.com\/bz\/?post_type=product&#038;p=8332"},"modified":"2025-03-25T18:28:21","modified_gmt":"2025-03-25T17:28:21","slug":"banador-nina-flores","status":"publish","type":"product","link":"https:\/\/belenzotano.com\/bz\/producto\/banador-nina-flores\/","title":{"rendered":"Ba\u00f1ador Ni\u00f1a Flores"},"content":{"rendered":"<p>Ba\u00f1ador ni\u00f1a\u00a0con forro delantero interior, de la Colecci\u00f3n Flores.<\/p>\n<p>Ba\u00f1ador de ni\u00f1a Flores, con lazo delantero y espalda cruzada.<\/p>\n<p>Esta colecci\u00f3n la tenemos para toda la Familia.<\/p>\n<p>Todos nuestros ba\u00f1adores est\u00e1n confeccionados artesanalmente, en Espa\u00f1a.<\/p>\n<p>Cuidamos hasta el m\u00e1s m\u00ednimo detalle, haciendo de su Calidad y Dise\u00f1o sean \u00fanicos en el mercado.<\/p>\n<p>Si quieres que te asesoremos con tallas, o cualquier otra consulta, escr\u00edbenos y te ayudaremos.<\/p>\n<p>&nbsp;<\/p>\n<p>COMPOSICI\u00d3N:<\/p>\n<p>90% Poliamida 10% Elast\u00e1n.<\/p>\n","protected":false},"excerpt":{"rendered":"<p>Ba\u00f1ador ni\u00f1a Colecci\u00f3n Flores.<\/p>\n","protected":false},"featured_media":2157,"comment_status":"open","ping_status":"closed","template":"","meta":{"_joinchat":[]},"product_brand":[],"product_cat":[464,26,44,45,287,294],"product_tag":[256,252,257,255,284,253,110],"class_list":{"0":"post-8332","1":"product","2":"type-product","3":"status-publish","4":"has-post-thumbnail","6":"product_cat-bano-nina","7":"product_cat-tienda-bano","8":"product_cat-bikinis-para-ninas-belen-zotano","9":"product_cat-outlet-banadores-belen-zotano","10":"product_cat-bikinis-flores","11":"product_cat-bikinis-banadores-ninas","12":"product_tag-banador-nina","13":"product_tag-banadores","14":"product_tag-banadores-malaga","15":"product_tag-banadores-nino-nina","16":"product_tag-banadores-originales","17":"product_tag-banadores-para-toda-la-familia","18":"product_tag-belen","19":"pa_tallas-banadores-448","20":"pa_tallas-banadores-451","22":"first","23":"instock","24":"sale","25":"taxable","26":"shipping-taxable","27":"purchasable","28":"product-type-variable"},"_links":{"self":[{"href":"https:\/\/belenzotano.com\/bz\/wp-json\/wp\/v2\/product\/8332","targetHints":{"allow":["GET"]}}],"collection":[{"href":"https:\/\/belenzotano.com\/bz\/wp-json\/wp\/v2\/product"}],"about":[{"href":"https:\/\/belenzotano.com\/bz\/wp-json\/wp\/v2\/types\/product"}],"replies":[{"embeddable":true,"href":"https:\/\/belenzotano.com\/bz\/wp-json\/wp\/v2\/comments?post=8332"}],"wp:featuredmedia":[{"embeddable":true,"href":"https:\/\/belenzotano.com\/bz\/wp-json\/wp\/v2\/media\/2157"}],"wp:attachment":[{"href":"https:\/\/belenzotano.com\/bz\/wp-json\/wp\/v2\/media?parent=8332"}],"wp:term":[{"taxonomy":"product_brand","embeddable":true,"href":"https:\/\/belenzotano.com\/bz\/wp-json\/wp\/v2\/product_brand?post=8332"},{"taxonomy":"product_cat","embeddable":true,"href":"https:\/\/belenzotano.com\/bz\/wp-json\/wp\/v2\/product_cat?post=8332"},{"taxonomy":"product_tag","embeddable":true,"href":"https:\/\/belenzotano.com\/bz\/wp-json\/wp\/v2\/product_tag?post=8332"}],"curies":[{"name":"wp","href":"https:\/\/api.w.org\/{rel}","templated":true}]}}