{"id":8230,"date":"2021-06-14T17:00:27","date_gmt":"2021-06-14T15:00:27","guid":{"rendered":"https:\/\/belenzotano.com\/bz\/?post_type=product&#038;p=8230"},"modified":"2024-02-20T20:33:25","modified_gmt":"2024-02-20T19:33:25","slug":"bikini-nina-palmeras","status":"publish","type":"product","link":"https:\/\/belenzotano.com\/bz\/producto\/bikini-nina-palmeras\/","title":{"rendered":"Bikini Ni\u00f1a Palmeras"},"content":{"rendered":"<p>Bikini ni\u00f1a Colecci\u00f3n Palmeras.<\/p>\n<p>Parte de abajo delantera estampada \u00a0y parte trasera Negra con Volante estampado.<\/p>\n<p>Esta colecci\u00f3n la tenemos para toda la familia.<\/p>\n<p>Todos nuestros ba\u00f1adores est\u00e1n confeccionados artesanalmente en Espa\u00f1a.<\/p>\n<p>Cuidamos hasta el m\u00e1s m\u00ednimo detalle, haciendo de su Calidad y Dise\u00f1o sean \u00fanicos en el mercado.<\/p>\n<p>Si quieres que te asesoremos con tallas, o cualquier otra consulta, escr\u00edbenos y te ayudaremos.<\/p>\n<p>COMPOSICI\u00d3N:<\/p>\n<p>90%PA 10% EA<\/p>\n","protected":false},"excerpt":{"rendered":"<p>Bikini ni\u00f1a Colecci\u00f3n Palmeras.<\/p>\n","protected":false},"featured_media":8236,"comment_status":"open","ping_status":"closed","template":"","meta":{"_joinchat":[]},"product_brand":[],"product_cat":[464,26,359,44,294],"product_tag":[253,349,542,344,250,251,249,248,350,161,335],"class_list":{"0":"post-8230","1":"product","2":"type-product","3":"status-publish","4":"has-post-thumbnail","6":"product_cat-bano-nina","7":"product_cat-tienda-bano","8":"product_cat-coleccion-palmera","9":"product_cat-bikinis-para-ninas-belen-zotano","10":"product_cat-bikinis-banadores-ninas","11":"product_tag-banadores-para-toda-la-familia","12":"product_tag-bikini","13":"product_tag-bikini-ninas","14":"product_tag-bikini-nina-origianal-exclusivo","15":"product_tag-bikinis-alta-calidad","16":"product_tag-bikinis-malaga","17":"product_tag-bikinis-ninas","18":"product_tag-bikinis-originales","19":"product_tag-calidad","20":"product_tag-exclusivo","21":"product_tag-nina","22":"pa_coleccion-palmeras","23":"pa_tallas-banadores-451","24":"pa_tallas-banadores-452","26":"first","27":"instock","28":"sale","29":"taxable","30":"shipping-taxable","31":"purchasable","32":"product-type-variable"},"_links":{"self":[{"href":"https:\/\/belenzotano.com\/bz\/wp-json\/wp\/v2\/product\/8230","targetHints":{"allow":["GET"]}}],"collection":[{"href":"https:\/\/belenzotano.com\/bz\/wp-json\/wp\/v2\/product"}],"about":[{"href":"https:\/\/belenzotano.com\/bz\/wp-json\/wp\/v2\/types\/product"}],"replies":[{"embeddable":true,"href":"https:\/\/belenzotano.com\/bz\/wp-json\/wp\/v2\/comments?post=8230"}],"wp:featuredmedia":[{"embeddable":true,"href":"https:\/\/belenzotano.com\/bz\/wp-json\/wp\/v2\/media\/8236"}],"wp:attachment":[{"href":"https:\/\/belenzotano.com\/bz\/wp-json\/wp\/v2\/media?parent=8230"}],"wp:term":[{"taxonomy":"product_brand","embeddable":true,"href":"https:\/\/belenzotano.com\/bz\/wp-json\/wp\/v2\/product_brand?post=8230"},{"taxonomy":"product_cat","embeddable":true,"href":"https:\/\/belenzotano.com\/bz\/wp-json\/wp\/v2\/product_cat?post=8230"},{"taxonomy":"product_tag","embeddable":true,"href":"https:\/\/belenzotano.com\/bz\/wp-json\/wp\/v2\/product_tag?post=8230"}],"curies":[{"name":"wp","href":"https:\/\/api.w.org\/{rel}","templated":true}]}}