{"id":8030,"date":"2021-04-29T19:19:07","date_gmt":"2021-04-29T17:19:07","guid":{"rendered":"https:\/\/belenzotano.com\/bz\/?post_type=product&#038;p=8030"},"modified":"2024-02-19T21:12:31","modified_gmt":"2024-02-19T20:12:31","slug":"bikini-mujer-craneos","status":"publish","type":"product","link":"https:\/\/belenzotano.com\/bz\/producto\/bikini-mujer-craneos\/","title":{"rendered":"Bikini Mujer Cr\u00e1neos"},"content":{"rendered":"<p>Bikini Mujer completo, Colecci\u00f3n Cr\u00e1neos.<\/p>\n<p>Parte delantera triangulo estampada, con relleno extra\u00edble.<\/p>\n<p>Parte de Abajo delantera estampada con una tira lateral y parte trasera brasile\u00f1a con rizo en el Culo en color Rosa Fluor.<\/p>\n<p>Todos nuestros ba\u00f1adores est\u00e1n confeccionados artesanalmente en Espa\u00f1a.<\/p>\n<p>Cuidamos hasta el m\u00e1s m\u00ednimo detalle, haciendo de su Calidad y Dise\u00f1o sean \u00fanicos en el mercado.<\/p>\n<p>Si quieres que te asesoremos con tallas, o cualquier otra consulta, escr\u00edbenos y te ayudaremos.<\/p>\n<p>COMPOSICI\u00d3N:<\/p>\n<p>90% PA 10% EA<\/p>\n<p>&nbsp;<\/p>\n","protected":false},"excerpt":{"rendered":"<p>Bikini Mujer Colecci\u00f3n Cr\u00e1neos.<\/p>\n","protected":false},"featured_media":7961,"comment_status":"open","ping_status":"closed","template":"","meta":{"_joinchat":[]},"product_brand":[],"product_cat":[26,79,421,429],"product_tag":[253,349,346,274,355,500,161,354,126],"class_list":{"0":"post-8030","1":"product","2":"type-product","3":"status-publish","4":"has-post-thumbnail","6":"product_cat-tienda-bano","7":"product_cat-bikinis-mujer-banadores","8":"product_cat-coleccion-craneos","9":"product_cat-nueva-coleccion","10":"product_tag-banadores-para-toda-la-familia","11":"product_tag-bikini","12":"product_tag-bikini-mujer-original-exclusivo-para-toda-la-familia","13":"product_tag-bikinis-mujer","14":"product_tag-con-relleno","15":"product_tag-craneos","16":"product_tag-exclusivo","17":"product_tag-mujer","18":"product_tag-original","19":"pa_coleccion-craneos","20":"pa_tallas-banadores-l","21":"pa_tallas-banadores-m","22":"pa_tallas-banadores-s","23":"pa_tallas-banadores-xl","24":"pa_tallas-banadores-xs","26":"first","27":"instock","28":"sale","29":"taxable","30":"shipping-taxable","31":"purchasable","32":"product-type-variable"},"_links":{"self":[{"href":"https:\/\/belenzotano.com\/bz\/wp-json\/wp\/v2\/product\/8030","targetHints":{"allow":["GET"]}}],"collection":[{"href":"https:\/\/belenzotano.com\/bz\/wp-json\/wp\/v2\/product"}],"about":[{"href":"https:\/\/belenzotano.com\/bz\/wp-json\/wp\/v2\/types\/product"}],"replies":[{"embeddable":true,"href":"https:\/\/belenzotano.com\/bz\/wp-json\/wp\/v2\/comments?post=8030"}],"wp:featuredmedia":[{"embeddable":true,"href":"https:\/\/belenzotano.com\/bz\/wp-json\/wp\/v2\/media\/7961"}],"wp:attachment":[{"href":"https:\/\/belenzotano.com\/bz\/wp-json\/wp\/v2\/media?parent=8030"}],"wp:term":[{"taxonomy":"product_brand","embeddable":true,"href":"https:\/\/belenzotano.com\/bz\/wp-json\/wp\/v2\/product_brand?post=8030"},{"taxonomy":"product_cat","embeddable":true,"href":"https:\/\/belenzotano.com\/bz\/wp-json\/wp\/v2\/product_cat?post=8030"},{"taxonomy":"product_tag","embeddable":true,"href":"https:\/\/belenzotano.com\/bz\/wp-json\/wp\/v2\/product_tag?post=8030"}],"curies":[{"name":"wp","href":"https:\/\/api.w.org\/{rel}","templated":true}]}}