{"id":8024,"date":"2021-04-29T19:13:51","date_gmt":"2021-04-29T17:13:51","guid":{"rendered":"https:\/\/belenzotano.com\/bz\/?post_type=product&#038;p=8024"},"modified":"2025-02-20T10:46:51","modified_gmt":"2025-02-20T09:46:51","slug":"banador-nina-pajaros","status":"publish","type":"product","link":"https:\/\/belenzotano.com\/bz\/producto\/banador-nina-pajaros\/","title":{"rendered":"Ba\u00f1ador Ni\u00f1a P\u00e1jaros"},"content":{"rendered":"<p>Ba\u00f1ador ni\u00f1a Colecci\u00f3n P\u00e1jaros.<\/p>\n<p>Ba\u00f1ador Estampado, parte trasera Celeste con lazo de tul.<\/p>\n<p>Esta colecci\u00f3n la tenemos para toda la familia.<\/p>\n<p>Todos nuestros ba\u00f1adores est\u00e1n confeccionados artesanalmente en Espa\u00f1a.<\/p>\n<p>Cuidamos hasta el m\u00e1s m\u00ednimo detalle, haciendo de su Calidad y Dise\u00f1o sean \u00fanicos en el mercado.<\/p>\n<p>Si quieres que te asesoremos con tallas, o cualquier otra consulta, escr\u00edbenos y te ayudaremos.<\/p>\n<p>COMPOSICI\u00d3N:<\/p>\n<p>90%PA 10% EA<\/p>\n<p>&nbsp;<\/p>\n","protected":false},"excerpt":{"rendered":"<p>Ba\u00f1ador ni\u00f1a Colecci\u00f3n P\u00e1jaros.<\/p>\n","protected":false},"featured_media":7987,"comment_status":"open","ping_status":"closed","template":"","meta":{"_joinchat":[]},"product_brand":[],"product_cat":[464,26,44,294,420,429],"product_tag":[256,254,257,253,168,498],"class_list":{"0":"post-8024","1":"product","2":"type-product","3":"status-publish","4":"has-post-thumbnail","6":"product_cat-bano-nina","7":"product_cat-tienda-bano","8":"product_cat-bikinis-para-ninas-belen-zotano","9":"product_cat-bikinis-banadores-ninas","10":"product_cat-coleccion-pajaros","11":"product_cat-nueva-coleccion","12":"product_tag-banador-nina","13":"product_tag-banadores-iguales","14":"product_tag-banadores-malaga","15":"product_tag-banadores-para-toda-la-familia","16":"product_tag-belen-zotano","17":"product_tag-pajaros","18":"pa_coleccion-pajaros","19":"pa_tallas-banadores-453","20":"pa_tallas-banadores-454","21":"pa_tallas-banadores-455","22":"pa_tallas-banadores-451","23":"pa_tallas-banadores-452","25":"first","26":"instock","27":"sale","28":"taxable","29":"shipping-taxable","30":"purchasable","31":"product-type-variable"},"_links":{"self":[{"href":"https:\/\/belenzotano.com\/bz\/wp-json\/wp\/v2\/product\/8024","targetHints":{"allow":["GET"]}}],"collection":[{"href":"https:\/\/belenzotano.com\/bz\/wp-json\/wp\/v2\/product"}],"about":[{"href":"https:\/\/belenzotano.com\/bz\/wp-json\/wp\/v2\/types\/product"}],"replies":[{"embeddable":true,"href":"https:\/\/belenzotano.com\/bz\/wp-json\/wp\/v2\/comments?post=8024"}],"wp:featuredmedia":[{"embeddable":true,"href":"https:\/\/belenzotano.com\/bz\/wp-json\/wp\/v2\/media\/7987"}],"wp:attachment":[{"href":"https:\/\/belenzotano.com\/bz\/wp-json\/wp\/v2\/media?parent=8024"}],"wp:term":[{"taxonomy":"product_brand","embeddable":true,"href":"https:\/\/belenzotano.com\/bz\/wp-json\/wp\/v2\/product_brand?post=8024"},{"taxonomy":"product_cat","embeddable":true,"href":"https:\/\/belenzotano.com\/bz\/wp-json\/wp\/v2\/product_cat?post=8024"},{"taxonomy":"product_tag","embeddable":true,"href":"https:\/\/belenzotano.com\/bz\/wp-json\/wp\/v2\/product_tag?post=8024"}],"curies":[{"name":"wp","href":"https:\/\/api.w.org\/{rel}","templated":true}]}}