{"id":8018,"date":"2021-04-29T19:08:17","date_gmt":"2021-04-29T17:08:17","guid":{"rendered":"https:\/\/belenzotano.com\/bz\/?post_type=product&#038;p=8018"},"modified":"2024-02-20T20:34:29","modified_gmt":"2024-02-20T19:34:29","slug":"banador-nina-craneos","status":"publish","type":"product","link":"https:\/\/belenzotano.com\/bz\/producto\/banador-nina-craneos\/","title":{"rendered":"Ba\u00f1ador Ni\u00f1a Cr\u00e1neos"},"content":{"rendered":"<p>Ba\u00f1ador ni\u00f1a Colecci\u00f3n Cr\u00e1neos.<\/p>\n<p>Original Ba\u00f1ador Estampado, parte trasera Rosa Fl\u00faor y volante estampado.<\/p>\n<p>Esta colecci\u00f3n la tenemos para toda la familia.<\/p>\n<p>Todos nuestros ba\u00f1adores est\u00e1n confeccionados artesanalmente en Espa\u00f1a.<\/p>\n<p>Cuidamos hasta el m\u00e1s m\u00ednimo detalle, haciendo de su Calidad y Dise\u00f1o sean \u00fanicos en el mercado.<\/p>\n<p>Si quieres que te asesoremos con tallas, o cualquier otra consulta, escr\u00edbenos y te ayudaremos.<\/p>\n<p>COMPOSICI\u00d3N:<\/p>\n<p>90%PA 10% EA<\/p>\n<p>&nbsp;<\/p>\n","protected":false},"excerpt":{"rendered":"<p>Ba\u00f1ador ni\u00f1a Colecci\u00f3n Cr\u00e1neos.<\/p>\n","protected":false},"featured_media":7957,"comment_status":"open","ping_status":"closed","template":"","meta":{"_joinchat":[]},"product_brand":[],"product_cat":[464,26,44,294,421,429],"product_tag":[256,254,257,253,168,500],"class_list":{"0":"post-8018","1":"product","2":"type-product","3":"status-publish","4":"has-post-thumbnail","6":"product_cat-bano-nina","7":"product_cat-tienda-bano","8":"product_cat-bikinis-para-ninas-belen-zotano","9":"product_cat-bikinis-banadores-ninas","10":"product_cat-coleccion-craneos","11":"product_cat-nueva-coleccion","12":"product_tag-banador-nina","13":"product_tag-banadores-iguales","14":"product_tag-banadores-malaga","15":"product_tag-banadores-para-toda-la-familia","16":"product_tag-belen-zotano","17":"product_tag-craneos","18":"pa_coleccion-craneos","19":"pa_tallas-banadores-453","20":"pa_tallas-banadores-454","21":"pa_tallas-banadores-455","22":"pa_tallas-banadores-452","24":"first","25":"instock","26":"sale","27":"taxable","28":"shipping-taxable","29":"purchasable","30":"product-type-variable"},"_links":{"self":[{"href":"https:\/\/belenzotano.com\/bz\/wp-json\/wp\/v2\/product\/8018","targetHints":{"allow":["GET"]}}],"collection":[{"href":"https:\/\/belenzotano.com\/bz\/wp-json\/wp\/v2\/product"}],"about":[{"href":"https:\/\/belenzotano.com\/bz\/wp-json\/wp\/v2\/types\/product"}],"replies":[{"embeddable":true,"href":"https:\/\/belenzotano.com\/bz\/wp-json\/wp\/v2\/comments?post=8018"}],"wp:featuredmedia":[{"embeddable":true,"href":"https:\/\/belenzotano.com\/bz\/wp-json\/wp\/v2\/media\/7957"}],"wp:attachment":[{"href":"https:\/\/belenzotano.com\/bz\/wp-json\/wp\/v2\/media?parent=8018"}],"wp:term":[{"taxonomy":"product_brand","embeddable":true,"href":"https:\/\/belenzotano.com\/bz\/wp-json\/wp\/v2\/product_brand?post=8018"},{"taxonomy":"product_cat","embeddable":true,"href":"https:\/\/belenzotano.com\/bz\/wp-json\/wp\/v2\/product_cat?post=8018"},{"taxonomy":"product_tag","embeddable":true,"href":"https:\/\/belenzotano.com\/bz\/wp-json\/wp\/v2\/product_tag?post=8018"}],"curies":[{"name":"wp","href":"https:\/\/api.w.org\/{rel}","templated":true}]}}