{"id":8012,"date":"2021-04-29T19:02:36","date_gmt":"2021-04-29T17:02:36","guid":{"rendered":"https:\/\/belenzotano.com\/bz\/?post_type=product&#038;p=8012"},"modified":"2025-06-16T11:22:16","modified_gmt":"2025-06-16T09:22:16","slug":"bikini-nina-pajaros","status":"publish","type":"product","link":"https:\/\/belenzotano.com\/bz\/producto\/bikini-nina-pajaros\/","title":{"rendered":"Bikini Ni\u00f1a P\u00e1jaros"},"content":{"rendered":"<p>Bikini ni\u00f1a Colecci\u00f3n P\u00e1jaros.<\/p>\n<p>Precioso Bikini Colecci\u00f3n P\u00e1jaros.<\/p>\n<p>Parte delantera estampada, con lazo de Tul en la parte trasera, parte de abajo estampada y trasera en color Celeste y lazo estampado.<\/p>\n<p>Esta colecci\u00f3n la tenemos para toda la familia.<\/p>\n<p>Todos nuestros ba\u00f1adores est\u00e1n confeccionados artesanalmente en Espa\u00f1a.<\/p>\n<p>Cuidamos hasta el m\u00e1s m\u00ednimo detalle, haciendo de su Calidad y Dise\u00f1o sean \u00fanicos en el mercado.<\/p>\n<p>Si quieres que te asesoremos con tallas, o cualquier otra consulta, escr\u00edbenos y te ayudaremos.<\/p>\n<p>COMPOSICI\u00d3N:<\/p>\n<p>90%PA 10% EA<\/p>\n","protected":false},"excerpt":{"rendered":"<p>Bikini ni\u00f1a Colecci\u00f3n P\u00e1jaros.<\/p>\n","protected":false},"featured_media":7995,"comment_status":"open","ping_status":"closed","template":"","meta":{"_joinchat":[]},"product_brand":[],"product_cat":[464,26,44,294,420,429],"product_tag":[253,349,344,250,251,249,248,350,161,335,498],"class_list":{"0":"post-8012","1":"product","2":"type-product","3":"status-publish","4":"has-post-thumbnail","6":"product_cat-bano-nina","7":"product_cat-tienda-bano","8":"product_cat-bikinis-para-ninas-belen-zotano","9":"product_cat-bikinis-banadores-ninas","10":"product_cat-coleccion-pajaros","11":"product_cat-nueva-coleccion","12":"product_tag-banadores-para-toda-la-familia","13":"product_tag-bikini","14":"product_tag-bikini-nina-origianal-exclusivo","15":"product_tag-bikinis-alta-calidad","16":"product_tag-bikinis-malaga","17":"product_tag-bikinis-ninas","18":"product_tag-bikinis-originales","19":"product_tag-calidad","20":"product_tag-exclusivo","21":"product_tag-nina","22":"product_tag-pajaros","23":"pa_coleccion-pajaros","24":"pa_tallas-banadores-453","25":"pa_tallas-banadores-455","26":"pa_tallas-banadores-451","27":"pa_tallas-banadores-452","29":"first","30":"instock","31":"sale","32":"taxable","33":"shipping-taxable","34":"purchasable","35":"product-type-variable"},"_links":{"self":[{"href":"https:\/\/belenzotano.com\/bz\/wp-json\/wp\/v2\/product\/8012","targetHints":{"allow":["GET"]}}],"collection":[{"href":"https:\/\/belenzotano.com\/bz\/wp-json\/wp\/v2\/product"}],"about":[{"href":"https:\/\/belenzotano.com\/bz\/wp-json\/wp\/v2\/types\/product"}],"replies":[{"embeddable":true,"href":"https:\/\/belenzotano.com\/bz\/wp-json\/wp\/v2\/comments?post=8012"}],"wp:featuredmedia":[{"embeddable":true,"href":"https:\/\/belenzotano.com\/bz\/wp-json\/wp\/v2\/media\/7995"}],"wp:attachment":[{"href":"https:\/\/belenzotano.com\/bz\/wp-json\/wp\/v2\/media?parent=8012"}],"wp:term":[{"taxonomy":"product_brand","embeddable":true,"href":"https:\/\/belenzotano.com\/bz\/wp-json\/wp\/v2\/product_brand?post=8012"},{"taxonomy":"product_cat","embeddable":true,"href":"https:\/\/belenzotano.com\/bz\/wp-json\/wp\/v2\/product_cat?post=8012"},{"taxonomy":"product_tag","embeddable":true,"href":"https:\/\/belenzotano.com\/bz\/wp-json\/wp\/v2\/product_tag?post=8012"}],"curies":[{"name":"wp","href":"https:\/\/api.w.org\/{rel}","templated":true}]}}