{"id":7861,"date":"2021-04-15T19:56:09","date_gmt":"2021-04-15T17:56:09","guid":{"rendered":"https:\/\/belenzotano.com\/bz\/?post_type=product&#038;p=7861"},"modified":"2024-02-17T00:06:19","modified_gmt":"2024-02-16T23:06:19","slug":"banador-nino-pajaros","status":"publish","type":"product","link":"https:\/\/belenzotano.com\/bz\/producto\/banador-nino-pajaros\/","title":{"rendered":"Ba\u00f1ador Ni\u00f1o P\u00e1jaros"},"content":{"rendered":"<p>Ba\u00f1ador ni\u00f1o estampado P\u00e1jaros.<\/p>\n<p>Ba\u00f1ador ni\u00f1o con bolsillos laterales y cord\u00f3n en color Verde Agua.<\/p>\n<p>Secado r\u00e1pido.<\/p>\n<p>Todos nuestros ba\u00f1adores est\u00e1n confeccionados artesanalmente en Espa\u00f1a.<\/p>\n<p>Cuidamos hasta el m\u00e1s m\u00ednimo detalle, haciendo de su Calidad y Dise\u00f1o sean \u00fanicos en el mercado.<\/p>\n<p>Si quieres que te asesoremos con tallas, o cualquier otra consulta, escr\u00edbenos y te ayudaremos.<\/p>\n<p>COMPOSICI\u00d3N:<\/p>\n<p>100% Poliester.<\/p>\n<p>&nbsp;<\/p>\n","protected":false},"excerpt":{"rendered":"<p>Ba\u00f1ador ni\u00f1o Colecci\u00f3n P\u00e1jaros.<\/p>\n<p><a href=\"https:\/\/belenzotano.com\/bz\/guia-de-tallas\/\"><img loading=\"lazy\" decoding=\"async\" class=\"alignnone wp-image-770\" src=\"https:\/\/belenzotano.com\/bz\/wp-content\/uploads\/2019\/01\/boton-tallas.png\" alt=\"\" width=\"204\" height=\"57\" \/><\/a><\/p>\n","protected":false},"featured_media":7845,"comment_status":"open","ping_status":"closed","template":"","meta":{"_joinchat":[]},"product_brand":[],"product_cat":[26,462,43,293,420,429],"product_tag":[511,499,340],"class_list":{"0":"post-7861","1":"product","2":"type-product","3":"status-publish","4":"has-post-thumbnail","6":"product_cat-tienda-bano","7":"product_cat-bano-nino","8":"product_cat-banadores-para-ninos-belen-zotano","9":"product_cat-banadores-ninos","10":"product_cat-coleccion-pajaros","11":"product_cat-nueva-coleccion","12":"product_tag-banador-nino","13":"product_tag-banador-pajaros-nino","14":"product_tag-boxer-nino-banador-nino-exclusivo-original-swimwear","15":"pa_coleccion-pajaros","16":"pa_tallas-banadores-454","18":"first","19":"instock","20":"sale","21":"taxable","22":"shipping-taxable","23":"purchasable","24":"product-type-variable"},"_links":{"self":[{"href":"https:\/\/belenzotano.com\/bz\/wp-json\/wp\/v2\/product\/7861","targetHints":{"allow":["GET"]}}],"collection":[{"href":"https:\/\/belenzotano.com\/bz\/wp-json\/wp\/v2\/product"}],"about":[{"href":"https:\/\/belenzotano.com\/bz\/wp-json\/wp\/v2\/types\/product"}],"replies":[{"embeddable":true,"href":"https:\/\/belenzotano.com\/bz\/wp-json\/wp\/v2\/comments?post=7861"}],"wp:featuredmedia":[{"embeddable":true,"href":"https:\/\/belenzotano.com\/bz\/wp-json\/wp\/v2\/media\/7845"}],"wp:attachment":[{"href":"https:\/\/belenzotano.com\/bz\/wp-json\/wp\/v2\/media?parent=7861"}],"wp:term":[{"taxonomy":"product_brand","embeddable":true,"href":"https:\/\/belenzotano.com\/bz\/wp-json\/wp\/v2\/product_brand?post=7861"},{"taxonomy":"product_cat","embeddable":true,"href":"https:\/\/belenzotano.com\/bz\/wp-json\/wp\/v2\/product_cat?post=7861"},{"taxonomy":"product_tag","embeddable":true,"href":"https:\/\/belenzotano.com\/bz\/wp-json\/wp\/v2\/product_tag?post=7861"}],"curies":[{"name":"wp","href":"https:\/\/api.w.org\/{rel}","templated":true}]}}