{"id":7813,"date":"2021-04-15T19:36:34","date_gmt":"2021-04-15T17:36:34","guid":{"rendered":"https:\/\/belenzotano.com\/bz\/?post_type=product&#038;p=7813"},"modified":"2025-05-26T17:30:51","modified_gmt":"2025-05-26T15:30:51","slug":"banador-hombre-vespas-verde","status":"publish","type":"product","link":"https:\/\/belenzotano.com\/bz\/producto\/banador-hombre-vespas-verde\/","title":{"rendered":"Ba\u00f1ador Hombre Vespas Verde"},"content":{"rendered":"<p>Ba\u00f1ador Hombre, Colecci\u00f3n Vespas Verde.<\/p>\n<p>Estampado Vespas con fondo de color Verde.<\/p>\n<p>Pantal\u00f3n Hombre con bolsillos laterales.<\/p>\n<p>Secado r\u00e1pido.<\/p>\n<p>Esta colecci\u00f3n la tenemos para Pap\u00e1s e Hijos.<\/p>\n<p>Todos nuestros ba\u00f1adores est\u00e1n confeccionados artesanalmente en Espa\u00f1a.<\/p>\n<p>Cuidamos hasta el m\u00e1s m\u00ednimo detalle, haciendo de su Calidad y Dise\u00f1o sean \u00fanicos en el mercado.<\/p>\n<p>Si quieres que te asesoremos con tallas, o cualquier otra consulta, escr\u00edbenos y te ayudaremos.<\/p>\n<p>COMPOSICI\u00d3N:<\/p>\n<p>100% Poli\u00e9ster.<\/p>\n<p>&nbsp;<\/p>\n<p>&nbsp;<\/p>\n","protected":false},"excerpt":{"rendered":"<p>Ba\u00f1ador Hombre Colecci\u00f3n Vespas.<\/p>\n<p><a href=\"https:\/\/belenzotano.com\/bz\/guia-de-tallas\/\"><img loading=\"lazy\" decoding=\"async\" class=\"alignnone wp-image-770\" src=\"https:\/\/belenzotano.com\/bz\/wp-content\/uploads\/2019\/01\/boton-tallas.png\" alt=\"\" width=\"204\" height=\"57\" \/><\/a><\/p>\n","protected":false},"featured_media":9646,"comment_status":"open","ping_status":"closed","template":"","meta":{"_joinchat":[]},"product_brand":[],"product_cat":[26,41,422,429],"product_tag":[269,348,252,254,257,253,425,427,424,428,426],"class_list":{"0":"post-7813","1":"product","2":"type-product","3":"status-publish","4":"has-post-thumbnail","6":"product_cat-tienda-bano","7":"product_cat-banadores-hombre-belen-zotano","8":"product_cat-coleccion-vespas","9":"product_cat-nueva-coleccion","10":"product_tag-banador-hombre","11":"product_tag-banador-hombre-secado-rapido-unico-exclusivo","12":"product_tag-banadores","13":"product_tag-banadores-iguales","14":"product_tag-banadores-malaga","15":"product_tag-banadores-para-toda-la-familia","16":"product_tag-banadoresaltacalidad","17":"product_tag-banadoresexclusivos","18":"product_tag-banadoreshombre","19":"product_tag-banadoresorigiinales","20":"product_tag-banadorsecadorapido","21":"pa_coleccion-vespas","22":"pa_tallas-banadores-l","23":"pa_tallas-banadores-m","24":"pa_tallas-banadores-xl","25":"pa_tallas-banadores-xxl","27":"first","28":"instock","29":"taxable","30":"shipping-taxable","31":"purchasable","32":"product-type-variable"},"_links":{"self":[{"href":"https:\/\/belenzotano.com\/bz\/wp-json\/wp\/v2\/product\/7813","targetHints":{"allow":["GET"]}}],"collection":[{"href":"https:\/\/belenzotano.com\/bz\/wp-json\/wp\/v2\/product"}],"about":[{"href":"https:\/\/belenzotano.com\/bz\/wp-json\/wp\/v2\/types\/product"}],"replies":[{"embeddable":true,"href":"https:\/\/belenzotano.com\/bz\/wp-json\/wp\/v2\/comments?post=7813"}],"wp:featuredmedia":[{"embeddable":true,"href":"https:\/\/belenzotano.com\/bz\/wp-json\/wp\/v2\/media\/9646"}],"wp:attachment":[{"href":"https:\/\/belenzotano.com\/bz\/wp-json\/wp\/v2\/media?parent=7813"}],"wp:term":[{"taxonomy":"product_brand","embeddable":true,"href":"https:\/\/belenzotano.com\/bz\/wp-json\/wp\/v2\/product_brand?post=7813"},{"taxonomy":"product_cat","embeddable":true,"href":"https:\/\/belenzotano.com\/bz\/wp-json\/wp\/v2\/product_cat?post=7813"},{"taxonomy":"product_tag","embeddable":true,"href":"https:\/\/belenzotano.com\/bz\/wp-json\/wp\/v2\/product_tag?post=7813"}],"curies":[{"name":"wp","href":"https:\/\/api.w.org\/{rel}","templated":true}]}}