{"id":7627,"date":"2020-08-03T19:13:08","date_gmt":"2020-08-03T17:13:08","guid":{"rendered":"https:\/\/belenzotano.com\/bz\/?post_type=product&#038;p=7627"},"modified":"2024-02-19T21:14:08","modified_gmt":"2024-02-19T20:14:08","slug":"bikini-mujer-metalizado-2","status":"publish","type":"product","link":"https:\/\/belenzotano.com\/bz\/producto\/bikini-mujer-metalizado-2\/","title":{"rendered":"Bikini Mujer Metalizado Dorado"},"content":{"rendered":"<p>Bikini Mujer completo Metalizado.<\/p>\n<p>Parte delantera forma triangulo Negro-Dorado, con relleno extra\u00edble.<\/p>\n<p>Parte de Abajo delantera Dorada con dos tiras laterales \u00a0y parte trasera con rizo en Negra.<\/p>\n<p>Todos nuestros ba\u00f1adores est\u00e1n confeccionados artesanalmente en Espa\u00f1a.<\/p>\n<p>Cuidamos hasta el m\u00e1s m\u00ednimo detalle, haciendo de su Calidad y Dise\u00f1o sean \u00fanicos en el mercado.<\/p>\n<p>Si quieres que te asesoremos con tallas, o cualquier otra consulta, escr\u00edbenos y te ayudaremos.<\/p>\n<p>COMPOSICI\u00d3N:<\/p>\n<p>90% PA 10% EA<\/p>\n<p>LAVADO: A mano.<\/p>\n<p>&nbsp;<\/p>\n","protected":false},"excerpt":{"rendered":"<p>Bikini Mujer Metalizado.<\/p>\n","protected":false},"featured_media":7699,"comment_status":"open","ping_status":"closed","template":"","meta":{"_joinchat":[]},"product_brand":[],"product_cat":[79,416],"product_tag":[253,349,346,274,355,161,515,354,126],"class_list":{"0":"post-7627","1":"product","2":"type-product","3":"status-publish","4":"has-post-thumbnail","6":"product_cat-bikinis-mujer-banadores","7":"product_cat-edicion-limitada","8":"product_tag-banadores-para-toda-la-familia","9":"product_tag-bikini","10":"product_tag-bikini-mujer-original-exclusivo-para-toda-la-familia","11":"product_tag-bikinis-mujer","12":"product_tag-con-relleno","13":"product_tag-exclusivo","14":"product_tag-metalizado","15":"product_tag-mujer","16":"product_tag-original","17":"pa_tallas-banadores-l","18":"pa_tallas-banadores-m","19":"pa_tallas-banadores-s","21":"first","22":"instock","23":"taxable","24":"shipping-taxable","25":"purchasable","26":"product-type-variable"},"_links":{"self":[{"href":"https:\/\/belenzotano.com\/bz\/wp-json\/wp\/v2\/product\/7627","targetHints":{"allow":["GET"]}}],"collection":[{"href":"https:\/\/belenzotano.com\/bz\/wp-json\/wp\/v2\/product"}],"about":[{"href":"https:\/\/belenzotano.com\/bz\/wp-json\/wp\/v2\/types\/product"}],"replies":[{"embeddable":true,"href":"https:\/\/belenzotano.com\/bz\/wp-json\/wp\/v2\/comments?post=7627"}],"wp:featuredmedia":[{"embeddable":true,"href":"https:\/\/belenzotano.com\/bz\/wp-json\/wp\/v2\/media\/7699"}],"wp:attachment":[{"href":"https:\/\/belenzotano.com\/bz\/wp-json\/wp\/v2\/media?parent=7627"}],"wp:term":[{"taxonomy":"product_brand","embeddable":true,"href":"https:\/\/belenzotano.com\/bz\/wp-json\/wp\/v2\/product_brand?post=7627"},{"taxonomy":"product_cat","embeddable":true,"href":"https:\/\/belenzotano.com\/bz\/wp-json\/wp\/v2\/product_cat?post=7627"},{"taxonomy":"product_tag","embeddable":true,"href":"https:\/\/belenzotano.com\/bz\/wp-json\/wp\/v2\/product_tag?post=7627"}],"curies":[{"name":"wp","href":"https:\/\/api.w.org\/{rel}","templated":true}]}}