{"id":4527,"date":"2019-04-18T15:03:14","date_gmt":"2019-04-18T13:03:14","guid":{"rendered":"https:\/\/belenzotano.com\/bz\/?post_type=product&#038;p=4527"},"modified":"2024-02-20T20:42:31","modified_gmt":"2024-02-20T19:42:31","slug":"vestido-nina","status":"publish","type":"product","link":"https:\/\/belenzotano.com\/bz\/producto\/vestido-nina\/","title":{"rendered":"Vestido Ni\u00f1a"},"content":{"rendered":"<p>Precioso Vestido de Ni\u00f1a, para ir a juego de tu Bikini o Ba\u00f1ador.<\/p>\n<p>Preguntar existencias.<\/p>\n<p>Composici\u00f3n:<\/p>\n<p>100% Algod\u00f3n.<\/p>\n","protected":false},"excerpt":{"rendered":"<p>Vestido Ni\u00f1a<\/p>\n","protected":false},"featured_media":4523,"comment_status":"open","ping_status":"closed","template":"","meta":{"_joinchat":[]},"product_brand":[],"product_cat":[464,26,342,351,338,356,44,294],"product_tag":[256,249,504],"class_list":{"0":"post-4527","1":"product","2":"type-product","3":"status-publish","4":"has-post-thumbnail","6":"product_cat-bano-nina","7":"product_cat-tienda-bano","8":"product_cat-coleccion-flores-malva","9":"product_cat-coleccion-flores-vichy","10":"product_cat-coleccion-mandala","11":"product_cat-coleccion-viva","12":"product_cat-bikinis-para-ninas-belen-zotano","13":"product_cat-bikinis-banadores-ninas","14":"product_tag-banador-nina","15":"product_tag-bikinis-ninas","16":"product_tag-vestidos-nina-a-juego-bikini-banador","17":"pa_coleccion-flores-malva","18":"pa_coleccion-flores-vichy","19":"pa_coleccion-mandala","20":"pa_coleccion-viva","21":"pa_tallas-banadores-448","22":"pa_tallas-banadores-453","23":"pa_tallas-banadores-449","24":"pa_tallas-banadores-450","25":"pa_tallas-banadores-451","26":"pa_tallas-banadores-452","27":"pa_vestido-nina-flores-malva","28":"pa_vestido-nina-flores-vichy","29":"pa_vestido-nina-mandala","30":"pa_vestido-nina-viva","32":"first","33":"instock","34":"sale","35":"taxable","36":"shipping-taxable","37":"purchasable","38":"product-type-variable"},"_links":{"self":[{"href":"https:\/\/belenzotano.com\/bz\/wp-json\/wp\/v2\/product\/4527","targetHints":{"allow":["GET"]}}],"collection":[{"href":"https:\/\/belenzotano.com\/bz\/wp-json\/wp\/v2\/product"}],"about":[{"href":"https:\/\/belenzotano.com\/bz\/wp-json\/wp\/v2\/types\/product"}],"replies":[{"embeddable":true,"href":"https:\/\/belenzotano.com\/bz\/wp-json\/wp\/v2\/comments?post=4527"}],"wp:featuredmedia":[{"embeddable":true,"href":"https:\/\/belenzotano.com\/bz\/wp-json\/wp\/v2\/media\/4523"}],"wp:attachment":[{"href":"https:\/\/belenzotano.com\/bz\/wp-json\/wp\/v2\/media?parent=4527"}],"wp:term":[{"taxonomy":"product_brand","embeddable":true,"href":"https:\/\/belenzotano.com\/bz\/wp-json\/wp\/v2\/product_brand?post=4527"},{"taxonomy":"product_cat","embeddable":true,"href":"https:\/\/belenzotano.com\/bz\/wp-json\/wp\/v2\/product_cat?post=4527"},{"taxonomy":"product_tag","embeddable":true,"href":"https:\/\/belenzotano.com\/bz\/wp-json\/wp\/v2\/product_tag?post=4527"}],"curies":[{"name":"wp","href":"https:\/\/api.w.org\/{rel}","templated":true}]}}