{"id":4495,"date":"2019-04-18T12:42:23","date_gmt":"2019-04-18T10:42:23","guid":{"rendered":"https:\/\/belenzotano.com\/bz\/?post_type=product&#038;p=4495"},"modified":"2024-02-19T21:15:07","modified_gmt":"2024-02-19T20:15:07","slug":"bikini-mujer-calaveras","status":"publish","type":"product","link":"https:\/\/belenzotano.com\/bz\/producto\/bikini-mujer-calaveras\/","title":{"rendered":"Bikini Mujer Calaveras"},"content":{"rendered":"<p>Bikini Mujer completo, Colecci\u00f3n Calaveras.<\/p>\n<p>Parte delantera triangulo estampada Calaveras, con relleno extra\u00edble.<\/p>\n<p>Parte de Abajo delantera estampada con dos tiras laterales \u00a0y parte trasera un poco brasile\u00f1a en Negra.<\/p>\n<p>Todos nuestros ba\u00f1adores est\u00e1n confeccionados artesanalmente en Espa\u00f1a.<\/p>\n<p>Cuidamos hasta el m\u00e1s m\u00ednimo detalle, haciendo de su Calidad y Dise\u00f1o sean \u00fanicos en el mercado.<\/p>\n<p>Si quieres que te asesoremos con tallas, o cualquier otra consulta, escr\u00edbenos y te ayudaremos.<\/p>\n<p>COMPOSICI\u00d3N:<\/p>\n<p>90% PA 10% EA<\/p>\n<p>&nbsp;<\/p>\n","protected":false},"excerpt":{"rendered":"<p>Bikini Mujer Colecci\u00f3n Calaveras.<\/p>\n","protected":false},"featured_media":4635,"comment_status":"open","ping_status":"closed","template":"","meta":{"_joinchat":[]},"product_brand":[],"product_cat":[26,79,360],"product_tag":[253,349,346,274,355,161,354,126],"class_list":{"0":"post-4495","1":"product","2":"type-product","3":"status-publish","4":"has-post-thumbnail","6":"product_cat-tienda-bano","7":"product_cat-bikinis-mujer-banadores","8":"product_cat-coleccion-calaveras","9":"product_tag-banadores-para-toda-la-familia","10":"product_tag-bikini","11":"product_tag-bikini-mujer-original-exclusivo-para-toda-la-familia","12":"product_tag-bikinis-mujer","13":"product_tag-con-relleno","14":"product_tag-exclusivo","15":"product_tag-mujer","16":"product_tag-original","17":"pa_coleccion-calaveras","18":"pa_tallas-banadores-l","19":"pa_tallas-banadores-m","20":"pa_tallas-banadores-s","21":"pa_tallas-banadores-xl","22":"pa_tallas-banadores-xs","24":"first","25":"instock","26":"sale","27":"taxable","28":"shipping-taxable","29":"purchasable","30":"product-type-variable"},"_links":{"self":[{"href":"https:\/\/belenzotano.com\/bz\/wp-json\/wp\/v2\/product\/4495","targetHints":{"allow":["GET"]}}],"collection":[{"href":"https:\/\/belenzotano.com\/bz\/wp-json\/wp\/v2\/product"}],"about":[{"href":"https:\/\/belenzotano.com\/bz\/wp-json\/wp\/v2\/types\/product"}],"replies":[{"embeddable":true,"href":"https:\/\/belenzotano.com\/bz\/wp-json\/wp\/v2\/comments?post=4495"}],"wp:featuredmedia":[{"embeddable":true,"href":"https:\/\/belenzotano.com\/bz\/wp-json\/wp\/v2\/media\/4635"}],"wp:attachment":[{"href":"https:\/\/belenzotano.com\/bz\/wp-json\/wp\/v2\/media?parent=4495"}],"wp:term":[{"taxonomy":"product_brand","embeddable":true,"href":"https:\/\/belenzotano.com\/bz\/wp-json\/wp\/v2\/product_brand?post=4495"},{"taxonomy":"product_cat","embeddable":true,"href":"https:\/\/belenzotano.com\/bz\/wp-json\/wp\/v2\/product_cat?post=4495"},{"taxonomy":"product_tag","embeddable":true,"href":"https:\/\/belenzotano.com\/bz\/wp-json\/wp\/v2\/product_tag?post=4495"}],"curies":[{"name":"wp","href":"https:\/\/api.w.org\/{rel}","templated":true}]}}