{"id":3381,"date":"2019-01-13T12:45:59","date_gmt":"2019-01-13T11:45:59","guid":{"rendered":"http:\/\/belenzotano.com\/bz\/?post_type=product&#038;p=3381"},"modified":"2024-04-18T10:52:56","modified_gmt":"2024-04-18T08:52:56","slug":"banador-mujer-calaveras","status":"publish","type":"product","link":"https:\/\/belenzotano.com\/bz\/producto\/banador-mujer-calaveras\/","title":{"rendered":"Ba\u00f1ador Mujer Calaveras"},"content":{"rendered":"<p>Ba\u00f1ador Mujer, Colecci\u00f3n Calaveras.<\/p>\n<p>Original Ba\u00f1ador Mujer tiro alto estampado Calaveras, con relleno extra\u00edble.<\/p>\n<p>Parte trasera en Negra.<\/p>\n<p>Este ba\u00f1ador tambi\u00e9n lo tenemos con estampado de Palmeras.<\/p>\n<p>Todos nuestros ba\u00f1adores est\u00e1n confeccionados artesanalmente en Espa\u00f1a.<\/p>\n<p>Cuidamos hasta el m\u00e1s m\u00ednimo detalle, haciendo de su Calidad y Dise\u00f1o sean \u00fanicos en el mercado.<\/p>\n<p>Si quieres que te asesoremos con tallas, o cualquier otra consulta, escr\u00edbenos y te ayudaremos.<\/p>\n<p>COMPOSICI\u00d3N:<\/p>\n<p>Tejido: 90% PA 10% EA<\/p>\n<p>&nbsp;<\/p>\n","protected":false},"excerpt":{"rendered":"<p>Ba\u00f1ador Mujer Colecci\u00f3n Calaveras.<\/p>\n","protected":false},"featured_media":3337,"comment_status":"open","ping_status":"closed","template":"","meta":{"_joinchat":[]},"product_brand":[],"product_cat":[26,79,360],"product_tag":[361,283,253,355,161,354,126,362],"class_list":{"0":"post-3381","1":"product","2":"type-product","3":"status-publish","4":"has-post-thumbnail","6":"product_cat-tienda-bano","7":"product_cat-bikinis-mujer-banadores","8":"product_cat-coleccion-calaveras","9":"product_tag-banador","10":"product_tag-banador-mujer","11":"product_tag-banadores-para-toda-la-familia","12":"product_tag-con-relleno","13":"product_tag-exclusivo","14":"product_tag-mujer","15":"product_tag-original","16":"product_tag-tiroalto","17":"pa_coleccion-calaveras","18":"pa_tallas-banadores-l","19":"pa_tallas-banadores-m","20":"pa_tallas-banadores-s","21":"pa_tallas-banadores-xl","22":"pa_tallas-banadores-xs","24":"first","25":"instock","26":"sale","27":"taxable","28":"shipping-taxable","29":"purchasable","30":"product-type-variable"},"_links":{"self":[{"href":"https:\/\/belenzotano.com\/bz\/wp-json\/wp\/v2\/product\/3381","targetHints":{"allow":["GET"]}}],"collection":[{"href":"https:\/\/belenzotano.com\/bz\/wp-json\/wp\/v2\/product"}],"about":[{"href":"https:\/\/belenzotano.com\/bz\/wp-json\/wp\/v2\/types\/product"}],"replies":[{"embeddable":true,"href":"https:\/\/belenzotano.com\/bz\/wp-json\/wp\/v2\/comments?post=3381"}],"wp:featuredmedia":[{"embeddable":true,"href":"https:\/\/belenzotano.com\/bz\/wp-json\/wp\/v2\/media\/3337"}],"wp:attachment":[{"href":"https:\/\/belenzotano.com\/bz\/wp-json\/wp\/v2\/media?parent=3381"}],"wp:term":[{"taxonomy":"product_brand","embeddable":true,"href":"https:\/\/belenzotano.com\/bz\/wp-json\/wp\/v2\/product_brand?post=3381"},{"taxonomy":"product_cat","embeddable":true,"href":"https:\/\/belenzotano.com\/bz\/wp-json\/wp\/v2\/product_cat?post=3381"},{"taxonomy":"product_tag","embeddable":true,"href":"https:\/\/belenzotano.com\/bz\/wp-json\/wp\/v2\/product_tag?post=3381"}],"curies":[{"name":"wp","href":"https:\/\/api.w.org\/{rel}","templated":true}]}}