{"id":3286,"date":"2019-01-12T19:45:59","date_gmt":"2019-01-12T18:45:59","guid":{"rendered":"http:\/\/belenzotano.com\/bz\/?post_type=product&#038;p=3286"},"modified":"2024-02-19T21:02:50","modified_gmt":"2024-02-19T20:02:50","slug":"bikini-mujer-2","status":"publish","type":"product","link":"https:\/\/belenzotano.com\/bz\/producto\/bikini-mujer-2\/","title":{"rendered":"Bandeau Mujer Viva"},"content":{"rendered":"<p>Bandeau Colecci\u00f3n Viva.<\/p>\n<p>Parte delantera Bandeau estampada, con relleno extra\u00edble, no lleva volantes en los hombros, laterales color Turquesa.<\/p>\n<p>Lazo central en color Coral, este lazo viene suelto, por lo que puedes ponerlo o n\u00f3, seg\u00fan te guste m\u00e1s.<\/p>\n<p>Esta colecci\u00f3n la tenemos para toda la familia.<\/p>\n<p>Todos nuestros ba\u00f1adores est\u00e1n confeccionados artesanalmente en Espa\u00f1a.<\/p>\n<p>Cuidamos hasta el m\u00e1s m\u00ednimo detalle, haciendo de su Calidad y Dise\u00f1o sean \u00fanicos en el mercado.<\/p>\n<p>Si quieres que te asesoremos con tallas, o cualquier otra consulta, escr\u00edbenos y te ayudaremos.<\/p>\n<p>COMPOSICI\u00d3N:<\/p>\n<p>90% PA 10% EA<\/p>\n<p>&nbsp;<\/p>\n","protected":false},"excerpt":{"rendered":"<p>Bandeau Mujer Colecci\u00f3n Viva.<\/p>\n","protected":false},"featured_media":3240,"comment_status":"open","ping_status":"closed","template":"","meta":{"_joinchat":[]},"product_brand":[],"product_cat":[26,461,79,356],"product_tag":[253,349,539,346,540,274,355,161,354,126],"class_list":{"0":"post-3286","1":"product","2":"type-product","3":"status-publish","4":"has-post-thumbnail","6":"product_cat-tienda-bano","7":"product_cat-bano-mujer","8":"product_cat-bikinis-mujer-banadores","9":"product_cat-coleccion-viva","10":"product_tag-banadores-para-toda-la-familia","11":"product_tag-bikini","12":"product_tag-bikini-mujer","13":"product_tag-bikini-mujer-original-exclusivo-para-toda-la-familia","14":"product_tag-bikinis","15":"product_tag-bikinis-mujer","16":"product_tag-con-relleno","17":"product_tag-exclusivo","18":"product_tag-mujer","19":"product_tag-original","20":"pa_coleccion-viva","21":"pa_tallas-banadores-l","22":"pa_tallas-banadores-m","23":"pa_tallas-banadores-s","24":"pa_tallas-banadores-xl","25":"pa_tallas-banadores-xs","27":"first","28":"instock","29":"sale","30":"taxable","31":"shipping-taxable","32":"purchasable","33":"product-type-variable"},"_links":{"self":[{"href":"https:\/\/belenzotano.com\/bz\/wp-json\/wp\/v2\/product\/3286","targetHints":{"allow":["GET"]}}],"collection":[{"href":"https:\/\/belenzotano.com\/bz\/wp-json\/wp\/v2\/product"}],"about":[{"href":"https:\/\/belenzotano.com\/bz\/wp-json\/wp\/v2\/types\/product"}],"replies":[{"embeddable":true,"href":"https:\/\/belenzotano.com\/bz\/wp-json\/wp\/v2\/comments?post=3286"}],"wp:featuredmedia":[{"embeddable":true,"href":"https:\/\/belenzotano.com\/bz\/wp-json\/wp\/v2\/media\/3240"}],"wp:attachment":[{"href":"https:\/\/belenzotano.com\/bz\/wp-json\/wp\/v2\/media?parent=3286"}],"wp:term":[{"taxonomy":"product_brand","embeddable":true,"href":"https:\/\/belenzotano.com\/bz\/wp-json\/wp\/v2\/product_brand?post=3286"},{"taxonomy":"product_cat","embeddable":true,"href":"https:\/\/belenzotano.com\/bz\/wp-json\/wp\/v2\/product_cat?post=3286"},{"taxonomy":"product_tag","embeddable":true,"href":"https:\/\/belenzotano.com\/bz\/wp-json\/wp\/v2\/product_tag?post=3286"}],"curies":[{"name":"wp","href":"https:\/\/api.w.org\/{rel}","templated":true}]}}