{"id":3180,"date":"2019-01-12T18:12:52","date_gmt":"2019-01-12T17:12:52","guid":{"rendered":"http:\/\/belenzotano.com\/bz\/?post_type=product&#038;p=3180"},"modified":"2024-03-04T19:15:32","modified_gmt":"2024-03-04T18:15:32","slug":"bikini-mujer-hombro-volante","status":"publish","type":"product","link":"https:\/\/belenzotano.com\/bz\/producto\/bikini-mujer-hombro-volante\/","title":{"rendered":"Top Mujer hombro Volante"},"content":{"rendered":"<p>Parte de arriba Mujer, Colecci\u00f3n Flores-Vichy.<\/p>\n<p>Parte delantera a un hombro estampada Flores, con relleno extra\u00edble y volante en Vichy.<\/p>\n<p>Esta colecci\u00f3n la tenemos para toda la familia.<\/p>\n<p>Todos nuestros ba\u00f1adores est\u00e1n confeccionados artesanalmente en Espa\u00f1a.<\/p>\n<p>Cuidamos hasta el m\u00e1s m\u00ednimo detalle, haciendo de su Calidad y Dise\u00f1o sean \u00fanicos en el mercado.<\/p>\n<p>Si quieres que te asesoremos con tallas, o cualquier otra consulta, escr\u00edbenos y te ayudaremos.<\/p>\n<p>COMPOSICI\u00d3N:<\/p>\n<p>90% PA 10% EA<\/p>\n<p>&nbsp;<\/p>\n","protected":false},"excerpt":{"rendered":"<p>Top Mujer Colecci\u00f3n Flores-Vichy.<\/p>\n","protected":false},"featured_media":3112,"comment_status":"open","ping_status":"closed","template":"","meta":{"_joinchat":[]},"product_brand":[],"product_cat":[26,79,351],"product_tag":[253,349,346,274,355,161,354,126],"class_list":{"0":"post-3180","1":"product","2":"type-product","3":"status-publish","4":"has-post-thumbnail","6":"product_cat-tienda-bano","7":"product_cat-bikinis-mujer-banadores","8":"product_cat-coleccion-flores-vichy","9":"product_tag-banadores-para-toda-la-familia","10":"product_tag-bikini","11":"product_tag-bikini-mujer-original-exclusivo-para-toda-la-familia","12":"product_tag-bikinis-mujer","13":"product_tag-con-relleno","14":"product_tag-exclusivo","15":"product_tag-mujer","16":"product_tag-original","17":"pa_coleccion-flores-vichy","18":"pa_tallas-banadores-l","19":"pa_tallas-banadores-m","20":"pa_tallas-banadores-s","21":"pa_tallas-banadores-xl","22":"pa_tallas-banadores-xs","24":"first","25":"outofstock","26":"sale","27":"taxable","28":"shipping-taxable","29":"purchasable","30":"product-type-variable"},"_links":{"self":[{"href":"https:\/\/belenzotano.com\/bz\/wp-json\/wp\/v2\/product\/3180","targetHints":{"allow":["GET"]}}],"collection":[{"href":"https:\/\/belenzotano.com\/bz\/wp-json\/wp\/v2\/product"}],"about":[{"href":"https:\/\/belenzotano.com\/bz\/wp-json\/wp\/v2\/types\/product"}],"replies":[{"embeddable":true,"href":"https:\/\/belenzotano.com\/bz\/wp-json\/wp\/v2\/comments?post=3180"}],"wp:featuredmedia":[{"embeddable":true,"href":"https:\/\/belenzotano.com\/bz\/wp-json\/wp\/v2\/media\/3112"}],"wp:attachment":[{"href":"https:\/\/belenzotano.com\/bz\/wp-json\/wp\/v2\/media?parent=3180"}],"wp:term":[{"taxonomy":"product_brand","embeddable":true,"href":"https:\/\/belenzotano.com\/bz\/wp-json\/wp\/v2\/product_brand?post=3180"},{"taxonomy":"product_cat","embeddable":true,"href":"https:\/\/belenzotano.com\/bz\/wp-json\/wp\/v2\/product_cat?post=3180"},{"taxonomy":"product_tag","embeddable":true,"href":"https:\/\/belenzotano.com\/bz\/wp-json\/wp\/v2\/product_tag?post=3180"}],"curies":[{"name":"wp","href":"https:\/\/api.w.org\/{rel}","templated":true}]}}