{"id":3155,"date":"2019-01-12T12:49:55","date_gmt":"2019-01-12T11:49:55","guid":{"rendered":"http:\/\/belenzotano.com\/bz\/?post_type=product&#038;p=3155"},"modified":"2024-02-17T00:07:10","modified_gmt":"2024-02-16T23:07:10","slug":"boxer-nino-3","status":"publish","type":"product","link":"https:\/\/belenzotano.com\/bz\/producto\/boxer-nino-3\/","title":{"rendered":"Boxer Ni\u00f1o Flores"},"content":{"rendered":"<p>Boxer ni\u00f1o Colecci\u00f3n Flores-Vichy.<\/p>\n<p>Este Boxer lo tenemos en Flores y en Vichy, para que elijas el que m\u00e1s te guste.<\/p>\n<p>Esta Colecci\u00f3n la tenemos para toda la Familia.<\/p>\n<p>Todos nuestros ba\u00f1adores est\u00e1n confeccionados artesanalmente en Espa\u00f1a.<\/p>\n<p>Cuidamos hasta el m\u00e1s m\u00ednimo detalle, haciendo de su Calidad y Dise\u00f1o sean \u00fanicos en el mercado.<\/p>\n<p>Si quieres que te asesoremos con tallas, o cualquier otra consulta, escr\u00edbenos y te ayudaremos.<\/p>\n<p>COMPOSICI\u00d3N:<\/p>\n<p>90%PA 10% EA<\/p>\n","protected":false},"excerpt":{"rendered":"<p>Boxer ni\u00f1o Colecci\u00f3n Flores-Vichy.<\/p>\n","protected":false},"featured_media":3080,"comment_status":"open","ping_status":"closed","template":"","meta":{"_joinchat":[]},"product_brand":[],"product_cat":[26,43,351],"product_tag":[511,340],"class_list":{"0":"post-3155","1":"product","2":"type-product","3":"status-publish","4":"has-post-thumbnail","6":"product_cat-tienda-bano","7":"product_cat-banadores-para-ninos-belen-zotano","8":"product_cat-coleccion-flores-vichy","9":"product_tag-banador-nino","10":"product_tag-boxer-nino-banador-nino-exclusivo-original-swimwear","11":"pa_coleccion-flores-vichy","12":"pa_colores-banador-flores","13":"pa_colores-banador-vichy","14":"pa_tallas-banadores-448","15":"pa_tallas-banadores-449","16":"pa_tallas-banadores-450","17":"pa_tallas-banadores-451","18":"pa_tallas-banadores-452","20":"first","21":"instock","22":"sale","23":"taxable","24":"shipping-taxable","25":"purchasable","26":"product-type-variable"},"_links":{"self":[{"href":"https:\/\/belenzotano.com\/bz\/wp-json\/wp\/v2\/product\/3155","targetHints":{"allow":["GET"]}}],"collection":[{"href":"https:\/\/belenzotano.com\/bz\/wp-json\/wp\/v2\/product"}],"about":[{"href":"https:\/\/belenzotano.com\/bz\/wp-json\/wp\/v2\/types\/product"}],"replies":[{"embeddable":true,"href":"https:\/\/belenzotano.com\/bz\/wp-json\/wp\/v2\/comments?post=3155"}],"wp:featuredmedia":[{"embeddable":true,"href":"https:\/\/belenzotano.com\/bz\/wp-json\/wp\/v2\/media\/3080"}],"wp:attachment":[{"href":"https:\/\/belenzotano.com\/bz\/wp-json\/wp\/v2\/media?parent=3155"}],"wp:term":[{"taxonomy":"product_brand","embeddable":true,"href":"https:\/\/belenzotano.com\/bz\/wp-json\/wp\/v2\/product_brand?post=3155"},{"taxonomy":"product_cat","embeddable":true,"href":"https:\/\/belenzotano.com\/bz\/wp-json\/wp\/v2\/product_cat?post=3155"},{"taxonomy":"product_tag","embeddable":true,"href":"https:\/\/belenzotano.com\/bz\/wp-json\/wp\/v2\/product_tag?post=3155"}],"curies":[{"name":"wp","href":"https:\/\/api.w.org\/{rel}","templated":true}]}}