{"id":3153,"date":"2019-01-12T12:40:28","date_gmt":"2019-01-12T11:40:28","guid":{"rendered":"http:\/\/belenzotano.com\/bz\/?post_type=product&#038;p=3153"},"modified":"2024-07-15T11:56:14","modified_gmt":"2024-07-15T09:56:14","slug":"banador-nino-5","status":"publish","type":"product","link":"https:\/\/belenzotano.com\/bz\/producto\/banador-nino-5\/","title":{"rendered":"Ba\u00f1ador Ni\u00f1o Flores Vichy"},"content":{"rendered":"<p>Ba\u00f1ador ni\u00f1o Colecci\u00f3n Flores-Vichy.<\/p>\n<p>Ba\u00f1ador ni\u00f1o con bolsillos laterales y cord\u00f3n en color Blanco.<\/p>\n<p> Ba\u00f1ador ni\u00f1o con estampado de Flores.<\/p>\n<p>Secado r\u00e1pido.<\/p>\n<p>Esta Colecci\u00f3n la tenemos para toda la Familia.<\/p>\n<p>Composici\u00f3n: 100% Poliester.<\/p>\n","protected":false},"excerpt":{"rendered":"<p>Ba\u00f1ador ni\u00f1o Colecci\u00f3n Flores-Vichy.<\/p>\n<p><a href=\"https:\/\/belenzotano.com\/bz\/guia-de-tallas\/\"><img loading=\"lazy\" decoding=\"async\" class=\"alignnone wp-image-770\" src=\"https:\/\/belenzotano.com\/bz\/wp-content\/uploads\/2019\/01\/boton-tallas.png\" alt=\"\" width=\"204\" height=\"57\" \/><\/a><\/p>\n","protected":false},"featured_media":3096,"comment_status":"open","ping_status":"closed","template":"","meta":{"_joinchat":[]},"product_brand":[],"product_cat":[26,43,351],"product_tag":[511,509,340],"class_list":{"0":"post-3153","1":"product","2":"type-product","3":"status-publish","4":"has-post-thumbnail","6":"product_cat-tienda-bano","7":"product_cat-banadores-para-ninos-belen-zotano","8":"product_cat-coleccion-flores-vichy","9":"product_tag-banador-nino","10":"product_tag-banador-nino-secado-rapido","11":"product_tag-boxer-nino-banador-nino-exclusivo-original-swimwear","12":"pa_coleccion-flores-vichy","13":"pa_colores-banador-flores","14":"pa_tallas-banadores-453","15":"pa_tallas-banadores-454","16":"pa_tallas-banadores-455","17":"pa_tallas-banadores-451","18":"pa_tallas-banadores-452","20":"first","21":"instock","22":"sale","23":"taxable","24":"shipping-taxable","25":"purchasable","26":"product-type-variable"},"_links":{"self":[{"href":"https:\/\/belenzotano.com\/bz\/wp-json\/wp\/v2\/product\/3153","targetHints":{"allow":["GET"]}}],"collection":[{"href":"https:\/\/belenzotano.com\/bz\/wp-json\/wp\/v2\/product"}],"about":[{"href":"https:\/\/belenzotano.com\/bz\/wp-json\/wp\/v2\/types\/product"}],"replies":[{"embeddable":true,"href":"https:\/\/belenzotano.com\/bz\/wp-json\/wp\/v2\/comments?post=3153"}],"wp:featuredmedia":[{"embeddable":true,"href":"https:\/\/belenzotano.com\/bz\/wp-json\/wp\/v2\/media\/3096"}],"wp:attachment":[{"href":"https:\/\/belenzotano.com\/bz\/wp-json\/wp\/v2\/media?parent=3153"}],"wp:term":[{"taxonomy":"product_brand","embeddable":true,"href":"https:\/\/belenzotano.com\/bz\/wp-json\/wp\/v2\/product_brand?post=3153"},{"taxonomy":"product_cat","embeddable":true,"href":"https:\/\/belenzotano.com\/bz\/wp-json\/wp\/v2\/product_cat?post=3153"},{"taxonomy":"product_tag","embeddable":true,"href":"https:\/\/belenzotano.com\/bz\/wp-json\/wp\/v2\/product_tag?post=3153"}],"curies":[{"name":"wp","href":"https:\/\/api.w.org\/{rel}","templated":true}]}}