{"id":3058,"date":"2019-01-11T16:58:09","date_gmt":"2019-01-11T15:58:09","guid":{"rendered":"http:\/\/belenzotano.com\/bz\/?post_type=product&#038;p=3058"},"modified":"2024-02-17T00:07:12","modified_gmt":"2024-02-16T23:07:12","slug":"banador-nino","status":"publish","type":"product","link":"https:\/\/belenzotano.com\/bz\/producto\/banador-nino\/","title":{"rendered":"Ba\u00f1ador Ni\u00f1o Flores Malva"},"content":{"rendered":"<p>Ba\u00f1ador ni\u00f1o Colecci\u00f3n Flores Malva.<\/p>\n<p>Ba\u00f1ador ni\u00f1o con bolsillos laterales y cord\u00f3n en color verde militar.<\/p>\n<p>Secado r\u00e1pido.<\/p>\n<p>Esta Colecci\u00f3n la tenemos para toda la Familia.<\/p>\n<p>Todos nuestros ba\u00f1adores est\u00e1n confeccionados artesanalmente en Espa\u00f1a.<\/p>\n<p>Cuidamos hasta el m\u00e1s m\u00ednimo detalle, haciendo de su Calidad y Dise\u00f1o sean \u00fanicos en el mercado.<\/p>\n<p>Si quieres que te asesoremos con tallas, o cualquier otra consulta, escr\u00edbenos y te ayudaremos.<\/p>\n<p>COMPOSICI\u00d3N:<\/p>\n<p>100% Poliester.<\/p>\n<p>&nbsp;<\/p>\n","protected":false},"excerpt":{"rendered":"<p>Ba\u00f1ador ni\u00f1o Colecci\u00f3n Flores Malva.<\/p>\n<p><a href=\"https:\/\/belenzotano.com\/bz\/guia-de-tallas\/\"><img loading=\"lazy\" decoding=\"async\" class=\"alignnone wp-image-770\" src=\"https:\/\/belenzotano.com\/bz\/wp-content\/uploads\/2019\/01\/boton-tallas.png\" alt=\"\" width=\"204\" height=\"57\" \/><\/a><\/p>\n","protected":false},"featured_media":3034,"comment_status":"open","ping_status":"closed","template":"","meta":{"_joinchat":[]},"product_brand":[],"product_cat":[26,43,342],"product_tag":[511,340],"class_list":{"0":"post-3058","1":"product","2":"type-product","3":"status-publish","4":"has-post-thumbnail","6":"product_cat-tienda-bano","7":"product_cat-banadores-para-ninos-belen-zotano","8":"product_cat-coleccion-flores-malva","9":"product_tag-banador-nino","10":"product_tag-boxer-nino-banador-nino-exclusivo-original-swimwear","11":"pa_coleccion-flores-malva","12":"pa_tallas-banadores-453","13":"pa_tallas-banadores-454","14":"pa_tallas-banadores-455","15":"pa_tallas-banadores-452","17":"first","18":"instock","19":"sale","20":"taxable","21":"shipping-taxable","22":"purchasable","23":"product-type-variable"},"_links":{"self":[{"href":"https:\/\/belenzotano.com\/bz\/wp-json\/wp\/v2\/product\/3058","targetHints":{"allow":["GET"]}}],"collection":[{"href":"https:\/\/belenzotano.com\/bz\/wp-json\/wp\/v2\/product"}],"about":[{"href":"https:\/\/belenzotano.com\/bz\/wp-json\/wp\/v2\/types\/product"}],"replies":[{"embeddable":true,"href":"https:\/\/belenzotano.com\/bz\/wp-json\/wp\/v2\/comments?post=3058"}],"wp:featuredmedia":[{"embeddable":true,"href":"https:\/\/belenzotano.com\/bz\/wp-json\/wp\/v2\/media\/3034"}],"wp:attachment":[{"href":"https:\/\/belenzotano.com\/bz\/wp-json\/wp\/v2\/media?parent=3058"}],"wp:term":[{"taxonomy":"product_brand","embeddable":true,"href":"https:\/\/belenzotano.com\/bz\/wp-json\/wp\/v2\/product_brand?post=3058"},{"taxonomy":"product_cat","embeddable":true,"href":"https:\/\/belenzotano.com\/bz\/wp-json\/wp\/v2\/product_cat?post=3058"},{"taxonomy":"product_tag","embeddable":true,"href":"https:\/\/belenzotano.com\/bz\/wp-json\/wp\/v2\/product_tag?post=3058"}],"curies":[{"name":"wp","href":"https:\/\/api.w.org\/{rel}","templated":true}]}}