{"id":3054,"date":"2019-01-11T14:10:50","date_gmt":"2019-01-11T13:10:50","guid":{"rendered":"http:\/\/belenzotano.com\/bz\/?post_type=product&#038;p=3054"},"modified":"2024-06-21T14:46:36","modified_gmt":"2024-06-21T12:46:36","slug":"bikini-nina","status":"publish","type":"product","link":"https:\/\/belenzotano.com\/bz\/producto\/bikini-nina\/","title":{"rendered":"Bikini Ni\u00f1a Flores Malva"},"content":{"rendered":"<p>Bikini ni\u00f1a Colecci\u00f3n Flores Malva.<\/p>\n<p>Sencillo Bikini de Flores combinado con el color Malva. Este modelo es uno de nuestros preferidos.<\/p>\n<p>Parte delantera estampada Flores, trasero en color Malva, lazos traseros Flores.<\/p>\n<p>Parte de abajo delantera estampada Flores, lazos y trasero en color Malva.<\/p>\n<p>Esta colecci\u00f3n la tenemos para toda la familia.<\/p>\n<p>Todos nuestros ba\u00f1adores est\u00e1n confeccionados artesanalmente en Espa\u00f1a.<\/p>\n<p>Cuidamos hasta el m\u00e1s m\u00ednimo detalle, haciendo de su Calidad y Dise\u00f1o sean \u00fanicos en el mercado.<\/p>\n<p>Si quieres que te asesoremos con tallas, o cualquier otra consulta, escr\u00edbenos y te ayudaremos.<\/p>\n<p>COMPOSICI\u00d3N:<\/p>\n<p>90%PA 10% EA<\/p>\n","protected":false},"excerpt":{"rendered":"<p>Bikini ni\u00f1a Colecci\u00f3n Flores Malva.<\/p>\n","protected":false},"featured_media":3017,"comment_status":"open","ping_status":"closed","template":"","meta":{"_joinchat":[]},"product_brand":[],"product_cat":[26,342,44],"product_tag":[253,349,344,250,251,249,248,350,161,335],"class_list":{"0":"post-3054","1":"product","2":"type-product","3":"status-publish","4":"has-post-thumbnail","6":"product_cat-tienda-bano","7":"product_cat-coleccion-flores-malva","8":"product_cat-bikinis-para-ninas-belen-zotano","9":"product_tag-banadores-para-toda-la-familia","10":"product_tag-bikini","11":"product_tag-bikini-nina-origianal-exclusivo","12":"product_tag-bikinis-alta-calidad","13":"product_tag-bikinis-malaga","14":"product_tag-bikinis-ninas","15":"product_tag-bikinis-originales","16":"product_tag-calidad","17":"product_tag-exclusivo","18":"product_tag-nina","19":"pa_tallas-banadores-454","20":"pa_tallas-banadores-455","22":"first","23":"instock","24":"sale","25":"taxable","26":"shipping-taxable","27":"purchasable","28":"product-type-variable"},"_links":{"self":[{"href":"https:\/\/belenzotano.com\/bz\/wp-json\/wp\/v2\/product\/3054","targetHints":{"allow":["GET"]}}],"collection":[{"href":"https:\/\/belenzotano.com\/bz\/wp-json\/wp\/v2\/product"}],"about":[{"href":"https:\/\/belenzotano.com\/bz\/wp-json\/wp\/v2\/types\/product"}],"replies":[{"embeddable":true,"href":"https:\/\/belenzotano.com\/bz\/wp-json\/wp\/v2\/comments?post=3054"}],"wp:featuredmedia":[{"embeddable":true,"href":"https:\/\/belenzotano.com\/bz\/wp-json\/wp\/v2\/media\/3017"}],"wp:attachment":[{"href":"https:\/\/belenzotano.com\/bz\/wp-json\/wp\/v2\/media?parent=3054"}],"wp:term":[{"taxonomy":"product_brand","embeddable":true,"href":"https:\/\/belenzotano.com\/bz\/wp-json\/wp\/v2\/product_brand?post=3054"},{"taxonomy":"product_cat","embeddable":true,"href":"https:\/\/belenzotano.com\/bz\/wp-json\/wp\/v2\/product_cat?post=3054"},{"taxonomy":"product_tag","embeddable":true,"href":"https:\/\/belenzotano.com\/bz\/wp-json\/wp\/v2\/product_tag?post=3054"}],"curies":[{"name":"wp","href":"https:\/\/api.w.org\/{rel}","templated":true}]}}