{"id":3038,"date":"2019-01-11T11:08:50","date_gmt":"2019-01-11T10:08:50","guid":{"rendered":"http:\/\/belenzotano.com\/bz\/?post_type=product&#038;p=3038"},"modified":"2024-07-09T10:01:20","modified_gmt":"2024-07-09T08:01:20","slug":"bikini-nina-original-exclusivo","status":"publish","type":"product","link":"https:\/\/belenzotano.com\/bz\/producto\/bikini-nina-original-exclusivo\/","title":{"rendered":"Bikini Ni\u00f1a Mandala"},"content":{"rendered":"<p>Bikini ni\u00f1a Colecci\u00f3n Mandala.<\/p>\n<p>Precioso Bikini con Volante tipo plisado y vivos en la espalda para adaptarlo a la medida que desees.<\/p>\n<p>Parte delantera estampada Mandala, volante, trasero y vivos en color Coral.<\/p>\n<p>Parte de abajo delantera estampada Mandala, volante y trasero en color Coral.<\/p>\n<p>Esta colecci\u00f3n la tenemos para toda la familia.<\/p>\n<p>Todos nuestros ba\u00f1adores est\u00e1n confeccionados artesanalmente en Espa\u00f1a.<\/p>\n<p>Cuidamos hasta el m\u00e1s m\u00ednimo detalle, haciendo de su Calidad y Dise\u00f1o sean \u00fanicos en el mercado.<\/p>\n<p>Si quieres que te asesoremos con tallas, o cualquier otra consulta, escr\u00edbenos y te ayudaremos.<\/p>\n<p>COMPOSICI\u00d3N:<\/p>\n<p>90%PA 10% EA<\/p>\n","protected":false},"excerpt":{"rendered":"<p>Bikini ni\u00f1a Colecci\u00f3n Mandala.<\/p>\n","protected":false},"featured_media":2954,"comment_status":"open","ping_status":"closed","template":"","meta":{"_joinchat":[]},"product_brand":[],"product_cat":[26,338,44],"product_tag":[344,249],"class_list":{"0":"post-3038","1":"product","2":"type-product","3":"status-publish","4":"has-post-thumbnail","6":"product_cat-tienda-bano","7":"product_cat-coleccion-mandala","8":"product_cat-bikinis-para-ninas-belen-zotano","9":"product_tag-bikini-nina-origianal-exclusivo","10":"product_tag-bikinis-ninas","11":"pa_coleccion-mandala","12":"pa_tallas-banadores-454","13":"pa_tallas-banadores-455","14":"pa_tallas-banadores-452","16":"first","17":"instock","18":"sale","19":"taxable","20":"shipping-taxable","21":"purchasable","22":"product-type-variable"},"_links":{"self":[{"href":"https:\/\/belenzotano.com\/bz\/wp-json\/wp\/v2\/product\/3038","targetHints":{"allow":["GET"]}}],"collection":[{"href":"https:\/\/belenzotano.com\/bz\/wp-json\/wp\/v2\/product"}],"about":[{"href":"https:\/\/belenzotano.com\/bz\/wp-json\/wp\/v2\/types\/product"}],"replies":[{"embeddable":true,"href":"https:\/\/belenzotano.com\/bz\/wp-json\/wp\/v2\/comments?post=3038"}],"wp:featuredmedia":[{"embeddable":true,"href":"https:\/\/belenzotano.com\/bz\/wp-json\/wp\/v2\/media\/2954"}],"wp:attachment":[{"href":"https:\/\/belenzotano.com\/bz\/wp-json\/wp\/v2\/media?parent=3038"}],"wp:term":[{"taxonomy":"product_brand","embeddable":true,"href":"https:\/\/belenzotano.com\/bz\/wp-json\/wp\/v2\/product_brand?post=3038"},{"taxonomy":"product_cat","embeddable":true,"href":"https:\/\/belenzotano.com\/bz\/wp-json\/wp\/v2\/product_cat?post=3038"},{"taxonomy":"product_tag","embeddable":true,"href":"https:\/\/belenzotano.com\/bz\/wp-json\/wp\/v2\/product_tag?post=3038"}],"curies":[{"name":"wp","href":"https:\/\/api.w.org\/{rel}","templated":true}]}}