{"id":2967,"date":"2018-12-13T18:35:15","date_gmt":"2018-12-13T17:35:15","guid":{"rendered":"http:\/\/belenzotano.com\/bz\/?post_type=product&#038;p=2967"},"modified":"2025-07-03T11:14:24","modified_gmt":"2025-07-03T09:14:24","slug":"culetin-nina-coleccion-mandala-para-toda-la-familia-original-malaga","status":"publish","type":"product","link":"https:\/\/belenzotano.com\/bz\/producto\/culetin-nina-coleccion-mandala-para-toda-la-familia-original-malaga\/","title":{"rendered":"Culet\u00edn Ni\u00f1a Mandala"},"content":{"rendered":"<p>Culet\u00edn ni\u00f1a Colecci\u00f3n Mandala.<\/p>\n<p>Parte delantera estampada Mandala, volante y trasero en color Coral.<\/p>\n<p>Esta Colecci\u00f3n la tenemos para toda la Familia.<\/p>\n<p>Todos nuestros ba\u00f1adores est\u00e1n confeccionados artesanalmente en Espa\u00f1a.<\/p>\n<p>Cuidamos hasta el m\u00e1s m\u00ednimo detalle, haciendo de su Calidad y Dise\u00f1o sean \u00fanicos en el mercado.<\/p>\n<p>Si quieres que te asesoremos con tallas, o cualquier otra consulta, escr\u00edbenos y te ayudaremos.<\/p>\n<p>COMPOSICI\u00d3N:<\/p>\n<p>90%PA 10% EA.<\/p>\n<p>&nbsp;<\/p>\n","protected":false},"excerpt":{"rendered":"<p>Culet\u00edn ni\u00f1a Colecci\u00f3n Mandala.<\/p>\n","protected":false},"featured_media":2949,"comment_status":"open","ping_status":"closed","template":"","meta":{"_joinchat":[]},"product_brand":[],"product_cat":[26,338,44],"product_tag":[249,339],"class_list":{"0":"post-2967","1":"product","2":"type-product","3":"status-publish","4":"has-post-thumbnail","6":"product_cat-tienda-bano","7":"product_cat-coleccion-mandala","8":"product_cat-bikinis-para-ninas-belen-zotano","9":"product_tag-bikinis-ninas","10":"product_tag-culetin-nina-coleccion-mandala-bikini-para-toda-la-familia-original-malaga","11":"pa_coleccion-mandala","12":"pa_tallas-banadores-448","13":"pa_tallas-banadores-451","14":"pa_tallas-banadores-452","16":"first","17":"instock","18":"sale","19":"taxable","20":"shipping-taxable","21":"purchasable","22":"product-type-variable"},"_links":{"self":[{"href":"https:\/\/belenzotano.com\/bz\/wp-json\/wp\/v2\/product\/2967","targetHints":{"allow":["GET"]}}],"collection":[{"href":"https:\/\/belenzotano.com\/bz\/wp-json\/wp\/v2\/product"}],"about":[{"href":"https:\/\/belenzotano.com\/bz\/wp-json\/wp\/v2\/types\/product"}],"replies":[{"embeddable":true,"href":"https:\/\/belenzotano.com\/bz\/wp-json\/wp\/v2\/comments?post=2967"}],"wp:featuredmedia":[{"embeddable":true,"href":"https:\/\/belenzotano.com\/bz\/wp-json\/wp\/v2\/media\/2949"}],"wp:attachment":[{"href":"https:\/\/belenzotano.com\/bz\/wp-json\/wp\/v2\/media?parent=2967"}],"wp:term":[{"taxonomy":"product_brand","embeddable":true,"href":"https:\/\/belenzotano.com\/bz\/wp-json\/wp\/v2\/product_brand?post=2967"},{"taxonomy":"product_cat","embeddable":true,"href":"https:\/\/belenzotano.com\/bz\/wp-json\/wp\/v2\/product_cat?post=2967"},{"taxonomy":"product_tag","embeddable":true,"href":"https:\/\/belenzotano.com\/bz\/wp-json\/wp\/v2\/product_tag?post=2967"}],"curies":[{"name":"wp","href":"https:\/\/api.w.org\/{rel}","templated":true}]}}