{"id":2840,"date":"2018-04-16T19:26:37","date_gmt":"2018-04-16T17:26:37","guid":{"rendered":"http:\/\/belenzotano.com\/bz\/?post_type=product&#038;p=2840"},"modified":"2025-02-17T12:26:26","modified_gmt":"2025-02-17T11:26:26","slug":"banador-mujer-negro-copia-2","status":"publish","type":"product","link":"https:\/\/belenzotano.com\/bz\/producto\/banador-mujer-negro-copia-2\/","title":{"rendered":"Ba\u00f1ador Mujer Cremallera"},"content":{"rendered":"<p>Ba\u00f1ador\u00a0Mujer\u00a0Estampado Palmeras\u00a0con forro delantero interior y cremallera<\/p>\n<p>Todos nuestros ba\u00f1adores est\u00e1n confeccionados artesanalmente en Espa\u00f1a.<\/p>\n<p>Cuidamos hasta el m\u00e1s m\u00ednimo detalle, haciendo de su Calidad y Dise\u00f1o sean \u00fanicos en el mercado.<\/p>\n<p>Si quieres que te asesoremos con tallas, o cualquier otra consulta, escr\u00edbenos y te ayudaremos.<\/p>\n<p>&nbsp;<\/p>\n<p>COMPOSICI\u00d3N:<\/p>\n<p>90% Poliamida 10% Elast\u00e1n.<\/p>\n","protected":false},"excerpt":{"rendered":"<p>Ba\u00f1ador\u00a0Mujer Negro &#8211;\u00a0Fluor\u00a0Colecci\u00f3n Rayas.<\/p>\n","protected":false},"featured_media":2843,"comment_status":"open","ping_status":"closed","template":"","meta":{"_joinchat":[]},"product_brand":[],"product_cat":[26,79,45,291],"product_tag":[283,252,257,284,253],"class_list":{"0":"post-2840","1":"product","2":"type-product","3":"status-publish","4":"has-post-thumbnail","6":"product_cat-tienda-bano","7":"product_cat-bikinis-mujer-banadores","8":"product_cat-outlet-banadores-belen-zotano","9":"product_cat-banadores-mujer-bikinis-chica","10":"product_tag-banador-mujer","11":"product_tag-banadores","12":"product_tag-banadores-malaga","13":"product_tag-banadores-originales","14":"product_tag-banadores-para-toda-la-familia","15":"pa_tallas-banadores-m","16":"pa_tallas-banadores-s","17":"pa_tallas-banadores-xl","18":"pa_tallas-banadores-xs","20":"first","21":"instock","22":"sale","23":"taxable","24":"shipping-taxable","25":"purchasable","26":"product-type-variable"},"_links":{"self":[{"href":"https:\/\/belenzotano.com\/bz\/wp-json\/wp\/v2\/product\/2840","targetHints":{"allow":["GET"]}}],"collection":[{"href":"https:\/\/belenzotano.com\/bz\/wp-json\/wp\/v2\/product"}],"about":[{"href":"https:\/\/belenzotano.com\/bz\/wp-json\/wp\/v2\/types\/product"}],"replies":[{"embeddable":true,"href":"https:\/\/belenzotano.com\/bz\/wp-json\/wp\/v2\/comments?post=2840"}],"wp:featuredmedia":[{"embeddable":true,"href":"https:\/\/belenzotano.com\/bz\/wp-json\/wp\/v2\/media\/2843"}],"wp:attachment":[{"href":"https:\/\/belenzotano.com\/bz\/wp-json\/wp\/v2\/media?parent=2840"}],"wp:term":[{"taxonomy":"product_brand","embeddable":true,"href":"https:\/\/belenzotano.com\/bz\/wp-json\/wp\/v2\/product_brand?post=2840"},{"taxonomy":"product_cat","embeddable":true,"href":"https:\/\/belenzotano.com\/bz\/wp-json\/wp\/v2\/product_cat?post=2840"},{"taxonomy":"product_tag","embeddable":true,"href":"https:\/\/belenzotano.com\/bz\/wp-json\/wp\/v2\/product_tag?post=2840"}],"curies":[{"name":"wp","href":"https:\/\/api.w.org\/{rel}","templated":true}]}}