{"id":2616,"date":"2018-01-18T19:20:12","date_gmt":"2018-01-18T18:20:12","guid":{"rendered":"http:\/\/belenzotano.com\/bz\/?post_type=product&#038;p=2616"},"modified":"2024-06-20T11:57:52","modified_gmt":"2024-06-20T09:57:52","slug":"boxer-nino-copia-3","status":"publish","type":"product","link":"https:\/\/belenzotano.com\/bz\/producto\/boxer-nino-copia-3\/","title":{"rendered":"Boxer Ni\u00f1o Azul"},"content":{"rendered":"<p>Boxer\u00a0ni\u00f1o estampado de la Colecci\u00f3n Azul.<\/p>\n<p>Todos nuestros ba\u00f1adores est\u00e1n confeccionados artesanalmente en Espa\u00f1a.<\/p>\n<p>Esta Colecci\u00f3n la tenemos para toda la familia ( Hombre, Mujer, Ni\u00f1o y Ni\u00f1a ).<\/p>\n<p>Cuidamos hasta el m\u00e1s m\u00ednimo detalle, haciendo de su Calidad y Dise\u00f1o sean \u00fanicos en el mercado.<\/p>\n<p>Las tallas se corresponden con las edades.<\/p>\n<p>Si quieres que te asesoremos con tallas, o cualquier otra consulta, escr\u00edbenos y te ayudaremos.<\/p>\n<p>&nbsp;<\/p>\n<p>COMPOSICI\u00d3N:<\/p>\n<p>90% Poliamida 10% Elast\u00e1n.<\/p>\n","protected":false},"excerpt":{"rendered":"<p>Boxer ni\u00f1o estampado\u00a0Colecci\u00f3n Azul.<\/p>\n","protected":false},"featured_media":2797,"comment_status":"open","ping_status":"closed","template":"","meta":{"_joinchat":[]},"product_brand":[],"product_cat":[26,43,45,290,293],"product_tag":[511,252,254,255,253,268,267,111],"class_list":{"0":"post-2616","1":"product","2":"type-product","3":"status-publish","4":"has-post-thumbnail","6":"product_cat-tienda-bano","7":"product_cat-banadores-para-ninos-belen-zotano","8":"product_cat-outlet-banadores-belen-zotano","9":"product_cat-coleccion-azul","10":"product_cat-banadores-ninos","11":"product_tag-banador-nino","12":"product_tag-banadores","13":"product_tag-banadores-iguales","14":"product_tag-banadores-nino-nina","15":"product_tag-banadores-para-toda-la-familia","16":"product_tag-boxer-bebe","17":"product_tag-boxer-nino","18":"product_tag-zotano","19":"pa_coleccion-azul","20":"pa_tallas-banadores-448","21":"pa_tallas-banadores-449","23":"first","24":"instock","25":"sale","26":"taxable","27":"shipping-taxable","28":"purchasable","29":"product-type-variable"},"_links":{"self":[{"href":"https:\/\/belenzotano.com\/bz\/wp-json\/wp\/v2\/product\/2616","targetHints":{"allow":["GET"]}}],"collection":[{"href":"https:\/\/belenzotano.com\/bz\/wp-json\/wp\/v2\/product"}],"about":[{"href":"https:\/\/belenzotano.com\/bz\/wp-json\/wp\/v2\/types\/product"}],"replies":[{"embeddable":true,"href":"https:\/\/belenzotano.com\/bz\/wp-json\/wp\/v2\/comments?post=2616"}],"wp:featuredmedia":[{"embeddable":true,"href":"https:\/\/belenzotano.com\/bz\/wp-json\/wp\/v2\/media\/2797"}],"wp:attachment":[{"href":"https:\/\/belenzotano.com\/bz\/wp-json\/wp\/v2\/media?parent=2616"}],"wp:term":[{"taxonomy":"product_brand","embeddable":true,"href":"https:\/\/belenzotano.com\/bz\/wp-json\/wp\/v2\/product_brand?post=2616"},{"taxonomy":"product_cat","embeddable":true,"href":"https:\/\/belenzotano.com\/bz\/wp-json\/wp\/v2\/product_cat?post=2616"},{"taxonomy":"product_tag","embeddable":true,"href":"https:\/\/belenzotano.com\/bz\/wp-json\/wp\/v2\/product_tag?post=2616"}],"curies":[{"name":"wp","href":"https:\/\/api.w.org\/{rel}","templated":true}]}}