{"id":2601,"date":"2018-01-18T18:59:54","date_gmt":"2018-01-18T17:59:54","guid":{"rendered":"http:\/\/belenzotano.com\/bz\/?post_type=product&#038;p=2601"},"modified":"2024-07-02T13:48:48","modified_gmt":"2024-07-02T11:48:48","slug":"belen-zotano-bikini-mujer-cremallera-coleccion-azul","status":"publish","type":"product","link":"https:\/\/belenzotano.com\/bz\/producto\/belen-zotano-bikini-mujer-cremallera-coleccion-azul\/","title":{"rendered":"Bikini Mujer Push Up Azul"},"content":{"rendered":"<p>Bikini Mujer completo\u00a0con forro y relleno Push Up, Colecci\u00f3n Azul.<\/p>\n<p>Este bikini es perfecto para chicas con poco pecho, que quieran realzar su figura.<\/p>\n<p>Parte delantera combinada\u00a0Estampada-Fucsia y braga color Fucsia\u00a0y lazos estampado.<\/p>\n<p>Esta colecci\u00f3n la tenemos para toda la Familia, Hombre, Mujer, Ni\u00f1o y Ni\u00f1a.<\/p>\n<p>Todos nuestros ba\u00f1adores est\u00e1n confeccionados artesanalmente en Espa\u00f1a.<\/p>\n<p>Cuidamos hasta el m\u00e1s m\u00ednimo detalle, haciendo de su Calidad y Dise\u00f1o sean \u00fanicos en el mercado.<\/p>\n<p>Si quieres que te asesoremos con tallas, o cualquier otra consulta, escr\u00edbenos y te ayudaremos.<\/p>\n<p>&nbsp;<\/p>\n<p>COMPOSICI\u00d3N:<\/p>\n<p>90% Poliamida 10% Elast\u00e1n.<\/p>\n","protected":false},"excerpt":{"rendered":"<p>Bikini con relleno Push Up, Colecci\u00f3n Azul.<\/p>\n","protected":false},"featured_media":2558,"comment_status":"open","ping_status":"closed","template":"","meta":{"_joinchat":[]},"product_brand":[],"product_cat":[26,79,45,290,291],"product_tag":[253,250,251,274,248,282,280],"class_list":{"0":"post-2601","1":"product","2":"type-product","3":"status-publish","4":"has-post-thumbnail","6":"product_cat-tienda-bano","7":"product_cat-bikinis-mujer-banadores","8":"product_cat-outlet-banadores-belen-zotano","9":"product_cat-coleccion-azul","10":"product_cat-banadores-mujer-bikinis-chica","11":"product_tag-banadores-para-toda-la-familia","12":"product_tag-bikinis-alta-calidad","13":"product_tag-bikinis-malaga","14":"product_tag-bikinis-mujer","15":"product_tag-bikinis-originales","16":"product_tag-braga-mujer","17":"product_tag-bragas-originales","18":"pa_coleccion-azul","19":"pa_tallas-banadores-l","20":"pa_tallas-banadores-m","21":"pa_tallas-banadores-s","22":"pa_tallas-banadores-xl","23":"pa_tallas-banadores-xs","25":"first","26":"instock","27":"sale","28":"taxable","29":"shipping-taxable","30":"purchasable","31":"product-type-variable"},"_links":{"self":[{"href":"https:\/\/belenzotano.com\/bz\/wp-json\/wp\/v2\/product\/2601","targetHints":{"allow":["GET"]}}],"collection":[{"href":"https:\/\/belenzotano.com\/bz\/wp-json\/wp\/v2\/product"}],"about":[{"href":"https:\/\/belenzotano.com\/bz\/wp-json\/wp\/v2\/types\/product"}],"replies":[{"embeddable":true,"href":"https:\/\/belenzotano.com\/bz\/wp-json\/wp\/v2\/comments?post=2601"}],"wp:featuredmedia":[{"embeddable":true,"href":"https:\/\/belenzotano.com\/bz\/wp-json\/wp\/v2\/media\/2558"}],"wp:attachment":[{"href":"https:\/\/belenzotano.com\/bz\/wp-json\/wp\/v2\/media?parent=2601"}],"wp:term":[{"taxonomy":"product_brand","embeddable":true,"href":"https:\/\/belenzotano.com\/bz\/wp-json\/wp\/v2\/product_brand?post=2601"},{"taxonomy":"product_cat","embeddable":true,"href":"https:\/\/belenzotano.com\/bz\/wp-json\/wp\/v2\/product_cat?post=2601"},{"taxonomy":"product_tag","embeddable":true,"href":"https:\/\/belenzotano.com\/bz\/wp-json\/wp\/v2\/product_tag?post=2601"}],"curies":[{"name":"wp","href":"https:\/\/api.w.org\/{rel}","templated":true}]}}