{"id":2597,"date":"2018-01-18T18:51:34","date_gmt":"2018-01-18T17:51:34","guid":{"rendered":"http:\/\/belenzotano.com\/bz\/?post_type=product&#038;p=2597"},"modified":"2025-02-17T12:28:44","modified_gmt":"2025-02-17T11:28:44","slug":"belen-zotano-banadores-mujer-cremallera-coleccion-azul-verano","status":"publish","type":"product","link":"https:\/\/belenzotano.com\/bz\/producto\/belen-zotano-banadores-mujer-cremallera-coleccion-azul-verano\/","title":{"rendered":"Ba\u00f1ador Mujer Azul"},"content":{"rendered":"<p>Ba\u00f1ador mujer con forro Colecci\u00f3n Azul.<\/p>\n<p>Este ba\u00f1ador destaca por su originalidad, la cremallera hace que este ba\u00f1ador sea \u00fanico y exclusivo.<\/p>\n<p>Parte delantera estampada, trasera con escote y color Rosa Fucsia.<\/p>\n<p>Este dise\u00f1o es perfecto no solo para la playa, sino que es ideal con unos Jeans, bien en vaqueros como en short o mini falta.<\/p>\n<p>Esta colecci\u00f3n la tenemos para toda la Familia, Hombre, Mujer, Ni\u00f1o y Ni\u00f1a.<\/p>\n<p>Todos nuestros ba\u00f1adores est\u00e1n confeccionados artesanalmente en Espa\u00f1a.<\/p>\n<p>Cuidamos hasta el m\u00e1s m\u00ednimo detalle, haciendo de su Calidad y Dise\u00f1o sean \u00fanicos en el mercado.<\/p>\n<p>Si quieres que te asesoremos con tallas, o cualquier otra consulta, escr\u00edbenos y te ayudaremos.<\/p>\n<p>&nbsp;<\/p>\n<p>COMPOSICI\u00d3N:<\/p>\n<p>90% Poliamida 10% Elast\u00e1n.<\/p>\n","protected":false},"excerpt":{"rendered":"<p>Ba\u00f1ador con cremallera, Colecci\u00f3n Azul.<\/p>\n","protected":false},"featured_media":2560,"comment_status":"open","ping_status":"closed","template":"","meta":{"_joinchat":[]},"product_brand":[],"product_cat":[26,79,45,290,291],"product_tag":[283,252,257,253],"class_list":{"0":"post-2597","1":"product","2":"type-product","3":"status-publish","4":"has-post-thumbnail","6":"product_cat-tienda-bano","7":"product_cat-bikinis-mujer-banadores","8":"product_cat-outlet-banadores-belen-zotano","9":"product_cat-coleccion-azul","10":"product_cat-banadores-mujer-bikinis-chica","11":"product_tag-banador-mujer","12":"product_tag-banadores","13":"product_tag-banadores-malaga","14":"product_tag-banadores-para-toda-la-familia","15":"pa_coleccion-azul","16":"pa_tallas-banadores-m","17":"pa_tallas-banadores-s","18":"pa_tallas-banadores-xl","19":"pa_tallas-banadores-xxl","21":"first","22":"instock","23":"sale","24":"taxable","25":"shipping-taxable","26":"purchasable","27":"product-type-variable"},"_links":{"self":[{"href":"https:\/\/belenzotano.com\/bz\/wp-json\/wp\/v2\/product\/2597","targetHints":{"allow":["GET"]}}],"collection":[{"href":"https:\/\/belenzotano.com\/bz\/wp-json\/wp\/v2\/product"}],"about":[{"href":"https:\/\/belenzotano.com\/bz\/wp-json\/wp\/v2\/types\/product"}],"replies":[{"embeddable":true,"href":"https:\/\/belenzotano.com\/bz\/wp-json\/wp\/v2\/comments?post=2597"}],"wp:featuredmedia":[{"embeddable":true,"href":"https:\/\/belenzotano.com\/bz\/wp-json\/wp\/v2\/media\/2560"}],"wp:attachment":[{"href":"https:\/\/belenzotano.com\/bz\/wp-json\/wp\/v2\/media?parent=2597"}],"wp:term":[{"taxonomy":"product_brand","embeddable":true,"href":"https:\/\/belenzotano.com\/bz\/wp-json\/wp\/v2\/product_brand?post=2597"},{"taxonomy":"product_cat","embeddable":true,"href":"https:\/\/belenzotano.com\/bz\/wp-json\/wp\/v2\/product_cat?post=2597"},{"taxonomy":"product_tag","embeddable":true,"href":"https:\/\/belenzotano.com\/bz\/wp-json\/wp\/v2\/product_tag?post=2597"}],"curies":[{"name":"wp","href":"https:\/\/api.w.org\/{rel}","templated":true}]}}