{"id":2592,"date":"2018-01-18T18:38:19","date_gmt":"2018-01-18T17:38:19","guid":{"rendered":"http:\/\/belenzotano.com\/bz\/?post_type=product&#038;p=2592"},"modified":"2024-02-20T20:54:52","modified_gmt":"2024-02-20T19:54:52","slug":"belen-zotano-bikini-nina-coleccion-azul","status":"publish","type":"product","link":"https:\/\/belenzotano.com\/bz\/producto\/belen-zotano-bikini-nina-coleccion-azul\/","title":{"rendered":"Bikini Ni\u00f1a Azul"},"content":{"rendered":"<p>Bikini\u00a0ni\u00f1a\u00a0con forro delantero, de la Colecci\u00f3n Azul.<\/p>\n<p>Bikini ni\u00f1a estampado combinado con Rosa Fucsia, parte de arriba Rosa Fucsia con Lazo estampado, parte delantera de la braga estampada y trasera en Rosa Fucsia.<\/p>\n<p>Esta colecci\u00f3n la tenemos para toda la Familia, Hombre, Mujer, Ni\u00f1o y Ni\u00f1a.<\/p>\n<p>Todos nuestros ba\u00f1adores est\u00e1n confeccionados artesanalmente en Espa\u00f1a.<\/p>\n<p>Cuidamos hasta el m\u00e1s m\u00ednimo detalle, haciendo de su Calidad y Dise\u00f1o sean \u00fanicos en el mercado.<\/p>\n<p>Las tallas se corresponden con las edades.<\/p>\n<p>Si quieres que te asesoremos con tallas, o cualquier otra consulta, escr\u00edbenos y te ayudaremos.<\/p>\n<p>&nbsp;<\/p>\n<p>COMPOSICI\u00d3N:<\/p>\n<p>90% Poliamida 10% Elast\u00e1n.<\/p>\n","protected":false},"excerpt":{"rendered":"<p>Bikini\u00a0ni\u00f1a Colecci\u00f3n Azul.<\/p>\n","protected":false},"featured_media":2578,"comment_status":"open","ping_status":"closed","template":"","meta":{"_joinchat":[]},"product_brand":[],"product_cat":[26,44,45,290,294],"product_tag":[253,250,251,249,248,111],"class_list":{"0":"post-2592","1":"product","2":"type-product","3":"status-publish","4":"has-post-thumbnail","6":"product_cat-tienda-bano","7":"product_cat-bikinis-para-ninas-belen-zotano","8":"product_cat-outlet-banadores-belen-zotano","9":"product_cat-coleccion-azul","10":"product_cat-bikinis-banadores-ninas","11":"product_tag-banadores-para-toda-la-familia","12":"product_tag-bikinis-alta-calidad","13":"product_tag-bikinis-malaga","14":"product_tag-bikinis-ninas","15":"product_tag-bikinis-originales","16":"product_tag-zotano","17":"pa_coleccion-azul","18":"pa_tallas-banadores-453","19":"pa_tallas-banadores-454","20":"pa_tallas-banadores-455","21":"pa_tallas-banadores-451","22":"pa_tallas-banadores-452","24":"first","25":"instock","26":"sale","27":"taxable","28":"shipping-taxable","29":"purchasable","30":"product-type-variable"},"_links":{"self":[{"href":"https:\/\/belenzotano.com\/bz\/wp-json\/wp\/v2\/product\/2592","targetHints":{"allow":["GET"]}}],"collection":[{"href":"https:\/\/belenzotano.com\/bz\/wp-json\/wp\/v2\/product"}],"about":[{"href":"https:\/\/belenzotano.com\/bz\/wp-json\/wp\/v2\/types\/product"}],"replies":[{"embeddable":true,"href":"https:\/\/belenzotano.com\/bz\/wp-json\/wp\/v2\/comments?post=2592"}],"wp:featuredmedia":[{"embeddable":true,"href":"https:\/\/belenzotano.com\/bz\/wp-json\/wp\/v2\/media\/2578"}],"wp:attachment":[{"href":"https:\/\/belenzotano.com\/bz\/wp-json\/wp\/v2\/media?parent=2592"}],"wp:term":[{"taxonomy":"product_brand","embeddable":true,"href":"https:\/\/belenzotano.com\/bz\/wp-json\/wp\/v2\/product_brand?post=2592"},{"taxonomy":"product_cat","embeddable":true,"href":"https:\/\/belenzotano.com\/bz\/wp-json\/wp\/v2\/product_cat?post=2592"},{"taxonomy":"product_tag","embeddable":true,"href":"https:\/\/belenzotano.com\/bz\/wp-json\/wp\/v2\/product_tag?post=2592"}],"curies":[{"name":"wp","href":"https:\/\/api.w.org\/{rel}","templated":true}]}}