{"id":2479,"date":"2018-01-16T17:51:21","date_gmt":"2018-01-16T16:51:21","guid":{"rendered":"http:\/\/belenzotano.com\/bz\/?post_type=product&#038;p=2479"},"modified":"2026-04-06T11:36:23","modified_gmt":"2026-04-06T09:36:23","slug":"belen-zotano-mujer-bikini-original-alta-calidad-exclusivo","status":"publish","type":"product","link":"https:\/\/belenzotano.com\/bz\/producto\/belen-zotano-mujer-bikini-original-alta-calidad-exclusivo\/","title":{"rendered":"Triangulo Mujer Cachemier"},"content":{"rendered":"<p>Triangulo\u00a0Mujer\u00a0estampado\u00a0de la Colecci\u00f3n Cachemier.<\/p>\n<p>Triangulo\u00a0Mujer con tiras de colores, Amarillo, Azul Agua y Rosa Fluor, lleva forro y relleno extra\u00edble.<\/p>\n<p>Esta colecci\u00f3n la tenemos para toda la Familia, Hombre, Mujer, Ni\u00f1o y Ni\u00f1a.<\/p>\n<p>Todos nuestros ba\u00f1adores est\u00e1n confeccionados artesanalmente en Espa\u00f1a.<\/p>\n<p>Cuidamos hasta el m\u00e1s m\u00ednimo detalle, haciendo de su Calidad y Dise\u00f1o sean \u00fanicos en el mercado.<\/p>\n<p>Los Bikinis de Mujer se venden la parte de arriba y la de abajo por separado, para que puedas hacerte el conjunto a tu gusto.<\/p>\n<p>Si quieres que te asesoremos con tallas, o cualquier otra consulta, escr\u00edbenos y te ayudaremos.<\/p>\n<p>&nbsp;<\/p>\n<p>COMPOSICI\u00d3N:<\/p>\n<p>90% Poliamida 10% Elast\u00e1n.<\/p>\n","protected":false},"excerpt":{"rendered":"<p>Triangulo Mujer Colecci\u00f3n Cachemier.<\/p>\n","protected":false},"featured_media":2430,"comment_status":"open","ping_status":"closed","template":"","meta":{"_joinchat":[]},"product_brand":[],"product_cat":[26,79,45,289,291],"product_tag":[257,253,110,250,251,274,248,282,280],"class_list":{"0":"post-2479","1":"product","2":"type-product","3":"status-publish","4":"has-post-thumbnail","6":"product_cat-tienda-bano","7":"product_cat-bikinis-mujer-banadores","8":"product_cat-outlet-banadores-belen-zotano","9":"product_cat-coleccion-cachemier","10":"product_cat-banadores-mujer-bikinis-chica","11":"product_tag-banadores-malaga","12":"product_tag-banadores-para-toda-la-familia","13":"product_tag-belen","14":"product_tag-bikinis-alta-calidad","15":"product_tag-bikinis-malaga","16":"product_tag-bikinis-mujer","17":"product_tag-bikinis-originales","18":"product_tag-braga-mujer","19":"product_tag-bragas-originales","20":"pa_coleccion-cachemier","21":"pa_tallas-banadores-l","22":"pa_tallas-banadores-xl","23":"pa_tallas-banadores-xs","24":"pa_tallas-banadores-xxl","26":"first","27":"instock","28":"sale","29":"taxable","30":"shipping-taxable","31":"purchasable","32":"product-type-variable"},"_links":{"self":[{"href":"https:\/\/belenzotano.com\/bz\/wp-json\/wp\/v2\/product\/2479","targetHints":{"allow":["GET"]}}],"collection":[{"href":"https:\/\/belenzotano.com\/bz\/wp-json\/wp\/v2\/product"}],"about":[{"href":"https:\/\/belenzotano.com\/bz\/wp-json\/wp\/v2\/types\/product"}],"replies":[{"embeddable":true,"href":"https:\/\/belenzotano.com\/bz\/wp-json\/wp\/v2\/comments?post=2479"}],"wp:featuredmedia":[{"embeddable":true,"href":"https:\/\/belenzotano.com\/bz\/wp-json\/wp\/v2\/media\/2430"}],"wp:attachment":[{"href":"https:\/\/belenzotano.com\/bz\/wp-json\/wp\/v2\/media?parent=2479"}],"wp:term":[{"taxonomy":"product_brand","embeddable":true,"href":"https:\/\/belenzotano.com\/bz\/wp-json\/wp\/v2\/product_brand?post=2479"},{"taxonomy":"product_cat","embeddable":true,"href":"https:\/\/belenzotano.com\/bz\/wp-json\/wp\/v2\/product_cat?post=2479"},{"taxonomy":"product_tag","embeddable":true,"href":"https:\/\/belenzotano.com\/bz\/wp-json\/wp\/v2\/product_tag?post=2479"}],"curies":[{"name":"wp","href":"https:\/\/api.w.org\/{rel}","templated":true}]}}