{"id":2385,"date":"2018-01-15T19:40:08","date_gmt":"2018-01-15T18:40:08","guid":{"rendered":"http:\/\/belenzotano.com\/bz\/?post_type=product&#038;p=2385"},"modified":"2025-05-26T17:08:11","modified_gmt":"2025-05-26T15:08:11","slug":"belen-zotano-banador-hombre-coleccion-liberty","status":"publish","type":"product","link":"https:\/\/belenzotano.com\/bz\/producto\/belen-zotano-banador-hombre-coleccion-liberty\/","title":{"rendered":"Ba\u00f1ador Hombre Liberty"},"content":{"rendered":"<p>Ba\u00f1ador Hombre\u00a0Colecci\u00f3n Liberty.<\/p>\n<p>Ba\u00f1ador Hombre con bolsillos laterales y secado r\u00e1pido.<\/p>\n<p>Esta colecci\u00f3n la tenemos para toda la familia.<\/p>\n<p>Todos nuestros ba\u00f1adores est\u00e1n confeccionados artesanalmente en Espa\u00f1a.<\/p>\n<p>Cuidamos hasta el m\u00e1s m\u00ednimo detalle, haciendo de su Calidad y Dise\u00f1o sean \u00fanicos en el mercado.<\/p>\n<p>Si quieres que te asesoremos con tallas, o cualquier otra consulta, escr\u00edbenos y te ayudaremos.<\/p>\n<p>Este ba\u00f1ador viene un poco peque\u00f1o por lo que aconsejamos coj\u00e1is una talla m\u00e1s de la habitual.<\/p>\n<p>&nbsp;<\/p>\n<p>COMPOSICI\u00d3N:<\/p>\n<p>100% Poliester.<\/p>\n","protected":false},"excerpt":{"rendered":"<p>Ba\u00f1ador\u00a0Hombre Colecci\u00f3n Liberty.<\/p>\n<p><a href=\"https:\/\/belenzotano.com\/bz\/guia-de-tallas-outlet\/\"><img loading=\"lazy\" decoding=\"async\" class=\"alignnone wp-image-770\" src=\"https:\/\/belenzotano.com\/bz\/wp-content\/uploads\/2019\/01\/boton-tallas.png\" alt=\"\" width=\"204\" height=\"57\" \/><\/a><\/p>\n","protected":false},"featured_media":2294,"comment_status":"open","ping_status":"closed","template":"","meta":{"_joinchat":[]},"product_brand":[],"product_cat":[26,41,45,288,292],"product_tag":[269,270,252,271,257,253],"class_list":{"0":"post-2385","1":"product","2":"type-product","3":"status-publish","4":"has-post-thumbnail","6":"product_cat-tienda-bano","7":"product_cat-banadores-hombre-belen-zotano","8":"product_cat-outlet-banadores-belen-zotano","9":"product_cat-coleccion-liberty","10":"product_cat-banadores-hombre-chico","11":"product_tag-banador-hombre","12":"product_tag-banador-secado-rapido","13":"product_tag-banadores","14":"product_tag-banadores-alta-calidad","15":"product_tag-banadores-malaga","16":"product_tag-banadores-para-toda-la-familia","17":"pa_coleccion-liberty","18":"pa_tallas-banadores-xs","20":"first","21":"instock","22":"sale","23":"taxable","24":"shipping-taxable","25":"purchasable","26":"product-type-variable"},"_links":{"self":[{"href":"https:\/\/belenzotano.com\/bz\/wp-json\/wp\/v2\/product\/2385","targetHints":{"allow":["GET"]}}],"collection":[{"href":"https:\/\/belenzotano.com\/bz\/wp-json\/wp\/v2\/product"}],"about":[{"href":"https:\/\/belenzotano.com\/bz\/wp-json\/wp\/v2\/types\/product"}],"replies":[{"embeddable":true,"href":"https:\/\/belenzotano.com\/bz\/wp-json\/wp\/v2\/comments?post=2385"}],"wp:featuredmedia":[{"embeddable":true,"href":"https:\/\/belenzotano.com\/bz\/wp-json\/wp\/v2\/media\/2294"}],"wp:attachment":[{"href":"https:\/\/belenzotano.com\/bz\/wp-json\/wp\/v2\/media?parent=2385"}],"wp:term":[{"taxonomy":"product_brand","embeddable":true,"href":"https:\/\/belenzotano.com\/bz\/wp-json\/wp\/v2\/product_brand?post=2385"},{"taxonomy":"product_cat","embeddable":true,"href":"https:\/\/belenzotano.com\/bz\/wp-json\/wp\/v2\/product_cat?post=2385"},{"taxonomy":"product_tag","embeddable":true,"href":"https:\/\/belenzotano.com\/bz\/wp-json\/wp\/v2\/product_tag?post=2385"}],"curies":[{"name":"wp","href":"https:\/\/api.w.org\/{rel}","templated":true}]}}