{"id":2349,"date":"2018-01-15T18:31:55","date_gmt":"2018-01-15T17:31:55","guid":{"rendered":"http:\/\/belenzotano.com\/bz\/?post_type=product&#038;p=2349"},"modified":"2025-05-07T09:27:12","modified_gmt":"2025-05-07T07:27:12","slug":"belen-zotano-bikinis-nina-coleccion-liberty","status":"publish","type":"product","link":"https:\/\/belenzotano.com\/bz\/producto\/belen-zotano-bikinis-nina-coleccion-liberty\/","title":{"rendered":"Bikini Ni\u00f1a Liberty"},"content":{"rendered":"<p>Bikini\u00a0ni\u00f1a\u00a0con forro delantero, de la Colecci\u00f3n Liberty.<\/p>\n<p>Original Bikini ni\u00f1a con volantes, estampado\u00a0Liberty combinado con Rosa Chicle.<\/p>\n<p>La espalda se puede poner cruzada o normal.<\/p>\n<p>Esta colecci\u00f3n la tenemos para toda la familia.<\/p>\n<p>Todos nuestros ba\u00f1adores est\u00e1n confeccionados artesanalmente en Espa\u00f1a.<\/p>\n<p>Cuidamos hasta el m\u00e1s m\u00ednimo detalle, haciendo de su Calidad y Dise\u00f1o sean \u00fanicos en el mercado.<\/p>\n<p>Las tallas se corresponden con las edades.<\/p>\n<p>Si quieres que te asesoremos con tallas, o cualquier otra consulta, escr\u00edbenos y te ayudaremos.<\/p>\n<p>&nbsp;<\/p>\n<p>COMPOSICI\u00d3N:<\/p>\n<p>90% Poliamida 10% Elast\u00e1n.<\/p>\n","protected":false},"excerpt":{"rendered":"<p>Bikini\u00a0ni\u00f1a Colecci\u00f3n Liberty.<\/p>\n","protected":false},"featured_media":2326,"comment_status":"open","ping_status":"closed","template":"","meta":{"_joinchat":[]},"product_brand":[],"product_cat":[26,44,45,288,294],"product_tag":[254,255,253,110,250,251,249,248,111],"class_list":{"0":"post-2349","1":"product","2":"type-product","3":"status-publish","4":"has-post-thumbnail","6":"product_cat-tienda-bano","7":"product_cat-bikinis-para-ninas-belen-zotano","8":"product_cat-outlet-banadores-belen-zotano","9":"product_cat-coleccion-liberty","10":"product_cat-bikinis-banadores-ninas","11":"product_tag-banadores-iguales","12":"product_tag-banadores-nino-nina","13":"product_tag-banadores-para-toda-la-familia","14":"product_tag-belen","15":"product_tag-bikinis-alta-calidad","16":"product_tag-bikinis-malaga","17":"product_tag-bikinis-ninas","18":"product_tag-bikinis-originales","19":"product_tag-zotano","20":"pa_coleccion-liberty","21":"pa_tallas-banadores-455","23":"first","24":"instock","25":"sale","26":"taxable","27":"shipping-taxable","28":"purchasable","29":"product-type-variable"},"_links":{"self":[{"href":"https:\/\/belenzotano.com\/bz\/wp-json\/wp\/v2\/product\/2349","targetHints":{"allow":["GET"]}}],"collection":[{"href":"https:\/\/belenzotano.com\/bz\/wp-json\/wp\/v2\/product"}],"about":[{"href":"https:\/\/belenzotano.com\/bz\/wp-json\/wp\/v2\/types\/product"}],"replies":[{"embeddable":true,"href":"https:\/\/belenzotano.com\/bz\/wp-json\/wp\/v2\/comments?post=2349"}],"wp:featuredmedia":[{"embeddable":true,"href":"https:\/\/belenzotano.com\/bz\/wp-json\/wp\/v2\/media\/2326"}],"wp:attachment":[{"href":"https:\/\/belenzotano.com\/bz\/wp-json\/wp\/v2\/media?parent=2349"}],"wp:term":[{"taxonomy":"product_brand","embeddable":true,"href":"https:\/\/belenzotano.com\/bz\/wp-json\/wp\/v2\/product_brand?post=2349"},{"taxonomy":"product_cat","embeddable":true,"href":"https:\/\/belenzotano.com\/bz\/wp-json\/wp\/v2\/product_cat?post=2349"},{"taxonomy":"product_tag","embeddable":true,"href":"https:\/\/belenzotano.com\/bz\/wp-json\/wp\/v2\/product_tag?post=2349"}],"curies":[{"name":"wp","href":"https:\/\/api.w.org\/{rel}","templated":true}]}}