{"id":2275,"date":"2018-01-11T19:00:15","date_gmt":"2018-01-11T18:00:15","guid":{"rendered":"http:\/\/belenzotano.com\/bz\/?post_type=product&#038;p=2275"},"modified":"2024-02-19T20:48:25","modified_gmt":"2024-02-19T19:48:25","slug":"banador-palabra-de-honor","status":"publish","type":"product","link":"https:\/\/belenzotano.com\/bz\/producto\/banador-palabra-de-honor\/","title":{"rendered":"Ba\u00f1ador Palabra de Honor Rosa"},"content":{"rendered":"<p>Ba\u00f1ador palabra de honor,\u00a0combinado Rosa Empolvado-Negro\u00a0con forro y relleno.<\/p>\n<p>Este Ba\u00f1ador con encaje\u00a0Negro, es una prenda muy favorecedora, \u00a0ya\u00a0que\u00a0no s\u00f3lo vale\u00a0como traje de ba\u00f1o, sino es ideal con cualquier outfil.<\/p>\n<p>Este dise\u00f1o estiliza mucho el cuerpo femenino, su combinaci\u00f3n negra hace que esta prenda sea imprescindible en tu armario.<\/p>\n<p>Todos nuestros ba\u00f1adores est\u00e1n confeccionados artesanalmente en Espa\u00f1a.<\/p>\n<p>Cuidamos hasta el m\u00e1s m\u00ednimo detalle, haciendo de su Calidad y Dise\u00f1o sean \u00fanicos en el mercado.<\/p>\n<p>Si quieres que te asesoremos con tallas, o cualquier otra consulta, escr\u00edbenos y te ayudaremos.<\/p>\n<p>&nbsp;<\/p>\n<p>COMPOSICI\u00d3N:<\/p>\n<p>90% Poliamida 10% Elast\u00e1n.<\/p>\n","protected":false},"excerpt":{"rendered":"<p>Ba\u00f1ador combinado palabra de honor con encaje.<\/p>\n","protected":false},"featured_media":2139,"comment_status":"open","ping_status":"closed","template":"","meta":{"_joinchat":[]},"product_brand":[],"product_cat":[26,79,287],"product_tag":[283,252,257,253,110],"class_list":{"0":"post-2275","1":"product","2":"type-product","3":"status-publish","4":"has-post-thumbnail","6":"product_cat-tienda-bano","7":"product_cat-bikinis-mujer-banadores","8":"product_cat-bikinis-flores","9":"product_tag-banador-mujer","10":"product_tag-banadores","11":"product_tag-banadores-malaga","12":"product_tag-banadores-para-toda-la-familia","13":"product_tag-belen","14":"pa_tallas-adultos-s","15":"pa_tallas-adultos-m","16":"pa_tallas-adultos-l","17":"pa_tallas-adultos-xl","18":"pa_tallas-adultos-xs","19":"pa_tallas-adultos-xxl","21":"first","22":"instock","23":"sale","24":"taxable","25":"shipping-taxable","26":"purchasable","27":"product-type-variable"},"_links":{"self":[{"href":"https:\/\/belenzotano.com\/bz\/wp-json\/wp\/v2\/product\/2275","targetHints":{"allow":["GET"]}}],"collection":[{"href":"https:\/\/belenzotano.com\/bz\/wp-json\/wp\/v2\/product"}],"about":[{"href":"https:\/\/belenzotano.com\/bz\/wp-json\/wp\/v2\/types\/product"}],"replies":[{"embeddable":true,"href":"https:\/\/belenzotano.com\/bz\/wp-json\/wp\/v2\/comments?post=2275"}],"wp:featuredmedia":[{"embeddable":true,"href":"https:\/\/belenzotano.com\/bz\/wp-json\/wp\/v2\/media\/2139"}],"wp:attachment":[{"href":"https:\/\/belenzotano.com\/bz\/wp-json\/wp\/v2\/media?parent=2275"}],"wp:term":[{"taxonomy":"product_brand","embeddable":true,"href":"https:\/\/belenzotano.com\/bz\/wp-json\/wp\/v2\/product_brand?post=2275"},{"taxonomy":"product_cat","embeddable":true,"href":"https:\/\/belenzotano.com\/bz\/wp-json\/wp\/v2\/product_cat?post=2275"},{"taxonomy":"product_tag","embeddable":true,"href":"https:\/\/belenzotano.com\/bz\/wp-json\/wp\/v2\/product_tag?post=2275"}],"curies":[{"name":"wp","href":"https:\/\/api.w.org\/{rel}","templated":true}]}}