{"id":2262,"date":"2018-01-11T18:18:49","date_gmt":"2018-01-11T17:18:49","guid":{"rendered":"http:\/\/belenzotano.com\/bz\/?post_type=product&#038;p=2262"},"modified":"2026-02-17T11:46:34","modified_gmt":"2026-02-17T10:46:34","slug":"belen-zotano-banador-mujer-coleccion-flores","status":"publish","type":"product","link":"https:\/\/belenzotano.com\/bz\/producto\/belen-zotano-banador-mujer-coleccion-flores\/","title":{"rendered":"Ba\u00f1ador Palabra de Honor Negro"},"content":{"rendered":"<p>Ba\u00f1ador Negro con forro\u00a0palabra de Honor.<\/p>\n<p>Este Ba\u00f1ador con encaje\u00a0Negro\u00a0y relleno es una de nuestras prendas estrellas, ya que fue un dise\u00f1o de\u00a0la primera colecci\u00f3n, el \u00e9xito fue tan grande, que hemos querido mejorarlo y volverlo a tener de nuevo.<\/p>\n<p>Tiene relleno extraible.<\/p>\n<p>Es una prenda tan favorecedora, que\u00a0no s\u00f3lo vale\u00a0como traje de ba\u00f1o, sino es ideal con cualquier outfil.<\/p>\n<p>Todos nuestros ba\u00f1adores est\u00e1n confeccionados artesanalmente en Espa\u00f1a.<\/p>\n<p>Cuidamos hasta el m\u00e1s m\u00ednimo detalle, haciendo de su Calidad y Dise\u00f1o sean \u00fanicos en el mercado.<\/p>\n<p>Si quieres que te asesoremos con tallas, o cualquier otra consulta, escr\u00edbenos y te ayudaremos.<\/p>\n<p>&nbsp;<\/p>\n<p>COMPOSICI\u00d3N:<\/p>\n<p>90% Poliamida 10% Elast\u00e1n.<\/p>\n","protected":false},"excerpt":{"rendered":"<p>Ba\u00f1ador palabra de honor con encaje Negro.<\/p>\n","protected":false},"featured_media":6197,"comment_status":"open","ping_status":"closed","template":"","meta":{"_joinchat":[]},"product_brand":[],"product_cat":[26,79,287],"product_tag":[283,252,257,253,110],"class_list":{"0":"post-2262","1":"product","2":"type-product","3":"status-publish","4":"has-post-thumbnail","6":"product_cat-tienda-bano","7":"product_cat-bikinis-mujer-banadores","8":"product_cat-bikinis-flores","9":"product_tag-banador-mujer","10":"product_tag-banadores","11":"product_tag-banadores-malaga","12":"product_tag-banadores-para-toda-la-familia","13":"product_tag-belen","14":"pa_tallas-adultos-m","15":"pa_tallas-adultos-xs","16":"pa_tallas-adultos-xxl","18":"first","19":"instock","20":"sale","21":"taxable","22":"shipping-taxable","23":"purchasable","24":"product-type-variable"},"_links":{"self":[{"href":"https:\/\/belenzotano.com\/bz\/wp-json\/wp\/v2\/product\/2262","targetHints":{"allow":["GET"]}}],"collection":[{"href":"https:\/\/belenzotano.com\/bz\/wp-json\/wp\/v2\/product"}],"about":[{"href":"https:\/\/belenzotano.com\/bz\/wp-json\/wp\/v2\/types\/product"}],"replies":[{"embeddable":true,"href":"https:\/\/belenzotano.com\/bz\/wp-json\/wp\/v2\/comments?post=2262"}],"wp:featuredmedia":[{"embeddable":true,"href":"https:\/\/belenzotano.com\/bz\/wp-json\/wp\/v2\/media\/6197"}],"wp:attachment":[{"href":"https:\/\/belenzotano.com\/bz\/wp-json\/wp\/v2\/media?parent=2262"}],"wp:term":[{"taxonomy":"product_brand","embeddable":true,"href":"https:\/\/belenzotano.com\/bz\/wp-json\/wp\/v2\/product_brand?post=2262"},{"taxonomy":"product_cat","embeddable":true,"href":"https:\/\/belenzotano.com\/bz\/wp-json\/wp\/v2\/product_cat?post=2262"},{"taxonomy":"product_tag","embeddable":true,"href":"https:\/\/belenzotano.com\/bz\/wp-json\/wp\/v2\/product_tag?post=2262"}],"curies":[{"name":"wp","href":"https:\/\/api.w.org\/{rel}","templated":true}]}}