{"id":2134,"date":"2018-01-11T11:02:57","date_gmt":"2018-01-11T10:02:57","guid":{"rendered":"http:\/\/belenzotano.com\/bz\/?post_type=product&#038;p=2134"},"modified":"2024-02-20T20:59:53","modified_gmt":"2024-02-20T19:59:53","slug":"belen-zotano-culetin-nina-coleccion-flores","status":"publish","type":"product","link":"https:\/\/belenzotano.com\/bz\/producto\/belen-zotano-culetin-nina-coleccion-flores\/","title":{"rendered":"Culet\u00edn Ni\u00f1a Flores"},"content":{"rendered":"<p style=\"text-align: left;\">Culet\u00edn ni\u00f1a con forro,\u00a0de la Colecci\u00f3n Flores.<\/p>\n<p>Precioso Culet\u00edn con lazos a los lados, delantero estampado flores y lazos y traseros en Rosa Palo.<\/p>\n<p>Esta colecci\u00f3n la tenemos para toda la familia.<\/p>\n<p style=\"text-align: left;\">Todos nuestros ba\u00f1adores est\u00e1n confeccionados artesanalmente en Espa\u00f1a.<\/p>\n<p>Cuidamos hasta el m\u00e1s m\u00ednimo detalle, haciendo de su Calidad y Dise\u00f1o sean \u00fanicos en el mercado.<\/p>\n<p>Las tallas se corresponden con las edades.<\/p>\n<p>Si quieres que te asesoremos con tallas, o cualquier otra consulta, escr\u00edbenos y te ayudaremos.<\/p>\n<p>&nbsp;<\/p>\n<p>COMPOSICI\u00d3N:<\/p>\n<p>90% Poliamida 10% Elast\u00e1n.<\/p>\n","protected":false},"excerpt":{"rendered":"<p>Culet\u00edn ni\u00f1a Colecci\u00f3n Flores.<\/p>\n","protected":false},"featured_media":2210,"comment_status":"open","ping_status":"closed","template":"","meta":{"_joinchat":[]},"product_brand":[],"product_cat":[26,44,45,287,294],"product_tag":[254,255,253,110,250,251,249,248,246,247,111],"class_list":{"0":"post-2134","1":"product","2":"type-product","3":"status-publish","4":"has-post-thumbnail","6":"product_cat-tienda-bano","7":"product_cat-bikinis-para-ninas-belen-zotano","8":"product_cat-outlet-banadores-belen-zotano","9":"product_cat-bikinis-flores","10":"product_cat-bikinis-banadores-ninas","11":"product_tag-banadores-iguales","12":"product_tag-banadores-nino-nina","13":"product_tag-banadores-para-toda-la-familia","14":"product_tag-belen","15":"product_tag-bikinis-alta-calidad","16":"product_tag-bikinis-malaga","17":"product_tag-bikinis-ninas","18":"product_tag-bikinis-originales","19":"product_tag-culetin","20":"product_tag-culetin-nina","21":"product_tag-zotano","22":"pa_tallas-banadores-448","23":"pa_tallas-banadores-449","24":"pa_tallas-banadores-450","25":"pa_tallas-banadores-451","26":"pa_tallas-banadores-452","28":"first","29":"instock","30":"sale","31":"taxable","32":"shipping-taxable","33":"purchasable","34":"product-type-variable"},"_links":{"self":[{"href":"https:\/\/belenzotano.com\/bz\/wp-json\/wp\/v2\/product\/2134","targetHints":{"allow":["GET"]}}],"collection":[{"href":"https:\/\/belenzotano.com\/bz\/wp-json\/wp\/v2\/product"}],"about":[{"href":"https:\/\/belenzotano.com\/bz\/wp-json\/wp\/v2\/types\/product"}],"replies":[{"embeddable":true,"href":"https:\/\/belenzotano.com\/bz\/wp-json\/wp\/v2\/comments?post=2134"}],"wp:featuredmedia":[{"embeddable":true,"href":"https:\/\/belenzotano.com\/bz\/wp-json\/wp\/v2\/media\/2210"}],"wp:attachment":[{"href":"https:\/\/belenzotano.com\/bz\/wp-json\/wp\/v2\/media?parent=2134"}],"wp:term":[{"taxonomy":"product_brand","embeddable":true,"href":"https:\/\/belenzotano.com\/bz\/wp-json\/wp\/v2\/product_brand?post=2134"},{"taxonomy":"product_cat","embeddable":true,"href":"https:\/\/belenzotano.com\/bz\/wp-json\/wp\/v2\/product_cat?post=2134"},{"taxonomy":"product_tag","embeddable":true,"href":"https:\/\/belenzotano.com\/bz\/wp-json\/wp\/v2\/product_tag?post=2134"}],"curies":[{"name":"wp","href":"https:\/\/api.w.org\/{rel}","templated":true}]}}