{"id":2104,"date":"2018-01-10T19:04:32","date_gmt":"2018-01-10T18:04:32","guid":{"rendered":"http:\/\/belenzotano.com\/bz\/?post_type=product&#038;p=2104"},"modified":"2024-02-19T20:33:29","modified_gmt":"2024-02-19T19:33:29","slug":"bikini-mujer-bandeau-2","status":"publish","type":"product","link":"https:\/\/belenzotano.com\/bz\/producto\/bikini-mujer-bandeau-2\/","title":{"rendered":"Bikini Mujer Bandeau Fluor"},"content":{"rendered":"<p>Bikini Mujer\u00a0Bandeau con forro delantero interior y relleno push up.<\/p>\n<p>Bikini de Mujer completo con Braga lazo colores Fluor Coral-Morado.<\/p>\n<p>Todos nuestros ba\u00f1adores est\u00e1n confeccionados artesanalmente en Espa\u00f1a.<\/p>\n<p>Cuidamos hasta el m\u00e1s m\u00ednimo detalle, haciendo de su Calidad y Dise\u00f1o sean \u00fanicos en el mercado.<\/p>\n<p>Si quieres que te asesoremos con tallas, o cualquier otra consulta, escr\u00edbenos y te ayudaremos.<\/p>\n<p>&nbsp;<\/p>\n<p>&nbsp;<\/p>\n<p>COMPOSICI\u00d3N:<\/p>\n<p>90% Poliamida 10% Elast\u00e1n.<\/p>\n","protected":false},"excerpt":{"rendered":"<p>Bikini Mujer\u00a0Bandeau con relleno Push Up.<\/p>\n","protected":false},"featured_media":2114,"comment_status":"open","ping_status":"closed","template":"","meta":{"_joinchat":[]},"product_brand":[],"product_cat":[26,79,45,291],"product_tag":[257,253,110,277,278,250,251,274,248],"class_list":{"0":"post-2104","1":"product","2":"type-product","3":"status-publish","4":"has-post-thumbnail","6":"product_cat-tienda-bano","7":"product_cat-bikinis-mujer-banadores","8":"product_cat-outlet-banadores-belen-zotano","9":"product_cat-banadores-mujer-bikinis-chica","10":"product_tag-banadores-malaga","11":"product_tag-banadores-para-toda-la-familia","12":"product_tag-belen","13":"product_tag-bikini-mujer-bandeau","14":"product_tag-bikini-mujer-con-relleno-push-up","15":"product_tag-bikinis-alta-calidad","16":"product_tag-bikinis-malaga","17":"product_tag-bikinis-mujer","18":"product_tag-bikinis-originales","19":"pa_tallas-banadores-l","20":"pa_tallas-banadores-m","21":"pa_tallas-banadores-s","22":"pa_tallas-banadores-xl","23":"pa_tallas-banadores-xs","25":"first","26":"instock","27":"sale","28":"taxable","29":"shipping-taxable","30":"purchasable","31":"product-type-variable"},"_links":{"self":[{"href":"https:\/\/belenzotano.com\/bz\/wp-json\/wp\/v2\/product\/2104","targetHints":{"allow":["GET"]}}],"collection":[{"href":"https:\/\/belenzotano.com\/bz\/wp-json\/wp\/v2\/product"}],"about":[{"href":"https:\/\/belenzotano.com\/bz\/wp-json\/wp\/v2\/types\/product"}],"replies":[{"embeddable":true,"href":"https:\/\/belenzotano.com\/bz\/wp-json\/wp\/v2\/comments?post=2104"}],"wp:featuredmedia":[{"embeddable":true,"href":"https:\/\/belenzotano.com\/bz\/wp-json\/wp\/v2\/media\/2114"}],"wp:attachment":[{"href":"https:\/\/belenzotano.com\/bz\/wp-json\/wp\/v2\/media?parent=2104"}],"wp:term":[{"taxonomy":"product_brand","embeddable":true,"href":"https:\/\/belenzotano.com\/bz\/wp-json\/wp\/v2\/product_brand?post=2104"},{"taxonomy":"product_cat","embeddable":true,"href":"https:\/\/belenzotano.com\/bz\/wp-json\/wp\/v2\/product_cat?post=2104"},{"taxonomy":"product_tag","embeddable":true,"href":"https:\/\/belenzotano.com\/bz\/wp-json\/wp\/v2\/product_tag?post=2104"}],"curies":[{"name":"wp","href":"https:\/\/api.w.org\/{rel}","templated":true}]}}