{"id":2093,"date":"2018-01-10T18:38:49","date_gmt":"2018-01-10T17:38:49","guid":{"rendered":"http:\/\/belenzotano.com\/bz\/?post_type=product&#038;p=2093"},"modified":"2024-02-19T21:22:15","modified_gmt":"2024-02-19T20:22:15","slug":"belen-zotano-banadores-coleccion-casitas-2","status":"publish","type":"product","link":"https:\/\/belenzotano.com\/bz\/producto\/belen-zotano-banadores-coleccion-casitas-2\/","title":{"rendered":"Boxer Ni\u00f1o Casitas"},"content":{"rendered":"<p>Boxer\u00a0ni\u00f1o estampado de la Colecci\u00f3n Casitas.<\/p>\n<p>Esta\u00a0Colecci\u00f3n es para Pap\u00e1s y ni\u00f1@s.<\/p>\n<p>Todos nuestros ba\u00f1adores est\u00e1n confeccionados\u00a0artesanalmente en Espa\u00f1a.<\/p>\n<p>Cuidamos hasta el m\u00e1s m\u00ednimo detalle, haciendo de su Calidad y Dise\u00f1o sean \u00fanicos en el mercado.<\/p>\n<p>Las tallas se corresponden con las edades.<\/p>\n<p>Si quieres que te asesoremos con tallas, o cualquier otra consulta, escr\u00edbenos y te ayudaremos.<\/p>\n<p>&nbsp;<\/p>\n<p>COMPOSICI\u00d3N:<\/p>\n<p>90% Poliamida 10% Elast\u00e1n.<\/p>\n","protected":false},"excerpt":{"rendered":"<p>Boxer ni\u00f1o Colecci\u00f3n Casitas.<\/p>\n","protected":false},"featured_media":2067,"comment_status":"open","ping_status":"closed","template":"","meta":{"_joinchat":[]},"product_brand":[],"product_cat":[26,43,45,286,293],"product_tag":[511,252,254,255,253,110,268,267,111],"class_list":{"0":"post-2093","1":"product","2":"type-product","3":"status-publish","4":"has-post-thumbnail","6":"product_cat-tienda-bano","7":"product_cat-banadores-para-ninos-belen-zotano","8":"product_cat-outlet-banadores-belen-zotano","9":"product_cat-coleccion-casitas-bikinis","10":"product_cat-banadores-ninos","11":"product_tag-banador-nino","12":"product_tag-banadores","13":"product_tag-banadores-iguales","14":"product_tag-banadores-nino-nina","15":"product_tag-banadores-para-toda-la-familia","16":"product_tag-belen","17":"product_tag-boxer-bebe","18":"product_tag-boxer-nino","19":"product_tag-zotano","20":"pa_tallas-banadores-448","22":"first","23":"instock","24":"sale","25":"taxable","26":"shipping-taxable","27":"purchasable","28":"product-type-variable"},"_links":{"self":[{"href":"https:\/\/belenzotano.com\/bz\/wp-json\/wp\/v2\/product\/2093","targetHints":{"allow":["GET"]}}],"collection":[{"href":"https:\/\/belenzotano.com\/bz\/wp-json\/wp\/v2\/product"}],"about":[{"href":"https:\/\/belenzotano.com\/bz\/wp-json\/wp\/v2\/types\/product"}],"replies":[{"embeddable":true,"href":"https:\/\/belenzotano.com\/bz\/wp-json\/wp\/v2\/comments?post=2093"}],"wp:featuredmedia":[{"embeddable":true,"href":"https:\/\/belenzotano.com\/bz\/wp-json\/wp\/v2\/media\/2067"}],"wp:attachment":[{"href":"https:\/\/belenzotano.com\/bz\/wp-json\/wp\/v2\/media?parent=2093"}],"wp:term":[{"taxonomy":"product_brand","embeddable":true,"href":"https:\/\/belenzotano.com\/bz\/wp-json\/wp\/v2\/product_brand?post=2093"},{"taxonomy":"product_cat","embeddable":true,"href":"https:\/\/belenzotano.com\/bz\/wp-json\/wp\/v2\/product_cat?post=2093"},{"taxonomy":"product_tag","embeddable":true,"href":"https:\/\/belenzotano.com\/bz\/wp-json\/wp\/v2\/product_tag?post=2093"}],"curies":[{"name":"wp","href":"https:\/\/api.w.org\/{rel}","templated":true}]}}