{"id":2013,"date":"2018-01-09T19:39:10","date_gmt":"2018-01-09T18:39:10","guid":{"rendered":"http:\/\/belenzotano.com\/bz\/?post_type=product&#038;p=2013"},"modified":"2024-02-17T00:07:19","modified_gmt":"2024-02-16T23:07:19","slug":"belen-zotano-banador-loros","status":"publish","type":"product","link":"https:\/\/belenzotano.com\/bz\/producto\/belen-zotano-banador-loros\/","title":{"rendered":"Ba\u00f1ador Ni\u00f1o Loros"},"content":{"rendered":"<p>Ba\u00f1ador\u00a0ni\u00f1o\u00a0Loros, secado r\u00e1pido.<\/p>\n<p>Esta Colecci\u00f3n la ten\u00e9is para toda la Familia.<\/p>\n<p>Todos nuestros ba\u00f1adores est\u00e1n confeccionados\u00a0artesanalmente en Espa\u00f1a.<\/p>\n<p>Cuidamos hasta el m\u00e1s m\u00ednimo detalle, haciendo de su Calidad y Dise\u00f1o sean \u00fanicos en el mercado.<\/p>\n<p>Las tallas se corresponden con las edades.<\/p>\n<p>Si quieres que te asesoremos con tallas, o cualquier otra consulta, escr\u00edbenos y te ayudaremos.<\/p>\n<p>&nbsp;<\/p>\n<p>COMPOSICI\u00d3N:<\/p>\n<p>100% Poliester.<\/p>\n","protected":false},"excerpt":{"rendered":"<p>Ba\u00f1ador\u00a0ni\u00f1o\u00a0Colecci\u00f3n Loros.<\/p>\n<p><a href=\"https:\/\/belenzotano.com\/bz\/guia-de-tallas-outlet\/\"><img loading=\"lazy\" decoding=\"async\" class=\"alignnone wp-image-770\" src=\"https:\/\/belenzotano.com\/bz\/wp-content\/uploads\/2019\/01\/boton-tallas.png\" alt=\"\" width=\"204\" height=\"57\" \/><\/a><\/p>\n","protected":false},"featured_media":1937,"comment_status":"open","ping_status":"closed","template":"","meta":{"_joinchat":[]},"product_brand":[],"product_cat":[26,43,45,48,293],"product_tag":[511,252,257,255,253],"class_list":{"0":"post-2013","1":"product","2":"type-product","3":"status-publish","4":"has-post-thumbnail","6":"product_cat-tienda-bano","7":"product_cat-banadores-para-ninos-belen-zotano","8":"product_cat-outlet-banadores-belen-zotano","9":"product_cat-banadores-loros-belen-zotano","10":"product_cat-banadores-ninos","11":"product_tag-banador-nino","12":"product_tag-banadores","13":"product_tag-banadores-malaga","14":"product_tag-banadores-nino-nina","15":"product_tag-banadores-para-toda-la-familia","16":"pa_coleccion-loros","17":"pa_tallas-banadores-450","19":"first","20":"instock","21":"sale","22":"taxable","23":"shipping-taxable","24":"purchasable","25":"product-type-variable"},"_links":{"self":[{"href":"https:\/\/belenzotano.com\/bz\/wp-json\/wp\/v2\/product\/2013","targetHints":{"allow":["GET"]}}],"collection":[{"href":"https:\/\/belenzotano.com\/bz\/wp-json\/wp\/v2\/product"}],"about":[{"href":"https:\/\/belenzotano.com\/bz\/wp-json\/wp\/v2\/types\/product"}],"replies":[{"embeddable":true,"href":"https:\/\/belenzotano.com\/bz\/wp-json\/wp\/v2\/comments?post=2013"}],"wp:featuredmedia":[{"embeddable":true,"href":"https:\/\/belenzotano.com\/bz\/wp-json\/wp\/v2\/media\/1937"}],"wp:attachment":[{"href":"https:\/\/belenzotano.com\/bz\/wp-json\/wp\/v2\/media?parent=2013"}],"wp:term":[{"taxonomy":"product_brand","embeddable":true,"href":"https:\/\/belenzotano.com\/bz\/wp-json\/wp\/v2\/product_brand?post=2013"},{"taxonomy":"product_cat","embeddable":true,"href":"https:\/\/belenzotano.com\/bz\/wp-json\/wp\/v2\/product_cat?post=2013"},{"taxonomy":"product_tag","embeddable":true,"href":"https:\/\/belenzotano.com\/bz\/wp-json\/wp\/v2\/product_tag?post=2013"}],"curies":[{"name":"wp","href":"https:\/\/api.w.org\/{rel}","templated":true}]}}