{"id":1983,"date":"2018-01-09T18:54:59","date_gmt":"2018-01-09T17:54:59","guid":{"rendered":"http:\/\/belenzotano.com\/bz\/?post_type=product&#038;p=1983"},"modified":"2024-02-19T20:34:08","modified_gmt":"2024-02-19T19:34:08","slug":"banador-mujer-negro-copia","status":"publish","type":"product","link":"https:\/\/belenzotano.com\/bz\/producto\/banador-mujer-negro-copia\/","title":{"rendered":"Ba\u00f1ador Mujer Loros"},"content":{"rendered":"<p>Ba\u00f1ador\u00a0Mujer\u00a0con forro delantero interior, de la Colecci\u00f3n Loros.<\/p>\n<p>Ba\u00f1ador estampado Loros con escote en la espalda, trasera color Negro.<\/p>\n<p>Esta Colecci\u00f3n la pod\u00e9is encontrar para toda la Familia.<\/p>\n<p>Todos nuestros ba\u00f1adores est\u00e1n confeccionados artesanalmente en Espa\u00f1a.<\/p>\n<p>Cuidamos hasta el m\u00e1s m\u00ednimo detalle, haciendo de su Calidad y Dise\u00f1o sean \u00fanicos en el mercado.<\/p>\n<p>Las tallas se corresponden con las edades.<\/p>\n<p>Si quieres que te asesoremos con tallas, o cualquier otra consulta, escr\u00edbenos y te ayudaremos.<\/p>\n<p>&nbsp;<\/p>\n<p>COMPOSICI\u00d3N:<\/p>\n<p>90% Poliamida 10% Elast\u00e1n.<\/p>\n","protected":false},"excerpt":{"rendered":"<p>Ba\u00f1ador\u00a0Mujer Colecci\u00f3n Loros.<\/p>\n","protected":false},"featured_media":1921,"comment_status":"open","ping_status":"closed","template":"","meta":{"_joinchat":[]},"product_brand":[],"product_cat":[26,79,45,291,48],"product_tag":[283,252,257,255,284,253,110],"class_list":{"0":"post-1983","1":"product","2":"type-product","3":"status-publish","4":"has-post-thumbnail","6":"product_cat-tienda-bano","7":"product_cat-bikinis-mujer-banadores","8":"product_cat-outlet-banadores-belen-zotano","9":"product_cat-banadores-mujer-bikinis-chica","10":"product_cat-banadores-loros-belen-zotano","11":"product_tag-banador-mujer","12":"product_tag-banadores","13":"product_tag-banadores-malaga","14":"product_tag-banadores-nino-nina","15":"product_tag-banadores-originales","16":"product_tag-banadores-para-toda-la-familia","17":"product_tag-belen","18":"pa_coleccion-loros","19":"pa_tallas-banadores-l","20":"pa_tallas-banadores-s","21":"pa_tallas-banadores-xs","23":"first","24":"instock","25":"sale","26":"taxable","27":"shipping-taxable","28":"purchasable","29":"product-type-variable"},"_links":{"self":[{"href":"https:\/\/belenzotano.com\/bz\/wp-json\/wp\/v2\/product\/1983","targetHints":{"allow":["GET"]}}],"collection":[{"href":"https:\/\/belenzotano.com\/bz\/wp-json\/wp\/v2\/product"}],"about":[{"href":"https:\/\/belenzotano.com\/bz\/wp-json\/wp\/v2\/types\/product"}],"replies":[{"embeddable":true,"href":"https:\/\/belenzotano.com\/bz\/wp-json\/wp\/v2\/comments?post=1983"}],"wp:featuredmedia":[{"embeddable":true,"href":"https:\/\/belenzotano.com\/bz\/wp-json\/wp\/v2\/media\/1921"}],"wp:attachment":[{"href":"https:\/\/belenzotano.com\/bz\/wp-json\/wp\/v2\/media?parent=1983"}],"wp:term":[{"taxonomy":"product_brand","embeddable":true,"href":"https:\/\/belenzotano.com\/bz\/wp-json\/wp\/v2\/product_brand?post=1983"},{"taxonomy":"product_cat","embeddable":true,"href":"https:\/\/belenzotano.com\/bz\/wp-json\/wp\/v2\/product_cat?post=1983"},{"taxonomy":"product_tag","embeddable":true,"href":"https:\/\/belenzotano.com\/bz\/wp-json\/wp\/v2\/product_tag?post=1983"}],"curies":[{"name":"wp","href":"https:\/\/api.w.org\/{rel}","templated":true}]}}