{"id":1914,"date":"2018-01-09T16:48:32","date_gmt":"2018-01-09T15:48:32","guid":{"rendered":"http:\/\/belenzotano.com\/bz\/?post_type=product&#038;p=1914"},"modified":"2024-02-20T21:04:21","modified_gmt":"2024-02-20T20:04:21","slug":"belen-zotano-culetin-nina-coleccion-loros","status":"publish","type":"product","link":"https:\/\/belenzotano.com\/bz\/producto\/belen-zotano-culetin-nina-coleccion-loros\/","title":{"rendered":"Culet\u00edn Ni\u00f1a Loros"},"content":{"rendered":"<p style=\"text-align: left;\">Culet\u00edn ni\u00f1a con forro,\u00a0de la Colecci\u00f3n Loros.<\/p>\n<p>Delantera de Loros, trasero en color Rosa.<\/p>\n<p>Todos nuestros ba\u00f1adores est\u00e1n confeccionados\u00a0artesanalmente en Espa\u00f1a.<\/p>\n<p>Cuidamos hasta el m\u00e1s m\u00ednimo detalle, haciendo de su Calidad y Dise\u00f1o sean \u00fanicos en el mercado.<\/p>\n<p>Las tallas se corresponden con las edades.<\/p>\n<p>Si quieres que te asesoremos con tallas, o cualquier otra consulta, escr\u00edbenos y te ayudaremos.<\/p>\n<p>&nbsp;<\/p>\n<p>COMPOSICI\u00d3N:<\/p>\n<p>90% Poliamida 10% Elast\u00e1n.<\/p>\n","protected":false},"excerpt":{"rendered":"<p>Culet\u00edn ni\u00f1a Colecci\u00f3n Loros.<\/p>\n","protected":false},"featured_media":1938,"comment_status":"open","ping_status":"closed","template":"","meta":{"_joinchat":[]},"product_brand":[],"product_cat":[26,44,45,48,294],"product_tag":[254,255,253,250,251,249,248,246,247,111],"class_list":{"0":"post-1914","1":"product","2":"type-product","3":"status-publish","4":"has-post-thumbnail","6":"product_cat-tienda-bano","7":"product_cat-bikinis-para-ninas-belen-zotano","8":"product_cat-outlet-banadores-belen-zotano","9":"product_cat-banadores-loros-belen-zotano","10":"product_cat-bikinis-banadores-ninas","11":"product_tag-banadores-iguales","12":"product_tag-banadores-nino-nina","13":"product_tag-banadores-para-toda-la-familia","14":"product_tag-bikinis-alta-calidad","15":"product_tag-bikinis-malaga","16":"product_tag-bikinis-ninas","17":"product_tag-bikinis-originales","18":"product_tag-culetin","19":"product_tag-culetin-nina","20":"product_tag-zotano","21":"pa_coleccion-loros","22":"pa_tallas-banadores-448","23":"pa_tallas-banadores-449","25":"first","26":"instock","27":"sale","28":"taxable","29":"shipping-taxable","30":"purchasable","31":"product-type-variable"},"_links":{"self":[{"href":"https:\/\/belenzotano.com\/bz\/wp-json\/wp\/v2\/product\/1914","targetHints":{"allow":["GET"]}}],"collection":[{"href":"https:\/\/belenzotano.com\/bz\/wp-json\/wp\/v2\/product"}],"about":[{"href":"https:\/\/belenzotano.com\/bz\/wp-json\/wp\/v2\/types\/product"}],"replies":[{"embeddable":true,"href":"https:\/\/belenzotano.com\/bz\/wp-json\/wp\/v2\/comments?post=1914"}],"wp:featuredmedia":[{"embeddable":true,"href":"https:\/\/belenzotano.com\/bz\/wp-json\/wp\/v2\/media\/1938"}],"wp:attachment":[{"href":"https:\/\/belenzotano.com\/bz\/wp-json\/wp\/v2\/media?parent=1914"}],"wp:term":[{"taxonomy":"product_brand","embeddable":true,"href":"https:\/\/belenzotano.com\/bz\/wp-json\/wp\/v2\/product_brand?post=1914"},{"taxonomy":"product_cat","embeddable":true,"href":"https:\/\/belenzotano.com\/bz\/wp-json\/wp\/v2\/product_cat?post=1914"},{"taxonomy":"product_tag","embeddable":true,"href":"https:\/\/belenzotano.com\/bz\/wp-json\/wp\/v2\/product_tag?post=1914"}],"curies":[{"name":"wp","href":"https:\/\/api.w.org\/{rel}","templated":true}]}}