{"id":1860,"date":"2018-01-09T15:13:28","date_gmt":"2018-01-09T14:13:28","guid":{"rendered":"http:\/\/belenzotano.com\/bz\/?post_type=product&#038;p=1860"},"modified":"2024-02-19T20:40:01","modified_gmt":"2024-02-19T19:40:01","slug":"belen-zotano-bikini-triangulo-mujer-rayas","status":"publish","type":"product","link":"https:\/\/belenzotano.com\/bz\/producto\/belen-zotano-bikini-triangulo-mujer-rayas\/","title":{"rendered":"Triangulo Mujer Rayas"},"content":{"rendered":"<p>Triangulo\u00a0con forro delantero interior y relleno extra\u00edble,\u00a0de la Colecci\u00f3n Rayas.<\/p>\n<p>Delantera de Rayas y trasera de color liso fluor.<\/p>\n<p>Todos nuestros ba\u00f1adores est\u00e1n confeccionados\u00a0artesanalmente en Espa\u00f1a.<\/p>\n<p>Cuidamos hasta el m\u00e1s m\u00ednimo detalle, haciendo de su Calidad y Dise\u00f1o sean \u00fanicos en el mercado.<\/p>\n<p>Los Bikinis de Mujer se venden la parte de arriba y la de abajo por separado, para que puedas hacerte el conjunto a tu gusto.<\/p>\n<p>Si quieres que te asesoremos con tallas, o cualquier otra consulta, escr\u00edbenos y te ayudaremos.<\/p>\n<p>&nbsp;<\/p>\n<p>COMPOSICI\u00d3N:<\/p>\n<p>90% Poliamida 10% Elast\u00e1n.<\/p>\n","protected":false},"excerpt":{"rendered":"<p>Bikini Mujer Triangulo\u00a0Colecci\u00f3n Rayas.<\/p>\n","protected":false},"featured_media":1827,"comment_status":"open","ping_status":"closed","template":"","meta":{"_joinchat":[]},"product_brand":[],"product_cat":[26,79,45,291,47],"product_tag":[257,253,110,276,275,250,251,274,248],"class_list":{"0":"post-1860","1":"product","2":"type-product","3":"status-publish","4":"has-post-thumbnail","6":"product_cat-tienda-bano","7":"product_cat-bikinis-mujer-banadores","8":"product_cat-outlet-banadores-belen-zotano","9":"product_cat-banadores-mujer-bikinis-chica","10":"product_cat-bikinis-rayas-belen-zotano","11":"product_tag-banadores-malaga","12":"product_tag-banadores-para-toda-la-familia","13":"product_tag-belen","14":"product_tag-bikini-mujer-triangulo","15":"product_tag-bikini-triangulo","16":"product_tag-bikinis-alta-calidad","17":"product_tag-bikinis-malaga","18":"product_tag-bikinis-mujer","19":"product_tag-bikinis-originales","20":"pa_tallas-banadores-l","22":"first","23":"instock","24":"sale","25":"taxable","26":"shipping-taxable","27":"purchasable","28":"product-type-variable"},"_links":{"self":[{"href":"https:\/\/belenzotano.com\/bz\/wp-json\/wp\/v2\/product\/1860","targetHints":{"allow":["GET"]}}],"collection":[{"href":"https:\/\/belenzotano.com\/bz\/wp-json\/wp\/v2\/product"}],"about":[{"href":"https:\/\/belenzotano.com\/bz\/wp-json\/wp\/v2\/types\/product"}],"replies":[{"embeddable":true,"href":"https:\/\/belenzotano.com\/bz\/wp-json\/wp\/v2\/comments?post=1860"}],"wp:featuredmedia":[{"embeddable":true,"href":"https:\/\/belenzotano.com\/bz\/wp-json\/wp\/v2\/media\/1827"}],"wp:attachment":[{"href":"https:\/\/belenzotano.com\/bz\/wp-json\/wp\/v2\/media?parent=1860"}],"wp:term":[{"taxonomy":"product_brand","embeddable":true,"href":"https:\/\/belenzotano.com\/bz\/wp-json\/wp\/v2\/product_brand?post=1860"},{"taxonomy":"product_cat","embeddable":true,"href":"https:\/\/belenzotano.com\/bz\/wp-json\/wp\/v2\/product_cat?post=1860"},{"taxonomy":"product_tag","embeddable":true,"href":"https:\/\/belenzotano.com\/bz\/wp-json\/wp\/v2\/product_tag?post=1860"}],"curies":[{"name":"wp","href":"https:\/\/api.w.org\/{rel}","templated":true}]}}