{"id":1838,"date":"2017-11-29T19:02:47","date_gmt":"2017-11-29T18:02:47","guid":{"rendered":"http:\/\/belenzotano.com\/bz\/?post_type=product&#038;p=1838"},"modified":"2024-02-20T21:06:49","modified_gmt":"2024-02-20T20:06:49","slug":"bikini-nina-coleccion-rayas-alta-calidad","status":"publish","type":"product","link":"https:\/\/belenzotano.com\/bz\/producto\/bikini-nina-coleccion-rayas-alta-calidad\/","title":{"rendered":"Bikini Ni\u00f1a Rayas"},"content":{"rendered":"<p>Bikini\u00a0ni\u00f1a\u00a0 y Forro delantero, de la Colecci\u00f3n Rayas.<\/p>\n<p>Delantera color Rayas y trasera con adorno en color liso.<\/p>\n<p>Todos nuestros ba\u00f1adores est\u00e1n confeccionados\u00a0artesanalmente en Espa\u00f1a.<\/p>\n<p>Cuidamos hasta el m\u00e1s m\u00ednimo detalle, haciendo de su Calidad y Dise\u00f1o sean \u00fanicos en el mercado.<\/p>\n<p>Las tallas se corresponden con las edades.<\/p>\n<p>Si quieres que te asesoremos con tallas, o cualquier otra consulta, escr\u00edbenos y te ayudaremos.<\/p>\n<p>&nbsp;<\/p>\n<p>COMPOSICI\u00d3N:<\/p>\n<p>90% Poliamida 10% Elast\u00e1n.<\/p>\n","protected":false},"excerpt":{"rendered":"<p>Bikini\u00a0ni\u00f1a Colecci\u00f3n Rayas<\/p>\n","protected":false},"featured_media":1816,"comment_status":"open","ping_status":"closed","template":"","meta":{"_joinchat":[]},"product_brand":[],"product_cat":[26,45,47,294],"product_tag":[254,255,253,110,250,251,249,248,111],"class_list":{"0":"post-1838","1":"product","2":"type-product","3":"status-publish","4":"has-post-thumbnail","6":"product_cat-tienda-bano","7":"product_cat-outlet-banadores-belen-zotano","8":"product_cat-bikinis-rayas-belen-zotano","9":"product_cat-bikinis-banadores-ninas","10":"product_tag-banadores-iguales","11":"product_tag-banadores-nino-nina","12":"product_tag-banadores-para-toda-la-familia","13":"product_tag-belen","14":"product_tag-bikinis-alta-calidad","15":"product_tag-bikinis-malaga","16":"product_tag-bikinis-ninas","17":"product_tag-bikinis-originales","18":"product_tag-zotano","19":"pa_tallas-ninos-262","20":"pa_tallas-ninos-261","21":"pa_tallas-ninos-260","22":"pa_tallas-ninos-259","24":"first","25":"instock","26":"sale","27":"taxable","28":"shipping-taxable","29":"purchasable","30":"product-type-variable"},"_links":{"self":[{"href":"https:\/\/belenzotano.com\/bz\/wp-json\/wp\/v2\/product\/1838","targetHints":{"allow":["GET"]}}],"collection":[{"href":"https:\/\/belenzotano.com\/bz\/wp-json\/wp\/v2\/product"}],"about":[{"href":"https:\/\/belenzotano.com\/bz\/wp-json\/wp\/v2\/types\/product"}],"replies":[{"embeddable":true,"href":"https:\/\/belenzotano.com\/bz\/wp-json\/wp\/v2\/comments?post=1838"}],"wp:featuredmedia":[{"embeddable":true,"href":"https:\/\/belenzotano.com\/bz\/wp-json\/wp\/v2\/media\/1816"}],"wp:attachment":[{"href":"https:\/\/belenzotano.com\/bz\/wp-json\/wp\/v2\/media?parent=1838"}],"wp:term":[{"taxonomy":"product_brand","embeddable":true,"href":"https:\/\/belenzotano.com\/bz\/wp-json\/wp\/v2\/product_brand?post=1838"},{"taxonomy":"product_cat","embeddable":true,"href":"https:\/\/belenzotano.com\/bz\/wp-json\/wp\/v2\/product_cat?post=1838"},{"taxonomy":"product_tag","embeddable":true,"href":"https:\/\/belenzotano.com\/bz\/wp-json\/wp\/v2\/product_tag?post=1838"}],"curies":[{"name":"wp","href":"https:\/\/api.w.org\/{rel}","templated":true}]}}